 {"id":1853,"date":"2024-02-22T10:54:05","date_gmt":"2024-02-22T09:54:05","guid":{"rendered":"https:\/\/www.dogher.com\/alicates\/"},"modified":"2024-04-23T17:59:24","modified_gmt":"2024-04-23T15:59:24","slug":"alicates","status":"publish","type":"page","link":"https:\/\/www.dogher.com\/pt\/alicates\/","title":{"rendered":"Alicates"},"content":{"rendered":"<section class=\"flexslider altura50 under-header\">\r\n\t\t\t\t\t<ul class=\"slides\">\r\n\t\t\t\t\t\t<li class=\"bg-dark bg-dark-30\">\r\n\t\t\t\t\t\t\t<div class=\"slide-background\" data-background=\"https:\/\/www.dogher.com\/assets\/media\/slide-dogher-alicates.jpg\"><\/div>\r\n\t\t\t\t\t\t\t<div class=\"container\">\r\n\t\t\t\t\t\t\t\t<div class=\"row\">\r\n\t\t\t\t\t\t\t\t\t<div class=\"col-md-12 text-end\">\r\n\t\t\t\t\t\t\t\t\t\t<h2 class=\"h1 wow fadeInUp\" data-wow-delay=\"0.2s\"><strong>Alicates<\/strong><\/h2>\r\n\t\t\t\t\t\t\t\t\t\t<h2 class=\"h2 m-b-20 wow fadeInUp\" data-wow-delay=\"0.5s\">Descubra a nossa vasta gama de alicates<\/h2>\r\n\t\t\t\t\t\t\t\t\t\r\n\t\t\t\t\t\t\t\t\t<\/div>\r\n\t\t\t\t\t\t\t\t<\/div>\r\n\t\t\t\t\t\t\t<\/div>\r\n\t\t\t\t\t\t<\/li>\r\n\t\t\t\t\t\t\r\n\t\t\t\t\t\t\r\n\t\t\t\t\t<\/ul>\r\n\t\t\t\t<\/section>\r\n\r\n <section class=\"module\">\r\n                               \r\n\t\t\t\t\t<div class=\"container p-0\">\r\n\t\t\t\t\t\t\r\n\t\t\t\t\t\t<div class=\"row\">\r\n                        \r\n                     <div class=\"col-md-6 producto\">\r\n\t\t\t\t\t\t \r\n\t\t\t\t\t\t <img alt=\"Alicates\" data-src=\"https:\/\/www.dogher.com\/assets\/media\/alicates01.jpg\" class=\" lazyload\">\r\n\t\t\t\t\t\t \r\n\t\t\t\t\t   <h2><span>S\u00e9rie<\/span><br>\r\n\t\t\t\t       Profissional Top Plier<\/h2>\r\n\t\t\t\t\t\t \r\n\t\t\t\t\t\t <p>A nova linha de alicates projetada pela equipe de engenharia da Dogher. Os punhos t\u00eam um desenho ergon\u00f4mico feito de 2 materiais agrad\u00e1veis   ao toque. As linhas externas foram projetadas para causar um efeito antiderrapante. Furos \u00fateis foram colocados em ambas as extremidades do punho para colocar elementos antiqueda.<\/p>\r\n\t\t\t\t\t\t\t\r\n<p>As bocas s\u00e3o forjadas em Cromo Van\u00e1dio e temperadas em \u00f3leo. Posteriormente, foram submetidas ao endurecimento por indu\u00e7\u00e3o as pe\u00e7as submetidas a tens\u00e3o: arestas de corte.<\/p>\r\n\t\t\t\t\t\t\t \r\n<p>O acabamento das bocas vai do tradicional cromado para um novo tratamento mais atraente e com resist\u00eancia superior \u00e0 oxida\u00e7\u00e3o.<\/p>\r\n\t\t\t\t\t\r\n\t <\/div>\r\n\t\t\t\t\t\t  \r\n<div class=\"col-md-6 producto\">\r\n\t\r\n\t <img alt=\"Alicates\" data-src=\"https:\/\/www.dogher.com\/assets\/media\/alicates02.jpg\" class=\" lazyload\">\r\n\t\r\n <h2><span>Alicates<\/span><br>\r\n   Isolados S\u00e9rie VDE 1000V<\/h2>\r\n\t\t\t\t\t\t \r\n\t\t\t\t\t\t <p>Punhos ergon\u00f3micos bi-material em cores caracter\u00edsticas da gama com certifica\u00e7\u00e3o VDE. Feitos com mat\u00e9rias-primas n\u00e3o recicladas que garantem um toque agrad\u00e1vel e uma longa vida \u00fatil.<\/p>\r\n\t\t\t\t\t\t\t \r\n<p>As bocas s\u00e3o forjadas em Cromo Van\u00e1dio e temperadas em \u00f3leo. Posteriormente, todas as arestas s\u00e3o submetidas a uma nova t\u00eampera, proporcionando grande resist\u00eancia ao desgaste e durabilidade superior.<\/p>\r\n\t\t\t\t\t\t\t \r\n<p>Alicates certificados VDE IEC 60900 testados em 10.000V permitindo o seu uso e garantindo a seguran\u00e7a em trabalhos at\u00e9 1.000V.<\/p>\r\n\t\t\t\t\t\t\t\r\n <\/div>\r\n                        \r\n                      \r\n                        \r\n                      <\/div>\r\n\t\t\t\t\t \r\n\t\t\t\t\t \r\n\t\t\t\t\t \r\n\t\t\t\t\t \r\n                        \r\n    <div class=\"row module-gray\">\r\n                        \r\n                     <div class=\"col-md-6 m-auto text-center p-t-20\">\r\n\t\t\t\t\t\r\n\t\t\t\t\t\t  <p><a class=\"btn btn-circle btn-lg btn-brand\" href=\"https:\/\/www.dogher.com\/assets\/media\/DOGHER_2023_Alicates_PT.pdf\">Descubre toda la gama<\/a><\/p>\r\n   \t\t\r\n\t\t\t\t\t<\/div>\r\n\t\t <\/div>\r\n\t\r\n\r\n\r\n\t\t\t\t\t<\/div>\r\n\t\t\t\t<\/section>","protected":false},"excerpt":{"rendered":"<p>Alicates Descubra a nossa vasta gama de alicates S\u00e9rie Profissional Top Plier A nova linha de alicates projetada pela equipe de engenharia da Dogher. Os punhos t\u00eam um desenho ergon\u00f4mico feito de 2 materiais agrad\u00e1veis ao toque. As linhas externas foram projetadas para causar um efeito antiderrapante. Furos \u00fateis foram colocados em ambas as extremidades [&hellip;]<\/p>\n","protected":false},"author":1,"featured_media":0,"parent":0,"menu_order":0,"comment_status":"closed","ping_status":"closed","template":"templates\/page-no-hero.php","meta":{"_acf_changed":false,"footnotes":""},"class_list":["post-1853","page","type-page","status-publish","hentry"],"acf":[],"yoast_head":"<!-- This site is optimized with the Yoast SEO plugin v27.1.1 - https:\/\/yoast.com\/product\/yoast-seo-wordpress\/ -->\n<title>Alicates - Dogher<\/title>\n<meta name=\"robots\" content=\"index, follow, max-snippet:-1, max-image-preview:large, max-video-preview:-1\" \/>\n<link rel=\"canonical\" href=\"https:\/\/www.dogher.com\/alicates\/\" \/>\n<meta property=\"og:locale\" content=\"pt_PT\" \/>\n<meta property=\"og:type\" content=\"article\" \/>\n<meta property=\"og:title\" content=\"Alicates - Dogher\" \/>\n<meta property=\"og:description\" content=\"Alicates Descubra a nossa vasta gama de alicates S\u00e9rie Profissional Top Plier A nova linha de alicates projetada pela equipe de engenharia da Dogher. Os punhos t\u00eam um desenho ergon\u00f4mico feito de 2 materiais agrad\u00e1veis ao toque. As linhas externas foram projetadas para causar um efeito antiderrapante. Furos \u00fateis foram colocados em ambas as extremidades [&hellip;]\" \/>\n<meta property=\"og:url\" content=\"https:\/\/www.dogher.com\/alicates\/\" \/>\n<meta property=\"og:site_name\" content=\"Dogher\" \/>\n<meta property=\"article:modified_time\" content=\"2024-04-23T15:59:24+00:00\" \/>\n<meta property=\"og:image\" content=\"https:\/\/www.dogher.com\/assets\/media\/alicates01.jpg\" \/>\n<meta name=\"twitter:card\" content=\"summary_large_image\" \/>\n<meta name=\"twitter:label1\" content=\"Est. reading time\" \/>\n\t<meta name=\"twitter:data1\" content=\"2 minutes\" \/>\n<script type=\"application\/ld+json\" class=\"yoast-schema-graph\">{\"@context\":\"https:\/\/schema.org\",\"@graph\":[{\"@type\":\"WebPage\",\"@id\":\"https:\/\/www.dogher.com\/alicates\/\",\"url\":\"https:\/\/www.dogher.com\/alicates\/\",\"name\":\"Alicates - Dogher\",\"isPartOf\":{\"@id\":\"https:\/\/www.dogher.com\/#website\"},\"primaryImageOfPage\":{\"@id\":\"https:\/\/www.dogher.com\/alicates\/#primaryimage\"},\"image\":{\"@id\":\"https:\/\/www.dogher.com\/alicates\/#primaryimage\"},\"thumbnailUrl\":\"https:\/\/www.dogher.com\/assets\/media\/alicates01.jpg\",\"datePublished\":\"2024-02-22T09:54:05+00:00\",\"dateModified\":\"2024-04-23T15:59:24+00:00\",\"breadcrumb\":{\"@id\":\"https:\/\/www.dogher.com\/alicates\/#breadcrumb\"},\"inLanguage\":\"pt\",\"potentialAction\":[{\"@type\":\"ReadAction\",\"target\":[\"https:\/\/www.dogher.com\/alicates\/\"]}]},{\"@type\":\"ImageObject\",\"inLanguage\":\"pt\",\"@id\":\"https:\/\/www.dogher.com\/alicates\/#primaryimage\",\"url\":\"https:\/\/www.dogher.com\/assets\/media\/alicates01.jpg\",\"contentUrl\":\"https:\/\/www.dogher.com\/assets\/media\/alicates01.jpg\"},{\"@type\":\"BreadcrumbList\",\"@id\":\"https:\/\/www.dogher.com\/alicates\/#breadcrumb\",\"itemListElement\":[{\"@type\":\"ListItem\",\"position\":1,\"name\":\"Portada\",\"item\":\"https:\/\/www.dogher.com\/\"},{\"@type\":\"ListItem\",\"position\":2,\"name\":\"Alicates\"}]},{\"@type\":\"WebSite\",\"@id\":\"https:\/\/www.dogher.com\/#website\",\"url\":\"https:\/\/www.dogher.com\/\",\"name\":\"Dogher\",\"description\":\"Herramientas de mano\",\"potentialAction\":[{\"@type\":\"SearchAction\",\"target\":{\"@type\":\"EntryPoint\",\"urlTemplate\":\"https:\/\/www.dogher.com\/?s={search_term_string}\"},\"query-input\":{\"@type\":\"PropertyValueSpecification\",\"valueRequired\":true,\"valueName\":\"search_term_string\"}}],\"inLanguage\":\"pt\"}]}<\/script>\n<!-- \/ Yoast SEO plugin. -->","yoast_head_json":{"title":"Alicates - Dogher","robots":{"index":"index","follow":"follow","max-snippet":"max-snippet:-1","max-image-preview":"max-image-preview:large","max-video-preview":"max-video-preview:-1"},"canonical":"https:\/\/www.dogher.com\/alicates\/","og_locale":"pt_PT","og_type":"article","og_title":"Alicates - Dogher","og_description":"Alicates Descubra a nossa vasta gama de alicates S\u00e9rie Profissional Top Plier A nova linha de alicates projetada pela equipe de engenharia da Dogher. Os punhos t\u00eam um desenho ergon\u00f4mico feito de 2 materiais agrad\u00e1veis ao toque. As linhas externas foram projetadas para causar um efeito antiderrapante. Furos \u00fateis foram colocados em ambas as extremidades [&hellip;]","og_url":"https:\/\/www.dogher.com\/alicates\/","og_site_name":"Dogher","article_modified_time":"2024-04-23T15:59:24+00:00","og_image":[{"url":"https:\/\/www.dogher.com\/assets\/media\/alicates01.jpg","type":"","width":"","height":""}],"twitter_card":"summary_large_image","twitter_misc":{"Est. reading time":"2 minutes"},"schema":{"@context":"https:\/\/schema.org","@graph":[{"@type":"WebPage","@id":"https:\/\/www.dogher.com\/alicates\/","url":"https:\/\/www.dogher.com\/alicates\/","name":"Alicates - Dogher","isPartOf":{"@id":"https:\/\/www.dogher.com\/#website"},"primaryImageOfPage":{"@id":"https:\/\/www.dogher.com\/alicates\/#primaryimage"},"image":{"@id":"https:\/\/www.dogher.com\/alicates\/#primaryimage"},"thumbnailUrl":"https:\/\/www.dogher.com\/assets\/media\/alicates01.jpg","datePublished":"2024-02-22T09:54:05+00:00","dateModified":"2024-04-23T15:59:24+00:00","breadcrumb":{"@id":"https:\/\/www.dogher.com\/alicates\/#breadcrumb"},"inLanguage":"pt","potentialAction":[{"@type":"ReadAction","target":["https:\/\/www.dogher.com\/alicates\/"]}]},{"@type":"ImageObject","inLanguage":"pt","@id":"https:\/\/www.dogher.com\/alicates\/#primaryimage","url":"https:\/\/www.dogher.com\/assets\/media\/alicates01.jpg","contentUrl":"https:\/\/www.dogher.com\/assets\/media\/alicates01.jpg"},{"@type":"BreadcrumbList","@id":"https:\/\/www.dogher.com\/alicates\/#breadcrumb","itemListElement":[{"@type":"ListItem","position":1,"name":"Portada","item":"https:\/\/www.dogher.com\/"},{"@type":"ListItem","position":2,"name":"Alicates"}]},{"@type":"WebSite","@id":"https:\/\/www.dogher.com\/#website","url":"https:\/\/www.dogher.com\/","name":"Dogher","description":"Herramientas de mano","potentialAction":[{"@type":"SearchAction","target":{"@type":"EntryPoint","urlTemplate":"https:\/\/www.dogher.com\/?s={search_term_string}"},"query-input":{"@type":"PropertyValueSpecification","valueRequired":true,"valueName":"search_term_string"}}],"inLanguage":"pt"}]}},"_links":{"self":[{"href":"https:\/\/www.dogher.com\/pt\/wp-json\/wp\/v2\/pages\/1853","targetHints":{"allow":["GET"]}}],"collection":[{"href":"https:\/\/www.dogher.com\/pt\/wp-json\/wp\/v2\/pages"}],"about":[{"href":"https:\/\/www.dogher.com\/pt\/wp-json\/wp\/v2\/types\/page"}],"author":[{"embeddable":true,"href":"https:\/\/www.dogher.com\/pt\/wp-json\/wp\/v2\/users\/1"}],"replies":[{"embeddable":true,"href":"https:\/\/www.dogher.com\/pt\/wp-json\/wp\/v2\/comments?post=1853"}],"version-history":[{"count":3,"href":"https:\/\/www.dogher.com\/pt\/wp-json\/wp\/v2\/pages\/1853\/revisions"}],"predecessor-version":[{"id":2751,"href":"https:\/\/www.dogher.com\/pt\/wp-json\/wp\/v2\/pages\/1853\/revisions\/2751"}],"wp:attachment":[{"href":"https:\/\/www.dogher.com\/pt\/wp-json\/wp\/v2\/media?parent=1853"}],"curies":[{"name":"wp","href":"https:\/\/api.w.org\/{rel}","templated":true}]}}