 {"id":1835,"date":"2024-02-22T11:38:59","date_gmt":"2024-02-22T10:38:59","guid":{"rendered":"https:\/\/www.dogher.com\/almacenaje\/"},"modified":"2024-04-23T17:59:04","modified_gmt":"2024-04-23T15:59:04","slug":"armazenagem","status":"publish","type":"page","link":"https:\/\/www.dogher.com\/pt\/armazenagem\/","title":{"rendered":"Armazenagem"},"content":{"rendered":"<section class=\"flexslider altura50 nder-header\">\r\n\t\t\t\t\t<ul class=\"slides\">\r\n\t\t\t\t\t\t<li class=\"bg-dark bg-dark-30\">\r\n\t\t\t\t\t\t\t<div class=\"slide-background\" data-background=\"https:\/\/www.dogher.com\/assets\/media\/slide-dogher-carros.jpg\"><\/div>\r\n\t\t\t\t\t\t\t<div class=\"container\">\r\n\t\t\t\t\t\t\t\t<div class=\"row\">\r\n\t\t\t\t\t\t\t\t\t<div class=\"col-md-12 text-end\">\r\n\t\t\t\t\t\t\t\t\t\t<h2 class=\"h1 wow fadeInUp\" data-wow-delay=\"0.2s\"><strong>Armazenagem<\/strong><\/h2>\r\n\t\t\t\t\t\t\t\t\t\t<h2 class=\"h2 m-b-20 wow fadeInUp\" data-wow-delay=\"0.5s\">Carros de Oficina, malas, caixas de ferramentas,<br> tudo o que \u00e9 necess\u00e1rio para manter <br>as suas ferramentas em ordem<\/h2>\r\n\t\t\t\t\t\t\t\t\t\r\n\t\t\t\t\t\t\t\t\t<\/div>\r\n\t\t\t\t\t\t\t\t<\/div>\r\n\t\t\t\t\t\t\t<\/div>\r\n\t\t\t\t\t\t<\/li>\r\n\t\t\t\t\t\t\r\n\t\t\t\t\t\t\r\n\t\t\t\t\t<\/ul>\r\n\t\t\t\t<\/section>\r\n\r\n <section class=\"module\">\r\n                               \r\n\t\t\t\t\t<div class=\"container p-0\">\r\n\t\t\t\t\t\t\r\n\t\t\t\t\t\t<div class=\"row\">\r\n                        \r\n                     <div class=\"col-md-6 producto\">\r\n\t\t\t\t\t\t \r\n\t\t\t\t\t\t <img alt=\"Alicates\" data-src=\"https:\/\/www.dogher.com\/assets\/media\/meleta01.jpg\" class=\" lazyload\">\r\n\t\t\t\t\t\t \r\n\t\t\t\t\t   <h2><span>Armazenagem<\/span><br>\r\n\t\t\t\t       GoBox Waterproof Trolley<\/h2>\r\n\t\t\t\t\t\t \r\n\t\t\t\t\t\t <p>Mala robusta, herm\u00e9tica e perfeitamente selada gra\u00e7as ao exclusivo anel  selador de neoprene e \u00e0 v\u00e1lvula de purga (ou v\u00e1lvula de libera\u00e7\u00e3o de press\u00e3o). Estas malas concedem prote\u00e7\u00e3o absoluta \u00e0s suas ferramentas. Feita com resina leve resistente, elas s\u00e3o fornecidas com fechos fortes e uma al\u00e7a ergon\u00f4mica. Ideais para ambientes dif\u00edceis e para uso em condi\u00e7\u00f5es adversas, como nos campos industriais, aeron\u00e1uticos, militares e n\u00e1uticos.<\/p>\r\n\t\t\t\t\t\r\n\t <\/div>\r\n\t\t\t\t\t\t  \r\n<div class=\"col-md-6 producto\">\r\n\t\r\n\t <img alt=\"Alicates\" data-src=\"https:\/\/www.dogher.com\/assets\/media\/meleta02.jpg\" class=\" lazyload\">\r\n\t\r\n <h2><span>Armazenagem<\/span><br>\r\n   Maleta AluBox <\/h2>\r\n\t\t\t\t\t\t \r\n<p>Mala de alum\u00ednio leve e muito resistente com prote\u00e7\u00f5es de metal nos cantos. Fecho duplo com chave e al\u00e7a bimat\u00e9rial. Borrachas de apoio nos 2 lados para coloc\u00e1-la em qualquer superf\u00edcie sem danificar a mala. O interior \u00e9 composto por uma bandeja m\u00f3vel e uma bandeja fixa na parte superior, adequadas para a  coloca\u00e7\u00e3o de ferramentas. A bandeja m\u00f3vel, unida \u00e0 mala por 3 dobradi\u00e7as resistentes, pode ser ajustada em 2 posi\u00e7\u00f5es usando uma correia fixada \u00e0 tampa superior. <\/p>\r\n\t\t\t\t\t\t\t\r\n <\/div>\r\n                        \r\n                      \r\n                        \r\n                      <\/div>\r\n\t\t\t\t\t \r\n\t\t\t\t\t \r\n\t \r\n\t\t\t\t\t \r\n                        \r\n     <div class=\"row module-gray\">\r\n                        \r\n                     <div class=\"col-md-6 m-auto text-center p-t-20\">\r\n\t\t\t\t\t\r\n\t\t\t\t\t\t  <p><a class=\"btn btn-circle btn-lg btn-brand\" href=\"https:\/\/www.dogher.com\/assets\/media\/DOGHER_2023_Almacenaje_PT.pdf\"><i class=\"fa fa-download\"><\/i> DESCARREGAR O CAT\u00c1LOGO<\/a><\/p>\r\n   \t\t\r\n\t\t\t\t\t<\/div>\r\n\t\t <\/div>\r\n\t\r\n\r\n\r\n\t\t\t\t\t<\/div>\r\n\t\t\t\t<\/section>","protected":false},"excerpt":{"rendered":"<p>Armazenagem Carros de Oficina, malas, caixas de ferramentas, tudo o que \u00e9 necess\u00e1rio para manter as suas ferramentas em ordem Armazenagem GoBox Waterproof Trolley Mala robusta, herm\u00e9tica e perfeitamente selada gra\u00e7as ao exclusivo anel selador de neoprene e \u00e0 v\u00e1lvula de purga (ou v\u00e1lvula de libera\u00e7\u00e3o de press\u00e3o). Estas malas concedem prote\u00e7\u00e3o absoluta \u00e0s suas [&hellip;]<\/p>\n","protected":false},"author":1,"featured_media":0,"parent":0,"menu_order":0,"comment_status":"closed","ping_status":"closed","template":"templates\/page-no-hero.php","meta":{"_acf_changed":false,"footnotes":""},"class_list":["post-1835","page","type-page","status-publish","hentry"],"acf":[],"yoast_head":"<!-- This site is optimized with the Yoast SEO plugin v27.1.1 - https:\/\/yoast.com\/product\/yoast-seo-wordpress\/ -->\n<title>Armazenagem - Dogher<\/title>\n<meta name=\"robots\" content=\"index, follow, max-snippet:-1, max-image-preview:large, max-video-preview:-1\" \/>\n<link rel=\"canonical\" href=\"https:\/\/www.dogher.com\/almacenaje\/\" \/>\n<meta property=\"og:locale\" content=\"pt_PT\" \/>\n<meta property=\"og:type\" content=\"article\" \/>\n<meta property=\"og:title\" content=\"Armazenagem - Dogher\" \/>\n<meta property=\"og:description\" content=\"Armazenagem Carros de Oficina, malas, caixas de ferramentas, tudo o que \u00e9 necess\u00e1rio para manter as suas ferramentas em ordem Armazenagem GoBox Waterproof Trolley Mala robusta, herm\u00e9tica e perfeitamente selada gra\u00e7as ao exclusivo anel selador de neoprene e \u00e0 v\u00e1lvula de purga (ou v\u00e1lvula de libera\u00e7\u00e3o de press\u00e3o). Estas malas concedem prote\u00e7\u00e3o absoluta \u00e0s suas [&hellip;]\" \/>\n<meta property=\"og:url\" content=\"https:\/\/www.dogher.com\/almacenaje\/\" \/>\n<meta property=\"og:site_name\" content=\"Dogher\" \/>\n<meta property=\"article:modified_time\" content=\"2024-04-23T15:59:04+00:00\" \/>\n<meta property=\"og:image\" content=\"https:\/\/www.dogher.com\/assets\/media\/meleta01.jpg\" \/>\n<meta name=\"twitter:card\" content=\"summary_large_image\" \/>\n<meta name=\"twitter:label1\" content=\"Est. reading time\" \/>\n\t<meta name=\"twitter:data1\" content=\"2 minutes\" \/>\n<script type=\"application\/ld+json\" class=\"yoast-schema-graph\">{\"@context\":\"https:\/\/schema.org\",\"@graph\":[{\"@type\":\"WebPage\",\"@id\":\"https:\/\/www.dogher.com\/almacenaje\/\",\"url\":\"https:\/\/www.dogher.com\/almacenaje\/\",\"name\":\"Armazenagem - Dogher\",\"isPartOf\":{\"@id\":\"https:\/\/www.dogher.com\/#website\"},\"primaryImageOfPage\":{\"@id\":\"https:\/\/www.dogher.com\/almacenaje\/#primaryimage\"},\"image\":{\"@id\":\"https:\/\/www.dogher.com\/almacenaje\/#primaryimage\"},\"thumbnailUrl\":\"https:\/\/www.dogher.com\/assets\/media\/meleta01.jpg\",\"datePublished\":\"2024-02-22T10:38:59+00:00\",\"dateModified\":\"2024-04-23T15:59:04+00:00\",\"breadcrumb\":{\"@id\":\"https:\/\/www.dogher.com\/almacenaje\/#breadcrumb\"},\"inLanguage\":\"pt\",\"potentialAction\":[{\"@type\":\"ReadAction\",\"target\":[\"https:\/\/www.dogher.com\/almacenaje\/\"]}]},{\"@type\":\"ImageObject\",\"inLanguage\":\"pt\",\"@id\":\"https:\/\/www.dogher.com\/almacenaje\/#primaryimage\",\"url\":\"https:\/\/www.dogher.com\/assets\/media\/meleta01.jpg\",\"contentUrl\":\"https:\/\/www.dogher.com\/assets\/media\/meleta01.jpg\"},{\"@type\":\"BreadcrumbList\",\"@id\":\"https:\/\/www.dogher.com\/almacenaje\/#breadcrumb\",\"itemListElement\":[{\"@type\":\"ListItem\",\"position\":1,\"name\":\"Portada\",\"item\":\"https:\/\/www.dogher.com\/\"},{\"@type\":\"ListItem\",\"position\":2,\"name\":\"Armazenagem\"}]},{\"@type\":\"WebSite\",\"@id\":\"https:\/\/www.dogher.com\/#website\",\"url\":\"https:\/\/www.dogher.com\/\",\"name\":\"Dogher\",\"description\":\"Herramientas de mano\",\"potentialAction\":[{\"@type\":\"SearchAction\",\"target\":{\"@type\":\"EntryPoint\",\"urlTemplate\":\"https:\/\/www.dogher.com\/?s={search_term_string}\"},\"query-input\":{\"@type\":\"PropertyValueSpecification\",\"valueRequired\":true,\"valueName\":\"search_term_string\"}}],\"inLanguage\":\"pt\"}]}<\/script>\n<!-- \/ Yoast SEO plugin. -->","yoast_head_json":{"title":"Armazenagem - Dogher","robots":{"index":"index","follow":"follow","max-snippet":"max-snippet:-1","max-image-preview":"max-image-preview:large","max-video-preview":"max-video-preview:-1"},"canonical":"https:\/\/www.dogher.com\/almacenaje\/","og_locale":"pt_PT","og_type":"article","og_title":"Armazenagem - Dogher","og_description":"Armazenagem Carros de Oficina, malas, caixas de ferramentas, tudo o que \u00e9 necess\u00e1rio para manter as suas ferramentas em ordem Armazenagem GoBox Waterproof Trolley Mala robusta, herm\u00e9tica e perfeitamente selada gra\u00e7as ao exclusivo anel selador de neoprene e \u00e0 v\u00e1lvula de purga (ou v\u00e1lvula de libera\u00e7\u00e3o de press\u00e3o). Estas malas concedem prote\u00e7\u00e3o absoluta \u00e0s suas [&hellip;]","og_url":"https:\/\/www.dogher.com\/almacenaje\/","og_site_name":"Dogher","article_modified_time":"2024-04-23T15:59:04+00:00","og_image":[{"url":"https:\/\/www.dogher.com\/assets\/media\/meleta01.jpg","type":"","width":"","height":""}],"twitter_card":"summary_large_image","twitter_misc":{"Est. reading time":"2 minutes"},"schema":{"@context":"https:\/\/schema.org","@graph":[{"@type":"WebPage","@id":"https:\/\/www.dogher.com\/almacenaje\/","url":"https:\/\/www.dogher.com\/almacenaje\/","name":"Armazenagem - Dogher","isPartOf":{"@id":"https:\/\/www.dogher.com\/#website"},"primaryImageOfPage":{"@id":"https:\/\/www.dogher.com\/almacenaje\/#primaryimage"},"image":{"@id":"https:\/\/www.dogher.com\/almacenaje\/#primaryimage"},"thumbnailUrl":"https:\/\/www.dogher.com\/assets\/media\/meleta01.jpg","datePublished":"2024-02-22T10:38:59+00:00","dateModified":"2024-04-23T15:59:04+00:00","breadcrumb":{"@id":"https:\/\/www.dogher.com\/almacenaje\/#breadcrumb"},"inLanguage":"pt","potentialAction":[{"@type":"ReadAction","target":["https:\/\/www.dogher.com\/almacenaje\/"]}]},{"@type":"ImageObject","inLanguage":"pt","@id":"https:\/\/www.dogher.com\/almacenaje\/#primaryimage","url":"https:\/\/www.dogher.com\/assets\/media\/meleta01.jpg","contentUrl":"https:\/\/www.dogher.com\/assets\/media\/meleta01.jpg"},{"@type":"BreadcrumbList","@id":"https:\/\/www.dogher.com\/almacenaje\/#breadcrumb","itemListElement":[{"@type":"ListItem","position":1,"name":"Portada","item":"https:\/\/www.dogher.com\/"},{"@type":"ListItem","position":2,"name":"Armazenagem"}]},{"@type":"WebSite","@id":"https:\/\/www.dogher.com\/#website","url":"https:\/\/www.dogher.com\/","name":"Dogher","description":"Herramientas de mano","potentialAction":[{"@type":"SearchAction","target":{"@type":"EntryPoint","urlTemplate":"https:\/\/www.dogher.com\/?s={search_term_string}"},"query-input":{"@type":"PropertyValueSpecification","valueRequired":true,"valueName":"search_term_string"}}],"inLanguage":"pt"}]}},"_links":{"self":[{"href":"https:\/\/www.dogher.com\/pt\/wp-json\/wp\/v2\/pages\/1835","targetHints":{"allow":["GET"]}}],"collection":[{"href":"https:\/\/www.dogher.com\/pt\/wp-json\/wp\/v2\/pages"}],"about":[{"href":"https:\/\/www.dogher.com\/pt\/wp-json\/wp\/v2\/types\/page"}],"author":[{"embeddable":true,"href":"https:\/\/www.dogher.com\/pt\/wp-json\/wp\/v2\/users\/1"}],"replies":[{"embeddable":true,"href":"https:\/\/www.dogher.com\/pt\/wp-json\/wp\/v2\/comments?post=1835"}],"version-history":[{"count":4,"href":"https:\/\/www.dogher.com\/pt\/wp-json\/wp\/v2\/pages\/1835\/revisions"}],"predecessor-version":[{"id":2750,"href":"https:\/\/www.dogher.com\/pt\/wp-json\/wp\/v2\/pages\/1835\/revisions\/2750"}],"wp:attachment":[{"href":"https:\/\/www.dogher.com\/pt\/wp-json\/wp\/v2\/media?parent=1835"}],"curies":[{"name":"wp","href":"https:\/\/api.w.org\/{rel}","templated":true}]}}