 {"id":1819,"date":"2024-02-22T10:57:52","date_gmt":"2024-02-22T09:57:52","guid":{"rendered":"https:\/\/www.dogher.com\/llaves\/"},"modified":"2024-04-23T17:58:16","modified_gmt":"2024-04-23T15:58:16","slug":"chaves","status":"publish","type":"page","link":"https:\/\/www.dogher.com\/pt\/chaves\/","title":{"rendered":"Chaves"},"content":{"rendered":"<section class=\"flexslider altura50 under-header\">\r\n\t\t\t\t\t<ul class=\"slides\">\r\n\t\t\t\t\t\t<li class=\"bg-dark bg-dark-30\">\r\n\t\t\t\t\t\t\t<div class=\"slide-background\" data-background=\"https:\/\/www.dogher.com\/assets\/media\/slide-dogher-llaves.jpg\"><\/div>\r\n\t\t\t\t\t\t\t<div class=\"container\">\r\n\t\t\t\t\t\t\t\t<div class=\"row\">\r\n\t\t\t\t\t\t\t\t\t<div class=\"col-md-12 text-end\">\r\n\t\t\t\t\t\t\t\t\t\t<h2 class=\"h1 wow fadeInUp\" data-wow-delay=\"0.2s\"><strong>Chaves<\/strong><\/h2>\r\n\t\t\t\t\t\t\t\t\t\t<h2 class=\"h2 m-b-20 wow fadeInUp\" data-wow-delay=\"0.5s\">Descubra a nossa sec\u00e7\u00e3o especial de chaves<\/h2>\r\n\t\t\t\t\t\t\t\t\t\r\n\t\t\t\t\t\t\t\t\t<\/div>\r\n\t\t\t\t\t\t\t\t<\/div>\r\n\t\t\t\t\t\t\t<\/div>\r\n\t\t\t\t\t\t<\/li>\r\n\t\t\t\t\t\t\r\n\t\t\t\t\t\t\r\n\t\t\t\t\t<\/ul>\r\n\t\t\t\t<\/section>\r\n\r\n <section class=\"module\">\r\n                               \r\n\t\t\t\t\t<div class=\"container p-0\">\r\n\t\t\t\t\t\t\r\n\t\t\t\t\t\t<div class=\"row\">\r\n                        \r\n                     <div class=\"col-md-6 producto\">\r\n\t\t\t\t\t\t \r\n\t\t\t\t\t\t <img alt=\"Alicates\" data-src=\"https:\/\/www.dogher.com\/assets\/media\/llaves01.jpg\" class=\" lazyload\">\r\n\t\t\t\t\t\t \r\n\t\t\t\t\t   <h2><span>Chaves Manuais<\/span><br>\r\n\t\t\t\t       Chaves de Dupla Boca Aberta<\/h2>\r\n\t\t\t\t\t\t \r\n\t\t\t\t\t\t <p>Todas as chaves DOGHER est\u00e3o forjadas em Cromo Vanadio e temperadas com um aquecimento continuo e um resfriamento em \u00f3leo. Este processo oferece \u00e0 ferramenta uma grande dureza e tenacidade. Todo o corpo est\u00e1 polido e isto  aumenta ao m\u00e1ximo a resist\u00eancia \u00e0 oxida\u00e7\u00e3o.<\/p>\r\n\t\t\t\t\t\r\n\t <\/div>\r\n\t\t\t\t\t\t  \r\n<div class=\"col-md-6 producto\">\r\n\t\r\n\t <img alt=\"Alicates\" data-src=\"https:\/\/www.dogher.com\/assets\/media\/llaves02.jpg\" class=\" lazyload\">\r\n\t\r\n <h2><span>Chaves Manuais<\/span><br>\r\n   Chaves de Boca \/ Luneta<\/h2>\r\n\t\t\t\t\t\t \r\n<ul>\r\n<li>Distribu\u00e7\u00e3o \u00f3tima das cargas<\/li>\r\n<li>Fixa\u00e7\u00e3o r\u00e1pida<\/li>\r\n<li>M\u00e1ximo rendimento sem  desgaste<\/li>\r\n<li>Disminui\u00e7\u00e3o dos danos em porcas e parafusosMayor vida \u00fatil de la llave<\/li>\r\n<li>Maior vida \u00fatil da chave<\/li>\r\n<li>M\u00e1xima superficie de contato<\/li>\r\n<li>Distribu\u00e7\u00e3o hom\u00f4genea do esfor\u00e7o<\/li>\r\n\r\n\t\r\n\t\r\n\t\r\n\t<\/ul>\r\n\t\t\t\t\t\t\t\r\n <\/div>\r\n                        \r\n                      \r\n                        \r\n                      <\/div>\r\n\t\t\t\t\t \r\n\t\t\t\t\t \r\n\t\t\t<div class=\"row\">\r\n                        \r\n                     <div class=\"col-md-6 producto\">\r\n\t\t\t\t\t\t \r\n\t\t\t\t\t\t <img alt=\"Alicates\" data-src=\"https:\/\/www.dogher.com\/assets\/media\/llaves03.jpg\" class=\" lazyload\">\r\n\t\t\t\t\t\t \r\n\t\t\t\t\t   <h2><span>Chaves Manuais<\/span><br>\r\n\t\t\t\t       Chaves Isoladas S\u00e9rie VDE 1000V<\/h2>\r\n\t\t\t\t\t\t \r\n\t\t\t\t\t\t <p>Chaves Isoladas VDE conforme a norma DIN IEC 60900 testeadas a 10.000VCA e com certifica\u00e7\u00e3o para 1.000VCA.<\/p>\r\n\t\t\t\t\t\r\n\t <\/div>\r\n\t\t\t\t\t\t  \r\n                        \r\n                      \r\n                        \r\n                      <\/div>\t\t\t \r\n\t\t\t\t\t \r\n                        \r\n     <div class=\"row module-gray\">\r\n                        \r\n                     <div class=\"col-md-6 m-auto text-center p-t-20\">\r\n\t\t\t\t\t\r\n\t\t\t\t\t\t  <p><a class=\"btn btn-circle btn-lg btn-brand\" href=\"https:\/\/www.dogher.com\/assets\/media\/DOGHER_2023_Llaves_PT.pdf\"><i class=\"fa fa-download\"><\/i> DESCARREGAR O CAT\u00c1LOGO<\/a><\/p>\r\n   \t\t\r\n\t\t\t\t\t<\/div>\r\n\t\t <\/div>\r\n\t\r\n\r\n\r\n\t\t\t\t\t<\/div>\r\n\t\t\t\t<\/section>","protected":false},"excerpt":{"rendered":"<p>Chaves Descubra a nossa sec\u00e7\u00e3o especial de chaves Chaves Manuais Chaves de Dupla Boca Aberta Todas as chaves DOGHER est\u00e3o forjadas em Cromo Vanadio e temperadas com um aquecimento continuo e um resfriamento em \u00f3leo. Este processo oferece \u00e0 ferramenta uma grande dureza e tenacidade. Todo o corpo est\u00e1 polido e isto aumenta ao m\u00e1ximo [&hellip;]<\/p>\n","protected":false},"author":1,"featured_media":0,"parent":0,"menu_order":0,"comment_status":"closed","ping_status":"closed","template":"templates\/page-no-hero.php","meta":{"_acf_changed":false,"footnotes":""},"class_list":["post-1819","page","type-page","status-publish","hentry"],"acf":[],"yoast_head":"<!-- This site is optimized with the Yoast SEO plugin v27.1.1 - https:\/\/yoast.com\/product\/yoast-seo-wordpress\/ -->\n<title>Chaves - Dogher<\/title>\n<meta name=\"robots\" content=\"index, follow, max-snippet:-1, max-image-preview:large, max-video-preview:-1\" \/>\n<link rel=\"canonical\" href=\"https:\/\/www.dogher.com\/llaves\/\" \/>\n<meta property=\"og:locale\" content=\"pt_PT\" \/>\n<meta property=\"og:type\" content=\"article\" \/>\n<meta property=\"og:title\" content=\"Chaves - Dogher\" \/>\n<meta property=\"og:description\" content=\"Chaves Descubra a nossa sec\u00e7\u00e3o especial de chaves Chaves Manuais Chaves de Dupla Boca Aberta Todas as chaves DOGHER est\u00e3o forjadas em Cromo Vanadio e temperadas com um aquecimento continuo e um resfriamento em \u00f3leo. Este processo oferece \u00e0 ferramenta uma grande dureza e tenacidade. Todo o corpo est\u00e1 polido e isto aumenta ao m\u00e1ximo [&hellip;]\" \/>\n<meta property=\"og:url\" content=\"https:\/\/www.dogher.com\/llaves\/\" \/>\n<meta property=\"og:site_name\" content=\"Dogher\" \/>\n<meta property=\"article:modified_time\" content=\"2024-04-23T15:58:16+00:00\" \/>\n<meta property=\"og:image\" content=\"https:\/\/www.dogher.com\/assets\/media\/llaves01.jpg\" \/>\n<meta name=\"twitter:card\" content=\"summary_large_image\" \/>\n<meta name=\"twitter:label1\" content=\"Est. reading time\" \/>\n\t<meta name=\"twitter:data1\" content=\"2 minutes\" \/>\n<script type=\"application\/ld+json\" class=\"yoast-schema-graph\">{\"@context\":\"https:\/\/schema.org\",\"@graph\":[{\"@type\":\"WebPage\",\"@id\":\"https:\/\/www.dogher.com\/llaves\/\",\"url\":\"https:\/\/www.dogher.com\/llaves\/\",\"name\":\"Chaves - Dogher\",\"isPartOf\":{\"@id\":\"https:\/\/www.dogher.com\/#website\"},\"primaryImageOfPage\":{\"@id\":\"https:\/\/www.dogher.com\/llaves\/#primaryimage\"},\"image\":{\"@id\":\"https:\/\/www.dogher.com\/llaves\/#primaryimage\"},\"thumbnailUrl\":\"https:\/\/www.dogher.com\/assets\/media\/llaves01.jpg\",\"datePublished\":\"2024-02-22T09:57:52+00:00\",\"dateModified\":\"2024-04-23T15:58:16+00:00\",\"breadcrumb\":{\"@id\":\"https:\/\/www.dogher.com\/llaves\/#breadcrumb\"},\"inLanguage\":\"pt\",\"potentialAction\":[{\"@type\":\"ReadAction\",\"target\":[\"https:\/\/www.dogher.com\/llaves\/\"]}]},{\"@type\":\"ImageObject\",\"inLanguage\":\"pt\",\"@id\":\"https:\/\/www.dogher.com\/llaves\/#primaryimage\",\"url\":\"https:\/\/www.dogher.com\/assets\/media\/llaves01.jpg\",\"contentUrl\":\"https:\/\/www.dogher.com\/assets\/media\/llaves01.jpg\"},{\"@type\":\"BreadcrumbList\",\"@id\":\"https:\/\/www.dogher.com\/llaves\/#breadcrumb\",\"itemListElement\":[{\"@type\":\"ListItem\",\"position\":1,\"name\":\"Portada\",\"item\":\"https:\/\/www.dogher.com\/\"},{\"@type\":\"ListItem\",\"position\":2,\"name\":\"Chaves\"}]},{\"@type\":\"WebSite\",\"@id\":\"https:\/\/www.dogher.com\/#website\",\"url\":\"https:\/\/www.dogher.com\/\",\"name\":\"Dogher\",\"description\":\"Herramientas de mano\",\"potentialAction\":[{\"@type\":\"SearchAction\",\"target\":{\"@type\":\"EntryPoint\",\"urlTemplate\":\"https:\/\/www.dogher.com\/?s={search_term_string}\"},\"query-input\":{\"@type\":\"PropertyValueSpecification\",\"valueRequired\":true,\"valueName\":\"search_term_string\"}}],\"inLanguage\":\"pt\"}]}<\/script>\n<!-- \/ Yoast SEO plugin. -->","yoast_head_json":{"title":"Chaves - Dogher","robots":{"index":"index","follow":"follow","max-snippet":"max-snippet:-1","max-image-preview":"max-image-preview:large","max-video-preview":"max-video-preview:-1"},"canonical":"https:\/\/www.dogher.com\/llaves\/","og_locale":"pt_PT","og_type":"article","og_title":"Chaves - Dogher","og_description":"Chaves Descubra a nossa sec\u00e7\u00e3o especial de chaves Chaves Manuais Chaves de Dupla Boca Aberta Todas as chaves DOGHER est\u00e3o forjadas em Cromo Vanadio e temperadas com um aquecimento continuo e um resfriamento em \u00f3leo. Este processo oferece \u00e0 ferramenta uma grande dureza e tenacidade. Todo o corpo est\u00e1 polido e isto aumenta ao m\u00e1ximo [&hellip;]","og_url":"https:\/\/www.dogher.com\/llaves\/","og_site_name":"Dogher","article_modified_time":"2024-04-23T15:58:16+00:00","og_image":[{"url":"https:\/\/www.dogher.com\/assets\/media\/llaves01.jpg","type":"","width":"","height":""}],"twitter_card":"summary_large_image","twitter_misc":{"Est. reading time":"2 minutes"},"schema":{"@context":"https:\/\/schema.org","@graph":[{"@type":"WebPage","@id":"https:\/\/www.dogher.com\/llaves\/","url":"https:\/\/www.dogher.com\/llaves\/","name":"Chaves - Dogher","isPartOf":{"@id":"https:\/\/www.dogher.com\/#website"},"primaryImageOfPage":{"@id":"https:\/\/www.dogher.com\/llaves\/#primaryimage"},"image":{"@id":"https:\/\/www.dogher.com\/llaves\/#primaryimage"},"thumbnailUrl":"https:\/\/www.dogher.com\/assets\/media\/llaves01.jpg","datePublished":"2024-02-22T09:57:52+00:00","dateModified":"2024-04-23T15:58:16+00:00","breadcrumb":{"@id":"https:\/\/www.dogher.com\/llaves\/#breadcrumb"},"inLanguage":"pt","potentialAction":[{"@type":"ReadAction","target":["https:\/\/www.dogher.com\/llaves\/"]}]},{"@type":"ImageObject","inLanguage":"pt","@id":"https:\/\/www.dogher.com\/llaves\/#primaryimage","url":"https:\/\/www.dogher.com\/assets\/media\/llaves01.jpg","contentUrl":"https:\/\/www.dogher.com\/assets\/media\/llaves01.jpg"},{"@type":"BreadcrumbList","@id":"https:\/\/www.dogher.com\/llaves\/#breadcrumb","itemListElement":[{"@type":"ListItem","position":1,"name":"Portada","item":"https:\/\/www.dogher.com\/"},{"@type":"ListItem","position":2,"name":"Chaves"}]},{"@type":"WebSite","@id":"https:\/\/www.dogher.com\/#website","url":"https:\/\/www.dogher.com\/","name":"Dogher","description":"Herramientas de mano","potentialAction":[{"@type":"SearchAction","target":{"@type":"EntryPoint","urlTemplate":"https:\/\/www.dogher.com\/?s={search_term_string}"},"query-input":{"@type":"PropertyValueSpecification","valueRequired":true,"valueName":"search_term_string"}}],"inLanguage":"pt"}]}},"_links":{"self":[{"href":"https:\/\/www.dogher.com\/pt\/wp-json\/wp\/v2\/pages\/1819","targetHints":{"allow":["GET"]}}],"collection":[{"href":"https:\/\/www.dogher.com\/pt\/wp-json\/wp\/v2\/pages"}],"about":[{"href":"https:\/\/www.dogher.com\/pt\/wp-json\/wp\/v2\/types\/page"}],"author":[{"embeddable":true,"href":"https:\/\/www.dogher.com\/pt\/wp-json\/wp\/v2\/users\/1"}],"replies":[{"embeddable":true,"href":"https:\/\/www.dogher.com\/pt\/wp-json\/wp\/v2\/comments?post=1819"}],"version-history":[{"count":3,"href":"https:\/\/www.dogher.com\/pt\/wp-json\/wp\/v2\/pages\/1819\/revisions"}],"predecessor-version":[{"id":2747,"href":"https:\/\/www.dogher.com\/pt\/wp-json\/wp\/v2\/pages\/1819\/revisions\/2747"}],"wp:attachment":[{"href":"https:\/\/www.dogher.com\/pt\/wp-json\/wp\/v2\/media?parent=1819"}],"curies":[{"name":"wp","href":"https:\/\/api.w.org\/{rel}","templated":true}]}}