 {"id":1784,"date":"2024-01-30T10:01:58","date_gmt":"2024-01-30T09:01:58","guid":{"rendered":"https:\/\/www.dogher.com\/calidad-y-servicio\/"},"modified":"2024-05-03T09:42:51","modified_gmt":"2024-05-03T07:42:51","slug":"qualidade-e-servico","status":"publish","type":"page","link":"https:\/\/www.dogher.com\/pt\/qualidade-e-servico\/","title":{"rendered":"Qualidade e Servi\u00e7o"},"content":{"rendered":"<section class=\"flexslider altura50 under-header\">\r\n\t\t\t\t\t<ul class=\"slides\">\r\n\t\t\t\t\t\t<li class=\"bg-dark bg-dark-30\">\r\n\t\t\t\t\t\t\t<div class=\"slide-background\" data-background=\"https:\/\/www.dogher.com\/assets\/media\/slide-calidad-1920.jpg\"><\/div>\r\n\t\t\t\t\t\t\t<div class=\"container\">\r\n\t\t\t\t\t\t\t\t<div class=\"row\">\r\n\t\t\t\t\t\t\t\t\t<div class=\"col-md-12 text-end\">\r\n\t\t\t\t\t\t\t\t\t\t<h2 class=\"h1 wow fadeInUp\" data-wow-delay=\"0.2s\"><strong>Servi\u00e7o Premium com<\/strong><\/h2>\r\n\t\t\t\t\t\t\t\t\t\t<h2 class=\"h2 m-b-20 wow fadeInUp\" data-wow-delay=\"0.5s\">o 99,9% das linhas das <br>encomendas fornecidas no dia.<\/h2>\r\n\t\t\t\t\t\t\t\t\t\r\n\t\t\t\t\t\t\t\t\t<\/div>\r\n\t\t\t\t\t\t\t\t<\/div>\r\n\t\t\t\t\t\t\t<\/div>\r\n\t\t\t\t\t\t<\/li>\r\n\t\t\t\t\t\t\r\n\t\t\t\t\t\t\r\n\t\t\t\t\t<\/ul>\r\n\t\t\t\t<\/section>\r\n\r\n\t\t <section class=\"module\">\r\n                               \r\n\t\t\t\t\t<div class=\"container\">\r\n\t\t\t\t\t\t\r\n\t\t\t\t\t\t<div class=\"row\">\r\n\t\t\t\t\t\t\t\r\n\t\t\t\t\t\t  <div class=\"col-md-12\">\r\n\t\t\t\t\t\t\t\t  <h2>Servi\u00e7o de Aten\u00e7\u00e3o ao Cliente<\/h2>\r\n\t\t\t\t\t\t\t\t \r\n\t\t\t\t\t\t\t\t <p>Servi\u00e7o de aten\u00e7\u00e3o ao cliente e assist\u00eancia t\u00e9cnica ininterrupta 8.00 \u2013 19.00.<\/p>\r\n\t\t\t\t\t\t\t\t <\/div>\r\n                        \r\n                     <div class=\"col-md-6\">\r\n\t\t\t\t\t\t \r\n\t\t\t\t\t\t <img alt=\"Servicio de Atenci\u00f3n al Cliente\" data-src=\"https:\/\/www.dogher.com\/assets\/media\/att-cliente1.jpg\" class=\" lazyload\">\r\n\t\t\t\t\t\t <\/div>\r\n\t\t\t\t\t\t  \r\n<div class=\"col-md-6\">\r\n\t\r\n\t <img alt=\"Servicio de Atenci\u00f3n al Cliente\" data-src=\"https:\/\/www.dogher.com\/assets\/media\/att-cliente2.jpg\" class=\" lazyload\">\r\n\t\r\n <\/div>\r\n <\/div>\r\n\t\t\t\t\t\t\r\n<div class=\"row\">\r\n\t\t\t\t\t\t\t\r\n\t\t  <div class=\"col-md-12 p-t-50\">\r\n\t\t\t\t\t\t\t\t  <h2>Departamento T\u00e9cnico e de Produ\u00e7\u00e3o<\/h2>\r\n\t\t\t\t\t\t\t\t \r\n\t\t\t\t\t\t\t\t <p>O controle exaustivo dos processos de produ\u00e7\u00e3o e os rigorosos procedimentos do controle da qualidade permitem produzir ferramentas com o mais alto  desempenho para cada aplica\u00e7\u00e3o.<\/p>\r\n\t\t\t\t\t\t\t\t <\/div>\r\n                        \r\n                     <div class=\"col-md-6\">\r\n\t\t\t\t\t\t \r\n\t\t\t\t\t\t <img alt=\"Departamento T\u00e9cnico y de Producci\u00f3n\" data-src=\"https:\/\/www.dogher.com\/assets\/media\/calidad1.jpg\" class=\" lazyload\">\r\n\t\t\t\t\t\t <\/div>\r\n\t\t\t\t\t\t  \r\n<div class=\"col-md-6\">\r\n\t\r\n\t <img alt=\"Departamento T\u00e9cnico y de Producci\u00f3n\" data-src=\"https:\/\/www.dogher.com\/assets\/media\/calidad2.jpg\" class=\" lazyload\">\r\n\t\r\n <\/div>\r\n <\/div>\r\n\t\t\t\t\t\t\r\n\t\t\t\t\t\t<div class=\"row\">\r\n\t\t\t\t\t\t\t\r\n\t\t\t\t\t\t  <div class=\"col-md-12 p-t-50\">\r\n\t\t\t\t\t\t\t\t  <h2>Qualidade, Inova\u00e7\u00e3o e Desenvolvimento<\/h2>\r\n\t\t\t\t\t\t\t\t \r\n\t\t\t\t\t\t\t\t <p>Alta tecnologia e processos inovadores para a produ\u00e7\u00e3o de ferramentas de alto desempenho com a mais alta qualidade.<\/p>\r\n\t\t\t\t\t\t\t\t <\/div>\r\n                        \r\n                     <div class=\"col-md-6\">\r\n\t\t\t\t\t\t \r\n\t\t\t\t\t\t <img alt=\"Calidad, Innovaci\u00f3n y Desarrollo\" data-src=\"https:\/\/www.dogher.com\/assets\/media\/calidad3.jpg\" class=\" lazyload\">\r\n\t\t\t\t\t\t <\/div>\r\n\t\t\t\t\t\t  \r\n<div class=\"col-md-6\">\r\n\t\r\n\t <img alt=\"Calidad, Innovaci\u00f3n y Desarrollo\" data-src=\"https:\/\/www.dogher.com\/assets\/media\/calidad4.jpg\" class=\" lazyload\">\r\n\t\r\n <\/div>\r\n <\/div>\r\n\t\t\t\r\n\t\t\t\t\t<\/div><\/section>","protected":false},"excerpt":{"rendered":"<p>Servi\u00e7o Premium com o 99,9% das linhas das encomendas fornecidas no dia. Servi\u00e7o de Aten\u00e7\u00e3o ao Cliente Servi\u00e7o de aten\u00e7\u00e3o ao cliente e assist\u00eancia t\u00e9cnica ininterrupta 8.00 \u2013 19.00. Departamento T\u00e9cnico e de Produ\u00e7\u00e3o O controle exaustivo dos processos de produ\u00e7\u00e3o e os rigorosos procedimentos do controle da qualidade permitem produzir ferramentas com o mais [&hellip;]<\/p>\n","protected":false},"author":1,"featured_media":0,"parent":0,"menu_order":0,"comment_status":"closed","ping_status":"closed","template":"templates\/page-no-hero.php","meta":{"_acf_changed":false,"footnotes":""},"class_list":["post-1784","page","type-page","status-publish","hentry"],"acf":[],"yoast_head":"<!-- This site is optimized with the Yoast SEO plugin v27.1.1 - https:\/\/yoast.com\/product\/yoast-seo-wordpress\/ -->\n<title>Qualidade e Servi\u00e7o - Dogher<\/title>\n<meta name=\"robots\" content=\"index, follow, max-snippet:-1, max-image-preview:large, max-video-preview:-1\" \/>\n<link rel=\"canonical\" href=\"https:\/\/www.dogher.com\/calidad-y-servicio\/\" \/>\n<meta property=\"og:locale\" content=\"pt_PT\" \/>\n<meta property=\"og:type\" content=\"article\" \/>\n<meta property=\"og:title\" content=\"Qualidade e Servi\u00e7o - Dogher\" \/>\n<meta property=\"og:description\" content=\"Servi\u00e7o Premium com o 99,9% das linhas das encomendas fornecidas no dia. Servi\u00e7o de Aten\u00e7\u00e3o ao Cliente Servi\u00e7o de aten\u00e7\u00e3o ao cliente e assist\u00eancia t\u00e9cnica ininterrupta 8.00 \u2013 19.00. Departamento T\u00e9cnico e de Produ\u00e7\u00e3o O controle exaustivo dos processos de produ\u00e7\u00e3o e os rigorosos procedimentos do controle da qualidade permitem produzir ferramentas com o mais [&hellip;]\" \/>\n<meta property=\"og:url\" content=\"https:\/\/www.dogher.com\/calidad-y-servicio\/\" \/>\n<meta property=\"og:site_name\" content=\"Dogher\" \/>\n<meta property=\"article:modified_time\" content=\"2024-05-03T07:42:51+00:00\" \/>\n<meta property=\"og:image\" content=\"https:\/\/www.dogher.com\/assets\/media\/att-cliente1.jpg\" \/>\n<meta name=\"twitter:card\" content=\"summary_large_image\" \/>\n<meta name=\"twitter:label1\" content=\"Est. reading time\" \/>\n\t<meta name=\"twitter:data1\" content=\"2 minutes\" \/>\n<script type=\"application\/ld+json\" class=\"yoast-schema-graph\">{\"@context\":\"https:\/\/schema.org\",\"@graph\":[{\"@type\":\"WebPage\",\"@id\":\"https:\/\/www.dogher.com\/calidad-y-servicio\/\",\"url\":\"https:\/\/www.dogher.com\/calidad-y-servicio\/\",\"name\":\"Qualidade e Servi\u00e7o - Dogher\",\"isPartOf\":{\"@id\":\"https:\/\/www.dogher.com\/#website\"},\"primaryImageOfPage\":{\"@id\":\"https:\/\/www.dogher.com\/calidad-y-servicio\/#primaryimage\"},\"image\":{\"@id\":\"https:\/\/www.dogher.com\/calidad-y-servicio\/#primaryimage\"},\"thumbnailUrl\":\"https:\/\/www.dogher.com\/assets\/media\/att-cliente1.jpg\",\"datePublished\":\"2024-01-30T09:01:58+00:00\",\"dateModified\":\"2024-05-03T07:42:51+00:00\",\"breadcrumb\":{\"@id\":\"https:\/\/www.dogher.com\/calidad-y-servicio\/#breadcrumb\"},\"inLanguage\":\"pt\",\"potentialAction\":[{\"@type\":\"ReadAction\",\"target\":[\"https:\/\/www.dogher.com\/calidad-y-servicio\/\"]}]},{\"@type\":\"ImageObject\",\"inLanguage\":\"pt\",\"@id\":\"https:\/\/www.dogher.com\/calidad-y-servicio\/#primaryimage\",\"url\":\"https:\/\/www.dogher.com\/assets\/media\/att-cliente1.jpg\",\"contentUrl\":\"https:\/\/www.dogher.com\/assets\/media\/att-cliente1.jpg\"},{\"@type\":\"BreadcrumbList\",\"@id\":\"https:\/\/www.dogher.com\/calidad-y-servicio\/#breadcrumb\",\"itemListElement\":[{\"@type\":\"ListItem\",\"position\":1,\"name\":\"Portada\",\"item\":\"https:\/\/www.dogher.com\/\"},{\"@type\":\"ListItem\",\"position\":2,\"name\":\"Qualidade e Servi\u00e7o\"}]},{\"@type\":\"WebSite\",\"@id\":\"https:\/\/www.dogher.com\/#website\",\"url\":\"https:\/\/www.dogher.com\/\",\"name\":\"Dogher\",\"description\":\"Herramientas de mano\",\"potentialAction\":[{\"@type\":\"SearchAction\",\"target\":{\"@type\":\"EntryPoint\",\"urlTemplate\":\"https:\/\/www.dogher.com\/?s={search_term_string}\"},\"query-input\":{\"@type\":\"PropertyValueSpecification\",\"valueRequired\":true,\"valueName\":\"search_term_string\"}}],\"inLanguage\":\"pt\"}]}<\/script>\n<!-- \/ Yoast SEO plugin. -->","yoast_head_json":{"title":"Qualidade e Servi\u00e7o - Dogher","robots":{"index":"index","follow":"follow","max-snippet":"max-snippet:-1","max-image-preview":"max-image-preview:large","max-video-preview":"max-video-preview:-1"},"canonical":"https:\/\/www.dogher.com\/calidad-y-servicio\/","og_locale":"pt_PT","og_type":"article","og_title":"Qualidade e Servi\u00e7o - Dogher","og_description":"Servi\u00e7o Premium com o 99,9% das linhas das encomendas fornecidas no dia. Servi\u00e7o de Aten\u00e7\u00e3o ao Cliente Servi\u00e7o de aten\u00e7\u00e3o ao cliente e assist\u00eancia t\u00e9cnica ininterrupta 8.00 \u2013 19.00. Departamento T\u00e9cnico e de Produ\u00e7\u00e3o O controle exaustivo dos processos de produ\u00e7\u00e3o e os rigorosos procedimentos do controle da qualidade permitem produzir ferramentas com o mais [&hellip;]","og_url":"https:\/\/www.dogher.com\/calidad-y-servicio\/","og_site_name":"Dogher","article_modified_time":"2024-05-03T07:42:51+00:00","og_image":[{"url":"https:\/\/www.dogher.com\/assets\/media\/att-cliente1.jpg","type":"","width":"","height":""}],"twitter_card":"summary_large_image","twitter_misc":{"Est. reading time":"2 minutes"},"schema":{"@context":"https:\/\/schema.org","@graph":[{"@type":"WebPage","@id":"https:\/\/www.dogher.com\/calidad-y-servicio\/","url":"https:\/\/www.dogher.com\/calidad-y-servicio\/","name":"Qualidade e Servi\u00e7o - Dogher","isPartOf":{"@id":"https:\/\/www.dogher.com\/#website"},"primaryImageOfPage":{"@id":"https:\/\/www.dogher.com\/calidad-y-servicio\/#primaryimage"},"image":{"@id":"https:\/\/www.dogher.com\/calidad-y-servicio\/#primaryimage"},"thumbnailUrl":"https:\/\/www.dogher.com\/assets\/media\/att-cliente1.jpg","datePublished":"2024-01-30T09:01:58+00:00","dateModified":"2024-05-03T07:42:51+00:00","breadcrumb":{"@id":"https:\/\/www.dogher.com\/calidad-y-servicio\/#breadcrumb"},"inLanguage":"pt","potentialAction":[{"@type":"ReadAction","target":["https:\/\/www.dogher.com\/calidad-y-servicio\/"]}]},{"@type":"ImageObject","inLanguage":"pt","@id":"https:\/\/www.dogher.com\/calidad-y-servicio\/#primaryimage","url":"https:\/\/www.dogher.com\/assets\/media\/att-cliente1.jpg","contentUrl":"https:\/\/www.dogher.com\/assets\/media\/att-cliente1.jpg"},{"@type":"BreadcrumbList","@id":"https:\/\/www.dogher.com\/calidad-y-servicio\/#breadcrumb","itemListElement":[{"@type":"ListItem","position":1,"name":"Portada","item":"https:\/\/www.dogher.com\/"},{"@type":"ListItem","position":2,"name":"Qualidade e Servi\u00e7o"}]},{"@type":"WebSite","@id":"https:\/\/www.dogher.com\/#website","url":"https:\/\/www.dogher.com\/","name":"Dogher","description":"Herramientas de mano","potentialAction":[{"@type":"SearchAction","target":{"@type":"EntryPoint","urlTemplate":"https:\/\/www.dogher.com\/?s={search_term_string}"},"query-input":{"@type":"PropertyValueSpecification","valueRequired":true,"valueName":"search_term_string"}}],"inLanguage":"pt"}]}},"_links":{"self":[{"href":"https:\/\/www.dogher.com\/pt\/wp-json\/wp\/v2\/pages\/1784","targetHints":{"allow":["GET"]}}],"collection":[{"href":"https:\/\/www.dogher.com\/pt\/wp-json\/wp\/v2\/pages"}],"about":[{"href":"https:\/\/www.dogher.com\/pt\/wp-json\/wp\/v2\/types\/page"}],"author":[{"embeddable":true,"href":"https:\/\/www.dogher.com\/pt\/wp-json\/wp\/v2\/users\/1"}],"replies":[{"embeddable":true,"href":"https:\/\/www.dogher.com\/pt\/wp-json\/wp\/v2\/comments?post=1784"}],"version-history":[{"count":5,"href":"https:\/\/www.dogher.com\/pt\/wp-json\/wp\/v2\/pages\/1784\/revisions"}],"predecessor-version":[{"id":2822,"href":"https:\/\/www.dogher.com\/pt\/wp-json\/wp\/v2\/pages\/1784\/revisions\/2822"}],"wp:attachment":[{"href":"https:\/\/www.dogher.com\/pt\/wp-json\/wp\/v2\/media?parent=1784"}],"curies":[{"name":"wp","href":"https:\/\/api.w.org\/{rel}","templated":true}]}}