 {"id":1624,"date":"2024-01-30T10:01:37","date_gmt":"2024-01-30T09:01:37","guid":{"rendered":"https:\/\/www.dogher.com\/empresa\/"},"modified":"2026-01-21T11:53:14","modified_gmt":"2026-01-21T10:53:14","slug":"empresa","status":"publish","type":"page","link":"https:\/\/www.dogher.com\/pt\/empresa\/","title":{"rendered":"Empresa"},"content":{"rendered":"<section class=\"flexslider altura50 under-header\">\r\n<ul class=\"slides\">\r\n \t<li class=\"bg-dark bg-dark-30\">\r\n<div class=\"slide-background\" data-background=\"https:\/\/www.dogher.com\/assets\/media\/cabecera2_1920.jpg\"><\/div>\r\n<div class=\"container\">\r\n<div class=\"row\">\r\n<div class=\"col-md-12 text-end\">\r\n<h2 class=\"h1 wow fadeInUp\" data-wow-delay=\"0.2s\"><\/h2>\r\n<\/div>\r\n<\/div>\r\n<\/div><\/li>\r\n<\/ul>\r\n<\/section><section class=\"module page-contacto__module\">\r\n<div class=\"container\">\r\n<h1>A empresa<\/h1>\r\n<h2>Ferramenta Manual Industrial<\/h2>\r\n<p class=\"text-justify\"><strong>DOGHER TOOLS, S.A.<\/strong> estabelece-se como a op\u00e7\u00e3o mais competitiva no mercado industrial de Ferramentas Manuais, oferecendo aos seus clientes ferramentas da mais alta qualidade, dentro do amplo leque de refer\u00eancias que comp\u00f5em cada uma das fam\u00edlias apresentadas no seu Novo Cat\u00e1logo, sempre com a garantia que proporciona um empresa pr\u00f3xima e orientada para o cliente profissional que necessita de ferramentas de elevada qualidade e de um servi\u00e7o Premium que represente uma garantia de competitividade num mercado em constante evolu\u00e7\u00e3o.<\/p>\r\n\r\n<h2>Ferramentas de Maior Qualidade<\/h2>\r\n<p class=\"text-justify\">O nosso departamento de Inova\u00e7\u00e3o e Desenvolvimento, em colabora\u00e7\u00e3o com o gabinete t\u00e9cnico e de produ\u00e7\u00e3o, concebe ferramentas da mais alta qualidade para cada tipo de ind\u00fastria, selecionando os materiais ideais para cada um dos processos de fabrico. Todo este trabalho, aliado \u00e0 utiliza\u00e7\u00e3o das mais avan\u00e7adas tecnologias de produ\u00e7\u00e3o, permite-nos oferecer as ferramentas mais inovadoras aos profissionais mais exigentes.<\/p>\r\n<p class=\"text-justify\">Agilidade, flexibilidade e dinamismo s\u00e3o as qualidades que caracterizam a DOGHER TOOLS, oferecendo aos seus clientes os mais altos n\u00edveis de qualidade e servi\u00e7o.<\/p>\r\n\r\n<\/div>\r\n<\/section>","protected":false},"excerpt":{"rendered":"<p>A empresa Ferramenta Manual Industrial DOGHER TOOLS, S.A. estabelece-se como a op\u00e7\u00e3o mais competitiva no mercado industrial de Ferramentas Manuais, oferecendo aos seus clientes ferramentas da mais alta qualidade, dentro do amplo leque de refer\u00eancias que comp\u00f5em cada uma das fam\u00edlias apresentadas no seu Novo Cat\u00e1logo, sempre com a garantia que proporciona um empresa pr\u00f3xima [&hellip;]<\/p>\n","protected":false},"author":1,"featured_media":1535,"parent":0,"menu_order":0,"comment_status":"closed","ping_status":"closed","template":"templates\/page-no-hero.php","meta":{"_acf_changed":false,"footnotes":""},"class_list":["post-1624","page","type-page","status-publish","has-post-thumbnail","hentry"],"acf":[],"yoast_head":"<!-- This site is optimized with the Yoast SEO plugin v27.1.1 - https:\/\/yoast.com\/product\/yoast-seo-wordpress\/ -->\n<title>Empresa - Dogher<\/title>\n<meta name=\"robots\" content=\"index, follow, max-snippet:-1, max-image-preview:large, max-video-preview:-1\" \/>\n<link rel=\"canonical\" href=\"https:\/\/www.dogher.com\/pt\/empresa\/\" \/>\n<meta property=\"og:locale\" content=\"pt_PT\" \/>\n<meta property=\"og:type\" content=\"article\" \/>\n<meta property=\"og:title\" content=\"Empresa - Dogher\" \/>\n<meta property=\"og:description\" content=\"A empresa Ferramenta Manual Industrial DOGHER TOOLS, S.A. estabelece-se como a op\u00e7\u00e3o mais competitiva no mercado industrial de Ferramentas Manuais, oferecendo aos seus clientes ferramentas da mais alta qualidade, dentro do amplo leque de refer\u00eancias que comp\u00f5em cada uma das fam\u00edlias apresentadas no seu Novo Cat\u00e1logo, sempre com a garantia que proporciona um empresa pr\u00f3xima [&hellip;]\" \/>\n<meta property=\"og:url\" content=\"https:\/\/www.dogher.com\/pt\/empresa\/\" \/>\n<meta property=\"og:site_name\" content=\"Dogher\" \/>\n<meta property=\"article:modified_time\" content=\"2026-01-21T10:53:14+00:00\" \/>\n<meta property=\"og:image\" content=\"https:\/\/www.dogher.com\/assets\/media\/cabecera-01.jpg\" \/>\n\t<meta property=\"og:image:width\" content=\"1800\" \/>\n\t<meta property=\"og:image:height\" content=\"650\" \/>\n\t<meta property=\"og:image:type\" content=\"image\/jpeg\" \/>\n<meta name=\"twitter:card\" content=\"summary_large_image\" \/>\n<meta name=\"twitter:label1\" content=\"Est. reading time\" \/>\n\t<meta name=\"twitter:data1\" content=\"1 minute\" \/>\n<script type=\"application\/ld+json\" class=\"yoast-schema-graph\">{\"@context\":\"https:\/\/schema.org\",\"@graph\":[{\"@type\":\"WebPage\",\"@id\":\"https:\/\/www.dogher.com\/pt\/empresa\/\",\"url\":\"https:\/\/www.dogher.com\/pt\/empresa\/\",\"name\":\"Empresa - Dogher\",\"isPartOf\":{\"@id\":\"https:\/\/www.dogher.com\/#website\"},\"primaryImageOfPage\":{\"@id\":\"https:\/\/www.dogher.com\/pt\/empresa\/#primaryimage\"},\"image\":{\"@id\":\"https:\/\/www.dogher.com\/pt\/empresa\/#primaryimage\"},\"thumbnailUrl\":\"https:\/\/www.dogher.com\/assets\/media\/cabecera-01.jpg\",\"datePublished\":\"2024-01-30T09:01:37+00:00\",\"dateModified\":\"2026-01-21T10:53:14+00:00\",\"breadcrumb\":{\"@id\":\"https:\/\/www.dogher.com\/pt\/empresa\/#breadcrumb\"},\"inLanguage\":\"pt\",\"potentialAction\":[{\"@type\":\"ReadAction\",\"target\":[\"https:\/\/www.dogher.com\/pt\/empresa\/\"]}]},{\"@type\":\"ImageObject\",\"inLanguage\":\"pt\",\"@id\":\"https:\/\/www.dogher.com\/pt\/empresa\/#primaryimage\",\"url\":\"https:\/\/www.dogher.com\/assets\/media\/cabecera-01.jpg\",\"contentUrl\":\"https:\/\/www.dogher.com\/assets\/media\/cabecera-01.jpg\",\"width\":1800,\"height\":650,\"caption\":\"Fabricante Herramientas Manuales\"},{\"@type\":\"BreadcrumbList\",\"@id\":\"https:\/\/www.dogher.com\/pt\/empresa\/#breadcrumb\",\"itemListElement\":[{\"@type\":\"ListItem\",\"position\":1,\"name\":\"Portada\",\"item\":\"https:\/\/www.dogher.com\/\"},{\"@type\":\"ListItem\",\"position\":2,\"name\":\"Empresa\"}]},{\"@type\":\"WebSite\",\"@id\":\"https:\/\/www.dogher.com\/#website\",\"url\":\"https:\/\/www.dogher.com\/\",\"name\":\"Dogher\",\"description\":\"Herramientas de mano\",\"potentialAction\":[{\"@type\":\"SearchAction\",\"target\":{\"@type\":\"EntryPoint\",\"urlTemplate\":\"https:\/\/www.dogher.com\/?s={search_term_string}\"},\"query-input\":{\"@type\":\"PropertyValueSpecification\",\"valueRequired\":true,\"valueName\":\"search_term_string\"}}],\"inLanguage\":\"pt\"}]}<\/script>\n<!-- \/ Yoast SEO plugin. -->","yoast_head_json":{"title":"Empresa - Dogher","robots":{"index":"index","follow":"follow","max-snippet":"max-snippet:-1","max-image-preview":"max-image-preview:large","max-video-preview":"max-video-preview:-1"},"canonical":"https:\/\/www.dogher.com\/pt\/empresa\/","og_locale":"pt_PT","og_type":"article","og_title":"Empresa - Dogher","og_description":"A empresa Ferramenta Manual Industrial DOGHER TOOLS, S.A. estabelece-se como a op\u00e7\u00e3o mais competitiva no mercado industrial de Ferramentas Manuais, oferecendo aos seus clientes ferramentas da mais alta qualidade, dentro do amplo leque de refer\u00eancias que comp\u00f5em cada uma das fam\u00edlias apresentadas no seu Novo Cat\u00e1logo, sempre com a garantia que proporciona um empresa pr\u00f3xima [&hellip;]","og_url":"https:\/\/www.dogher.com\/pt\/empresa\/","og_site_name":"Dogher","article_modified_time":"2026-01-21T10:53:14+00:00","og_image":[{"width":1800,"height":650,"url":"https:\/\/www.dogher.com\/assets\/media\/cabecera-01.jpg","type":"image\/jpeg"}],"twitter_card":"summary_large_image","twitter_misc":{"Est. reading time":"1 minute"},"schema":{"@context":"https:\/\/schema.org","@graph":[{"@type":"WebPage","@id":"https:\/\/www.dogher.com\/pt\/empresa\/","url":"https:\/\/www.dogher.com\/pt\/empresa\/","name":"Empresa - Dogher","isPartOf":{"@id":"https:\/\/www.dogher.com\/#website"},"primaryImageOfPage":{"@id":"https:\/\/www.dogher.com\/pt\/empresa\/#primaryimage"},"image":{"@id":"https:\/\/www.dogher.com\/pt\/empresa\/#primaryimage"},"thumbnailUrl":"https:\/\/www.dogher.com\/assets\/media\/cabecera-01.jpg","datePublished":"2024-01-30T09:01:37+00:00","dateModified":"2026-01-21T10:53:14+00:00","breadcrumb":{"@id":"https:\/\/www.dogher.com\/pt\/empresa\/#breadcrumb"},"inLanguage":"pt","potentialAction":[{"@type":"ReadAction","target":["https:\/\/www.dogher.com\/pt\/empresa\/"]}]},{"@type":"ImageObject","inLanguage":"pt","@id":"https:\/\/www.dogher.com\/pt\/empresa\/#primaryimage","url":"https:\/\/www.dogher.com\/assets\/media\/cabecera-01.jpg","contentUrl":"https:\/\/www.dogher.com\/assets\/media\/cabecera-01.jpg","width":1800,"height":650,"caption":"Fabricante Herramientas Manuales"},{"@type":"BreadcrumbList","@id":"https:\/\/www.dogher.com\/pt\/empresa\/#breadcrumb","itemListElement":[{"@type":"ListItem","position":1,"name":"Portada","item":"https:\/\/www.dogher.com\/"},{"@type":"ListItem","position":2,"name":"Empresa"}]},{"@type":"WebSite","@id":"https:\/\/www.dogher.com\/#website","url":"https:\/\/www.dogher.com\/","name":"Dogher","description":"Herramientas de mano","potentialAction":[{"@type":"SearchAction","target":{"@type":"EntryPoint","urlTemplate":"https:\/\/www.dogher.com\/?s={search_term_string}"},"query-input":{"@type":"PropertyValueSpecification","valueRequired":true,"valueName":"search_term_string"}}],"inLanguage":"pt"}]}},"_links":{"self":[{"href":"https:\/\/www.dogher.com\/pt\/wp-json\/wp\/v2\/pages\/1624","targetHints":{"allow":["GET"]}}],"collection":[{"href":"https:\/\/www.dogher.com\/pt\/wp-json\/wp\/v2\/pages"}],"about":[{"href":"https:\/\/www.dogher.com\/pt\/wp-json\/wp\/v2\/types\/page"}],"author":[{"embeddable":true,"href":"https:\/\/www.dogher.com\/pt\/wp-json\/wp\/v2\/users\/1"}],"replies":[{"embeddable":true,"href":"https:\/\/www.dogher.com\/pt\/wp-json\/wp\/v2\/comments?post=1624"}],"version-history":[{"count":5,"href":"https:\/\/www.dogher.com\/pt\/wp-json\/wp\/v2\/pages\/1624\/revisions"}],"predecessor-version":[{"id":4455,"href":"https:\/\/www.dogher.com\/pt\/wp-json\/wp\/v2\/pages\/1624\/revisions\/4455"}],"wp:featuredmedia":[{"embeddable":true,"href":"https:\/\/www.dogher.com\/pt\/wp-json\/wp\/v2\/media\/1535"}],"wp:attachment":[{"href":"https:\/\/www.dogher.com\/pt\/wp-json\/wp\/v2\/media?parent=1624"}],"curies":[{"name":"wp","href":"https:\/\/api.w.org\/{rel}","templated":true}]}}