 {"id":1584,"date":"2024-01-30T09:33:34","date_gmt":"2024-01-30T08:33:34","guid":{"rendered":"https:\/\/www.dogher.com\/politica-cookies\/"},"modified":"2024-04-02T16:26:21","modified_gmt":"2024-04-02T14:26:21","slug":"politica-cookies","status":"publish","type":"page","link":"https:\/\/www.dogher.com\/pt\/politica-cookies\/","title":{"rendered":"Pol\u00edtica de cookies"},"content":{"rendered":"<h4>Cookies<\/h4>\n<p>Informamos que o site Dogher utiliza cookies. Um cookie \u00e9 uma pequena quantidade de informa\u00e7\u00e3o armazenada por um site no computador do usu\u00e1rio. Os cookies s\u00e3o usados porque as p\u00e1ginas da web n\u00e3o t\u00eam mem\u00f3ria. Um usu\u00e1rio que vai de uma p\u00e1gina para outra em uma p\u00e1gina web n\u00e3o \u00e9 reconhecido como o mesmo usu\u00e1rio. Os cookies permitem que o site reconhe\u00e7a o navegador do usu\u00e1rio. Portanto, os cookies s\u00e3o geralmente utilizados para lembrar as op\u00e7\u00f5es que o usu\u00e1rio escolheu (por exemplo, lembrar o idioma que utiliza) ou para reconhecer os usu\u00e1rios que frequentam o site.<\/p>\n<p>Os cookies podem ser de \u201csess\u00e3o\u201d ou permanentes. Os cookies de sess\u00e3o permitem identificar o utilizador durante a sess\u00e3o ao vivo, o que significa que os cookies ficam memorizados e s\u00f3 s\u00e3o v\u00e1lidos durante uma sess\u00e3o ativa, ou seja, durante a sua visita ao site. Estes cookies n\u00e3o registam permanentemente nenhuma informa\u00e7\u00e3o no disco r\u00edgido do seu computador e expiram no final da sess\u00e3o.<\/p>\n<p>Nosso site utiliza 3 tipos de cookies:<\/p>\n<ul>\n<li><strong>Cookies t\u00e9cnicos: <\/strong>Utilizamos cookies t\u00e9cnicos para visualizar o nosso site, faz\u00ea-lo funcionar corretamente, criar a sua conta de utilizador, iniciar sess\u00e3o e gerir as suas reservas. Estes cookies t\u00e9cnicos s\u00e3o necess\u00e1rios para que o nosso site funcione corretamente.<\/li>\n<li><strong>Cookies funcionais:<\/strong> Tamb\u00e9m utilizamos cookies funcionais para lembrar suas prefer\u00eancias e para ajud\u00e1-lo a usar nosso site de forma eficiente e eficaz, como lembrar sua moeda e idioma favoritos, suas pesquisas e os estabelecimentos que voc\u00ea visitou. Estes cookies funcionais n\u00e3o s\u00e3o necess\u00e1rios para o funcionamento do nosso website, mas adicionam funcionalidades para melhorar a experi\u00eancia do utilizador.<\/li>\n<li>Utilizamos cookies anal\u00edticos para compreender como os nossos utilizadores utilizam o website, detectar o que funciona e o que n\u00e3o funciona, optimizar e melhorar o website e garantir que os nossos utilizadores continuam a considerar o nosso website interessante e relevante. As informa\u00e7\u00f5es que coletamos incluem p\u00e1ginas da web visitadas, p\u00e1ginas de refer\u00eancia\/sa\u00edda, tipo de plataforma, informa\u00e7\u00f5es de data\/hora e dados como o n\u00famero de cliques (do mouse) em uma determinada p\u00e1gina, movimentos do mouse, rolagem e as palavras (pesquisa) que voc\u00ea usa e o texto que voc\u00ea digita quando usa nosso site. Esta informa\u00e7\u00e3o \u00e9 an\u00f3nima, pois s\u00f3 necessitamos dela para fins estat\u00edsticos.<\/li>\n<\/ul>\n<p>No site em geral, os cookies apenas coletam determinadas informa\u00e7\u00f5es do usu\u00e1rio (ou seja, o tipo de navegador de Internet do usu\u00e1rio, o sistema operacional do usu\u00e1rio e o endere\u00e7o IP a partir do qual nosso site \u00e9 acessado para facilitar a navega\u00e7\u00e3o pelo nosso site).<\/p>\n<p>Em geral, os cookies que utilizamos associam-se apenas a um utilizador an\u00f3nimo e ao seu computador e n\u00e3o fornecem refer\u00eancias que permitam deduzir o nome e apelido do utilizador. No que diz respeito aos processos de compra online em particular, os dados introduzidos pelo utilizador durante o processo de compra ser\u00e3o associados ao seu identificador de sess\u00e3o para reconcilia\u00e7\u00f5es banc\u00e1rias e para comprova\u00e7\u00e3o do contrato.<\/p>\n<h4>Navegue sem cookies<\/h4>\n<p>O utilizador pode sempre personalizar a utiliza\u00e7\u00e3o de \u201ccookies\u201d, bem como impedir a recolha de \u201ccookies\u201d modificando as op\u00e7\u00f5es do pr\u00f3prio navegador do utilizador, entre as mais comuns:<\/p>\n<ul>\n<li><strong>Firefox:<\/strong> Op\u00e7\u00f5es\\Privacidade\\Rastreamento\\informar sites que n\u00e3o quero ser rastreado<\/li>\n<li><strong>Chrome:<\/strong> Menu do Chrome\\Configura\u00e7\u00f5es\\Mostrar op\u00e7\u00f5es avan\u00e7adas\\Privacidade\\Configura\u00e7\u00f5es de conte\u00fado\\Cookies\\bloquear cookies por padr\u00e3o<\/li>\n<li><strong>Safari:<\/strong> Prefer\u00eancias\\Privacidade\\Bloquear Cookies<\/li>\n<li><strong>Explorer:<\/strong> Ferramentas\\Op\u00e7\u00f5es da Internet\\Privacidade\\Configura\u00e7\u00f5es\\ mova o controle deslizante totalmente para cima para bloquear todos os cookies ou totalmente para baixo para permitir todos os cookies e clique em OK.<\/li>\n<\/ul>\n<p>Ao bloquear completamente os cookies, voc\u00ea pode impedir que determinados sites sejam exibidos corretamente.<\/p>\n<h4>Cookies utilizados<\/h4>\n<p>Especificamente no nosso website utilizamos os seguintes tipos de cookies:<\/p>\n<section class=\"tabla-cookies__wrapper\">\n<div class=\"tabla-cookies__container\">\n<p>\u00a0<\/p>\n<div class=\"tabla-cookies__row\">\n<div class=\"py-2\">\n<p>Cookies necess\u00e1rios:<\/p>\n<\/div>\n<table class=\"wt-cli-element cookielawinfo-row-cat-table cookielawinfo-classic\">\n<thead>\n<tr>\n<th scope=\"col\" class=\"cookielawinfo-column-1\">Cookie<\/th>\n<th scope=\"col\" class=\"cookielawinfo-column-2\">Type<\/th>\n<th scope=\"col\" class=\"cookielawinfo-column-3\">Duration<\/th>\n<th scope=\"col\" class=\"cookielawinfo-column-4\">Description<\/th>\n<\/tr>\n<\/thead>\n<tbody>\n<tr class=\"cookielawinfo-row\">\n<td class=\"cookielawinfo-column-1\">cookielawinfo-checkbox-necessary<\/td>\n<td class=\"cookielawinfo-column-2\">persistent<\/td>\n<td class=\"cookielawinfo-column-3\">11 months<\/td>\n<td class=\"cookielawinfo-column-4\">This cookie is set by the GDPR Cookie Consent plugin. It is used to store user consent for the cookies in the \u201cNecessary\u201d category.<\/td>\n<\/tr>\n<tr class=\"cookielawinfo-row\">\n<td class=\"cookielawinfo-column-1\">cookielawinfo-checkbox-non-necessary<\/td>\n<td class=\"cookielawinfo-column-2\">persistent<\/td>\n<td class=\"cookielawinfo-column-3\">11 months<\/td>\n<td class=\"cookielawinfo-column-4\">This cookie is set by the GDPR Cookie Consent plugin. It is used to store user consent for the cookies in the \u201cNon-Necessary\u201d category.<\/td>\n<\/tr>\n<tr class=\"cookielawinfo-row\">\n<td class=\"cookielawinfo-column-1\">viewed_cookie_policy<\/td>\n<td class=\"cookielawinfo-column-2\">persistent<\/td>\n<td class=\"cookielawinfo-column-3\">11 months<\/td>\n<td class=\"cookielawinfo-column-4\">This cookie is set by the GDPR Cookie Consent plugin and is used to store whether or not the user has consented to the use of cookies. It does not store any personal data.<\/td>\n<\/tr>\n<\/tbody>\n<\/table>\n<\/div>\n<div class=\"tabla-cookies__row\">\n<div class=\"py-2\">\n<p>Estatisticas:<\/p>\n<\/div>\n<table class=\"wt-cli-element cookielawinfo-row-cat-table cookielawinfo-classic\">\n<thead>\n<tr>\n<th scope=\"col\" class=\"cookielawinfo-column-1\">Cookie<\/th>\n<th scope=\"col\" class=\"cookielawinfo-column-2\">Type<\/th>\n<th scope=\"col\" class=\"cookielawinfo-column-3\">Duration<\/th>\n<th scope=\"col\" class=\"cookielawinfo-column-4\">Description<\/th>\n<\/tr>\n<\/thead>\n<tbody>\n<tr class=\"cookielawinfo-row\">\n<td class=\"cookielawinfo-column-1\">__utma<\/td>\n<td class=\"cookielawinfo-column-2\">persistent<\/td>\n<td class=\"cookielawinfo-column-3\">2 years<\/td>\n<td class=\"cookielawinfo-column-4\">This cookie is set by Google Analytics and is used to distinguish users and sessions. It is created when the JavaScript library executes and there are no existing __utma cookies. It is updated every time data is sent to Google Analytics.<\/td>\n<\/tr>\n<tr class=\"cookielawinfo-row\">\n<td class=\"cookielawinfo-column-1\">__utmb<\/td>\n<td class=\"cookielawinfo-column-2\">persistent<\/td>\n<td class=\"cookielawinfo-column-3\">30 minutes<\/td>\n<td class=\"cookielawinfo-column-4\">This cookie is set by Google Analytics. It is used to determine new sessions\/visits. It is created when the JavaScript library executes and there are no existing __utma cookies. It is updated every time data is sent to Google Analytics.<\/td>\n<\/tr>\n<tr class=\"cookielawinfo-row\">\n<td class=\"cookielawinfo-column-1\">__utmc<\/td>\n<td class=\"cookielawinfo-column-2\">session<\/td>\n<td class=\"cookielawinfo-column-3\">End of browser session<\/td>\n<td class=\"cookielawinfo-column-4\">This cookie is set by Google Analytics and is deleted when the user closes their browser. It is not used by ga.js. It is used to enable interoperability with urchin.js, which is an older version of Google Analytics and used in conjunction with the __utmb cookie to determine new sessions\/visits.<\/td>\n<\/tr>\n<tr class=\"cookielawinfo-row\">\n<td class=\"cookielawinfo-column-1\">__utmt<\/td>\n<td class=\"cookielawinfo-column-2\">persistent<\/td>\n<td class=\"cookielawinfo-column-3\">10 minutes<\/td>\n<td class=\"cookielawinfo-column-4\">This cookie is set by Google Analytics and used to throttle the request rate.<\/td>\n<\/tr>\n<tr class=\"cookielawinfo-row\">\n<td class=\"cookielawinfo-column-1\">__utmz<\/td>\n<td class=\"cookielawinfo-column-2\">persistent<\/td>\n<td class=\"cookielawinfo-column-3\">6 months<\/td>\n<td class=\"cookielawinfo-column-4\">This cookie is set by Google Analytics and used to store the traffic source or campaign through which the visitor reaches the site.<\/td>\n<\/tr>\n<tr class=\"cookielawinfo-row\">\n<td class=\"cookielawinfo-column-1\">_ga<\/td>\n<td class=\"cookielawinfo-column-2\">persistent<\/td>\n<td class=\"cookielawinfo-column-3\">2 years<\/td>\n<td class=\"cookielawinfo-column-4\">This cookie is used to distinguish users and sessions.<\/td>\n<\/tr>\n<tr class=\"cookielawinfo-row\">\n<td class=\"cookielawinfo-column-1\">_gid<\/td>\n<td class=\"cookielawinfo-column-2\">persistent<\/td>\n<td class=\"cookielawinfo-column-3\">1 day<\/td>\n<td class=\"cookielawinfo-column-4\">This cookie is used to distinguish users and sessions.<\/td>\n<\/tr>\n<tr class=\"cookielawinfo-row\">\n<td class=\"cookielawinfo-column-1\">GPS<\/td>\n<td class=\"cookielawinfo-column-2\">persistent<\/td>\n<td class=\"cookielawinfo-column-3\">30 minutes<\/td>\n<td class=\"cookielawinfo-column-4\">This cookie is set by YouTube and registers a unique ID for tracking users based on their geographical location.<\/td>\n<\/tr>\n<tr class=\"cookielawinfo-row\">\n<td class=\"cookielawinfo-column-1\">test_cookie<\/td>\n<td class=\"cookielawinfo-column-2\">persistent<\/td>\n<td class=\"cookielawinfo-column-3\">11 months<\/td>\n<td class=\"cookielawinfo-column-4\">Google DoubleClick can set this cookie on our website to check whether the user\u2019s browser accepts cookies. Google DoubleClick aims to improve the advertising the user sees.<\/td>\n<\/tr>\n<tr class=\"cookielawinfo-row\">\n<td class=\"cookielawinfo-column-1\">YSC<\/td>\n<td class=\"cookielawinfo-column-2\">session<\/td>\n<td class=\"cookielawinfo-column-3\">End of browser session<\/td>\n<td class=\"cookielawinfo-column-4\">This cookie is set by YouTube and is used to track views of embedded videos.<\/td>\n<\/tr>\n<\/tbody>\n<\/table>\n<\/div>\n<div class=\"tabla-cookies__row\">\n<div class=\"py-2\">Marketing:<\/div>\n<table class=\"wt-cli-element cookielawinfo-row-cat-table cookielawinfo-classic\">\n<thead>\n<tr>\n<th scope=\"col\" class=\"cookielawinfo-column-1\">Cookie<\/th>\n<th scope=\"col\" class=\"cookielawinfo-column-2\">Type<\/th>\n<th scope=\"col\" class=\"cookielawinfo-column-3\">Duration<\/th>\n<th scope=\"col\" class=\"cookielawinfo-column-4\">Description<\/th>\n<\/tr>\n<\/thead>\n<tbody>\n<tr class=\"cookielawinfo-row\">\n<td class=\"cookielawinfo-column-1\">IDE<\/td>\n<td class=\"cookielawinfo-column-2\">persistent<\/td>\n<td class=\"cookielawinfo-column-3\">2 years<\/td>\n<td class=\"cookielawinfo-column-4\">This cookie is used by Google DoubleClick and stores information about how the user interacts with the website and any other advert before visiting the website. This data is used to present the user with adverts that are relevant to them based on their user profile.<\/td>\n<\/tr>\n<tr class=\"cookielawinfo-row\">\n<td class=\"cookielawinfo-column-1\">uid<\/td>\n<td class=\"cookielawinfo-column-2\">persistent<\/td>\n<td class=\"cookielawinfo-column-3\">1 month<\/td>\n<td class=\"cookielawinfo-column-4\">This cookie is used to anonymously measure the number and behaviour of visitors to the website. This data includes the number of visits, average visit duration, pages visited, etc. to better understand user preferences for targeted adverts.<\/td>\n<\/tr>\n<tr class=\"cookielawinfo-row\">\n<td class=\"cookielawinfo-column-1\">VISITOR_INFO1_LIVE<\/td>\n<td class=\"cookielawinfo-column-2\">persistent<\/td>\n<td class=\"cookielawinfo-column-3\">5 months<\/td>\n<td class=\"cookielawinfo-column-4\">This cookie is set by YouTube. It is used to track information for YouTube videos embedded on a website.<\/td>\n<\/tr>\n<\/tbody>\n<\/table>\n<\/div>\n<div class=\"tabla-cookies__row\">\n<div class=\"py-2\">\n<p>Prefer\u00eancias:<\/p>\n<\/div>\n<table class=\"wt-cli-element cookielawinfo-row-cat-table cookielawinfo-classic\">\n<thead>\n<tr>\n<th scope=\"col\" class=\"cookielawinfo-column-1\">Cookie<\/th>\n<th scope=\"col\" class=\"cookielawinfo-column-2\">Type<\/th>\n<th scope=\"col\" class=\"cookielawinfo-column-3\">Duration<\/th>\n<th scope=\"col\" class=\"cookielawinfo-column-4\">Description<\/th>\n<\/tr>\n<\/thead>\n<tbody>\n<tr class=\"cookielawinfo-row\">\n<td class=\"cookielawinfo-column-1\">YTC<\/td>\n<td class=\"cookielawinfo-column-2\">persistent<\/td>\n<td class=\"cookielawinfo-column-3\">10 minutes<\/td>\n<td class=\"cookielawinfo-column-4\">This cookie is set by YouTube to manage the embedding and viewing of videos on our website.<\/td>\n<\/tr>\n<\/tbody>\n<\/table>\n<\/div>\n<p>\u00a0<\/p>\n<p>\u00a0<\/p>\n<\/div>\n<\/section>\n","protected":false},"excerpt":{"rendered":"<p>Cookies Informamos que o site Dogher utiliza cookies. Um cookie \u00e9 uma pequena quantidade de informa\u00e7\u00e3o armazenada por um site no computador do usu\u00e1rio. Os cookies s\u00e3o usados porque as p\u00e1ginas da web n\u00e3o t\u00eam mem\u00f3ria. Um usu\u00e1rio que vai de uma p\u00e1gina para outra em uma p\u00e1gina web n\u00e3o \u00e9 reconhecido como o mesmo [&hellip;]<\/p>\n","protected":false},"author":1,"featured_media":0,"parent":0,"menu_order":0,"comment_status":"closed","ping_status":"closed","template":"templates\/page-light-hero-with-container.php","meta":{"_acf_changed":false,"footnotes":""},"class_list":["post-1584","page","type-page","status-publish","hentry"],"acf":[],"yoast_head":"<!-- This site is optimized with the Yoast SEO plugin v27.1.1 - https:\/\/yoast.com\/product\/yoast-seo-wordpress\/ -->\n<title>Pol\u00edtica de cookies - Dogher<\/title>\n<meta name=\"robots\" content=\"noindex, follow\" \/>\n<meta property=\"og:locale\" content=\"pt_PT\" \/>\n<meta property=\"og:type\" content=\"article\" \/>\n<meta property=\"og:title\" content=\"Pol\u00edtica de cookies - Dogher\" \/>\n<meta property=\"og:description\" content=\"Cookies Informamos que o site Dogher utiliza cookies. Um cookie \u00e9 uma pequena quantidade de informa\u00e7\u00e3o armazenada por um site no computador do usu\u00e1rio. Os cookies s\u00e3o usados porque as p\u00e1ginas da web n\u00e3o t\u00eam mem\u00f3ria. Um usu\u00e1rio que vai de uma p\u00e1gina para outra em uma p\u00e1gina web n\u00e3o \u00e9 reconhecido como o mesmo [&hellip;]\" \/>\n<meta property=\"og:url\" content=\"https:\/\/www.dogher.com\/pt\/politica-cookies\/\" \/>\n<meta property=\"og:site_name\" content=\"Dogher\" \/>\n<meta property=\"article:modified_time\" content=\"2024-04-02T14:26:21+00:00\" \/>\n<meta name=\"twitter:card\" content=\"summary_large_image\" \/>\n<meta name=\"twitter:label1\" content=\"Est. reading time\" \/>\n\t<meta name=\"twitter:data1\" content=\"3 minutes\" \/>\n<script type=\"application\/ld+json\" class=\"yoast-schema-graph\">{\"@context\":\"https:\/\/schema.org\",\"@graph\":[{\"@type\":\"WebPage\",\"@id\":\"https:\/\/www.dogher.com\/pt\/politica-cookies\/\",\"url\":\"https:\/\/www.dogher.com\/pt\/politica-cookies\/\",\"name\":\"Pol\u00edtica de cookies - Dogher\",\"isPartOf\":{\"@id\":\"https:\/\/www.dogher.com\/#website\"},\"datePublished\":\"2024-01-30T08:33:34+00:00\",\"dateModified\":\"2024-04-02T14:26:21+00:00\",\"breadcrumb\":{\"@id\":\"https:\/\/www.dogher.com\/pt\/politica-cookies\/#breadcrumb\"},\"inLanguage\":\"pt\",\"potentialAction\":[{\"@type\":\"ReadAction\",\"target\":[\"https:\/\/www.dogher.com\/pt\/politica-cookies\/\"]}]},{\"@type\":\"BreadcrumbList\",\"@id\":\"https:\/\/www.dogher.com\/pt\/politica-cookies\/#breadcrumb\",\"itemListElement\":[{\"@type\":\"ListItem\",\"position\":1,\"name\":\"Portada\",\"item\":\"https:\/\/www.dogher.com\/\"},{\"@type\":\"ListItem\",\"position\":2,\"name\":\"Pol\u00edtica de cookies\"}]},{\"@type\":\"WebSite\",\"@id\":\"https:\/\/www.dogher.com\/#website\",\"url\":\"https:\/\/www.dogher.com\/\",\"name\":\"Dogher\",\"description\":\"Herramientas de mano\",\"potentialAction\":[{\"@type\":\"SearchAction\",\"target\":{\"@type\":\"EntryPoint\",\"urlTemplate\":\"https:\/\/www.dogher.com\/?s={search_term_string}\"},\"query-input\":{\"@type\":\"PropertyValueSpecification\",\"valueRequired\":true,\"valueName\":\"search_term_string\"}}],\"inLanguage\":\"pt\"}]}<\/script>\n<!-- \/ Yoast SEO plugin. -->","yoast_head_json":{"title":"Pol\u00edtica de cookies - Dogher","robots":{"index":"noindex","follow":"follow"},"og_locale":"pt_PT","og_type":"article","og_title":"Pol\u00edtica de cookies - Dogher","og_description":"Cookies Informamos que o site Dogher utiliza cookies. Um cookie \u00e9 uma pequena quantidade de informa\u00e7\u00e3o armazenada por um site no computador do usu\u00e1rio. Os cookies s\u00e3o usados porque as p\u00e1ginas da web n\u00e3o t\u00eam mem\u00f3ria. Um usu\u00e1rio que vai de uma p\u00e1gina para outra em uma p\u00e1gina web n\u00e3o \u00e9 reconhecido como o mesmo [&hellip;]","og_url":"https:\/\/www.dogher.com\/pt\/politica-cookies\/","og_site_name":"Dogher","article_modified_time":"2024-04-02T14:26:21+00:00","twitter_card":"summary_large_image","twitter_misc":{"Est. reading time":"3 minutes"},"schema":{"@context":"https:\/\/schema.org","@graph":[{"@type":"WebPage","@id":"https:\/\/www.dogher.com\/pt\/politica-cookies\/","url":"https:\/\/www.dogher.com\/pt\/politica-cookies\/","name":"Pol\u00edtica de cookies - Dogher","isPartOf":{"@id":"https:\/\/www.dogher.com\/#website"},"datePublished":"2024-01-30T08:33:34+00:00","dateModified":"2024-04-02T14:26:21+00:00","breadcrumb":{"@id":"https:\/\/www.dogher.com\/pt\/politica-cookies\/#breadcrumb"},"inLanguage":"pt","potentialAction":[{"@type":"ReadAction","target":["https:\/\/www.dogher.com\/pt\/politica-cookies\/"]}]},{"@type":"BreadcrumbList","@id":"https:\/\/www.dogher.com\/pt\/politica-cookies\/#breadcrumb","itemListElement":[{"@type":"ListItem","position":1,"name":"Portada","item":"https:\/\/www.dogher.com\/"},{"@type":"ListItem","position":2,"name":"Pol\u00edtica de cookies"}]},{"@type":"WebSite","@id":"https:\/\/www.dogher.com\/#website","url":"https:\/\/www.dogher.com\/","name":"Dogher","description":"Herramientas de mano","potentialAction":[{"@type":"SearchAction","target":{"@type":"EntryPoint","urlTemplate":"https:\/\/www.dogher.com\/?s={search_term_string}"},"query-input":{"@type":"PropertyValueSpecification","valueRequired":true,"valueName":"search_term_string"}}],"inLanguage":"pt"}]}},"_links":{"self":[{"href":"https:\/\/www.dogher.com\/pt\/wp-json\/wp\/v2\/pages\/1584","targetHints":{"allow":["GET"]}}],"collection":[{"href":"https:\/\/www.dogher.com\/pt\/wp-json\/wp\/v2\/pages"}],"about":[{"href":"https:\/\/www.dogher.com\/pt\/wp-json\/wp\/v2\/types\/page"}],"author":[{"embeddable":true,"href":"https:\/\/www.dogher.com\/pt\/wp-json\/wp\/v2\/users\/1"}],"replies":[{"embeddable":true,"href":"https:\/\/www.dogher.com\/pt\/wp-json\/wp\/v2\/comments?post=1584"}],"version-history":[{"count":3,"href":"https:\/\/www.dogher.com\/pt\/wp-json\/wp\/v2\/pages\/1584\/revisions"}],"predecessor-version":[{"id":1885,"href":"https:\/\/www.dogher.com\/pt\/wp-json\/wp\/v2\/pages\/1584\/revisions\/1885"}],"wp:attachment":[{"href":"https:\/\/www.dogher.com\/pt\/wp-json\/wp\/v2\/media?parent=1584"}],"curies":[{"name":"wp","href":"https:\/\/api.w.org\/{rel}","templated":true}]}}