 {"id":1582,"date":"2024-01-30T09:33:05","date_gmt":"2024-01-30T08:33:05","guid":{"rendered":"https:\/\/www.dogher.com\/aviso-legal\/"},"modified":"2024-04-02T16:01:48","modified_gmt":"2024-04-02T14:01:48","slug":"aviso-legal","status":"publish","type":"page","link":"https:\/\/www.dogher.com\/pt\/aviso-legal\/","title":{"rendered":"Aviso legal"},"content":{"rendered":"<p>Entidade propriet\u00e1ria do site: DOGHER TOOLS, S.A. (doravante O PROPRIET\u00c1RIO), com sede em Pol. Ind. Arriandi C\/Tabernabarri, N\u00ba 48215 Iurreta (Vizcaya) Espanha<\/p>\n<p>Dados cadastrais da empresa: Inscrita no Registro Comercial de Biscaia, Volume 5.233, F\u00f3lio 202, Folha N. BI-59108, com C.I.F. A-95652368<\/p>\n<h3>1. Condi\u00e7\u00f5es de uso<\/h3>\n<p>O usu\u00e1rio concorda em utilizar o site e os seus servi\u00e7os de acordo com a lei e este Aviso Legal. O acesso a qualquer endere\u00e7o deste site implica o conhecimento e aceita\u00e7\u00e3o destas condi\u00e7\u00f5es.<\/p>\n<h3>2. Servi\u00e7os e conte\u00fado<\/h3>\n<p>A informa\u00e7\u00e3o contida nestas p\u00e1ginas web \u00e9 atual \u00e0 data da sua \u00faltima atualiza\u00e7\u00e3o, podendo n\u00e3o estar atualizada \u00e0 data da consulta do utilizador, tendo um car\u00e1ter meramente informativo.<\/p>\n<p>O PROPRIET\u00c1RIO reserva-se o direito de atualizar e modificar a qualquer momento a informa\u00e7\u00e3o contida nestas p\u00e1ginas web e de limitar ou impedir o acesso tempor\u00e1ria ou permanentemente quando considerar apropriado.<\/p>\n<p>O PROPRIET\u00c1RIO poder\u00e1 retirar ou suspender sem aviso pr\u00e9vio e a qualquer momento a presta\u00e7\u00e3o dos Servi\u00e7os aos usu\u00e1rios que n\u00e3o cumpram o disposto neste Aviso Legal.<\/p>\n<p>Os links para p\u00e1ginas de terceiros nas p\u00e1ginas do PROPRIET\u00c1RIO t\u00eam car\u00e1ter meramente informativo e em nenhum caso constituem sugest\u00e3o, convite ou recomenda\u00e7\u00e3o ao seu respeito.<\/p>\n<h3>3. Responsabilidade<\/h3>\n<p>O PROPRIET\u00c1RIO n\u00e3o se responsabiliza por poss\u00edveis erros causados pelo uso incorreto dos sistemas de informa\u00e7\u00e3o por parte do usu\u00e1rio.<\/p>\n<p>O Aviso Legal s\u00f3 \u00e9 aplic\u00e1vel \u00e0s informa\u00e7\u00f5es coletadas diretamente no site do PROPRIET\u00c1RIO. A entidade rejeita qualquer responsabilidade que possa surgir das informa\u00e7\u00f5es ou downloads acess\u00edveis nas p\u00e1ginas web de terceiros, singulares ou colectivos, ligados atrav\u00e9s de links com as p\u00e1ginas web do PROPRIET\u00c1RIO.<\/p>\n<p>O PROPRIET\u00c1RIO declina qualquer responsabilidade decorrente da troca de informa\u00e7\u00f5es entre usu\u00e1rios atrav\u00e9s das suas p\u00e1ginas web. A responsabilidade pelas declara\u00e7\u00f5es divulgadas nas suas p\u00e1ginas web corresponde a quem as faz.<\/p>\n<p>Os menores dever\u00e3o obter autoriza\u00e7\u00e3o pr\u00e9via dos pais, tutores ou representantes legais, que ser\u00e3o considerados respons\u00e1veis \u200b\u200bpelos atos praticados, para aceder aos servi\u00e7os disponibilizados neste site.<\/p>\n<h3>4. Propriedade Intelectual<\/h3>\n<p>O conte\u00fado das p\u00e1ginas web (incluindo sem limites, imagens, textos, marcas, nomes comerciais, logotipos e outros conte\u00fados audiovisuais) \u00e9, salvo indica\u00e7\u00e3o em contr\u00e1rio, propriedade intelectual do PROPRIET\u00c1RIO ou de terceiros.<\/p>\n<p>O conte\u00fado das p\u00e1ginas web (incluindo sem limites, imagens, textos, marcas, nomes comerciais, logotipos e outros conte\u00fados audiovisuais) \u00e9, salvo indica\u00e7\u00e3o em contr\u00e1rio, propriedade intelectual do PROPRIET\u00c1RIO ou de terceiros.<\/p>\n<h3>5. Navega\u00e7\u00e3o e Seguran\u00e7a<\/h3>\n<p>Para agilizar e personalizar a navega\u00e7\u00e3o do utilizador, este website poder\u00e1 utilizar cookies. Al\u00e9m disso, estes cookies permitem ao PROPRIET\u00c1RIO compilar estat\u00edsticas de utiliza\u00e7\u00e3o an\u00f3nimas. Esses arquivos n\u00e3o armazenam nenhum dado pessoal e podem ser desativados a qualquer momento nas op\u00e7\u00f5es do navegador.<\/p>\n<h3>6. Pol\u00edtica de Privacidade e Tratamento de Dados Pessoais<\/h3>\n<p>O PROPRIET\u00c1RIO est\u00e1 ciente da absoluta import\u00e2ncia de preservar a sua privacidade.<\/p>\n<p>Os \u00fanicos dados aos quais o PROPIET\u00c1RIO ter\u00e1 acesso ser\u00e3o aqueles que o usu\u00e1rio nos fornecer voluntariamente atrav\u00e9s dos formul\u00e1rios e endere\u00e7os de contato deste site. Estes dados devem ser verdadeiros, assumindo a obriga\u00e7\u00e3o de comunicar quaisquer altera\u00e7\u00f5es que lhes possam ocorrer. Se n\u00e3o quiser fornecer-nos os dados especificados como necess\u00e1rios, n\u00e3o ser\u00e1 poss\u00edvel responder corretamente \u00e0 sua solicita\u00e7\u00e3o.<\/p>\n<p>Os dados pessoais fornecidos ser\u00e3o incorporados, para o seu processamento, em arquivos cuja responsabilidade e titularidade correspondem ao PROPRIET\u00c1RIO e \u00e0s empresas do grupo no setor de ferramentas.<\/p>\n<p>Os dados ser\u00e3o recolhidos, armazenados e transmitidos de forma segura em conformidade com as medidas t\u00e9cnicas e organizacionais exigidas pela Lei Org\u00e2nica 15\/999 de Protec\u00e7\u00e3o de Dados Pessoais (LOPD) e estabelecidas no Regulamento de Desenvolvimento da LOPD aprovado no Real Decreto 1720\/ 2007, em conformidade com a Diretiva 95\/46\/CE do Parlamento Europeu e do Conselho relativa \u00e0 prote\u00e7\u00e3o das pessoas singulares no que diz respeito ao tratamento de dados pessoais e \u00e0 livre circula\u00e7\u00e3o desses dados.<\/p>\n<p>Os dados recolhidos nos diferentes formul\u00e1rios dispon\u00edveis nas nossas p\u00e1ginas web ser\u00e3o utilizados para os seguintes fins:<\/p>\n<ul>\n<li><strong>CONTACTE-NOS: <\/strong>Responder e gerir d\u00favidas, preocupa\u00e7\u00f5es e\/ou necessidades levantadas por este meio relativamente aos produtos, servi\u00e7os ou produtos das empresas do grupo.<\/li>\n<li><strong>OFERTA DE TRABALHO<\/strong>: Gerenciar as candidaturas dos processos seletivos de pessoal convocados em cada uma das empresas do grupo empresarial.<\/li>\n<li><strong>ATENDIMENTO AO CLIENTE<\/strong>: Atender e gerenciar qualquer tipo de consulta realizada por clientes ou potenciais clientes atrav\u00e9s deste meio.<\/li>\n<li><strong>FALE CONOSCO<\/strong>: Responder e gerenciar d\u00favidas ou sugest\u00f5es levantadas atrav\u00e9s deste meio.<\/li>\n<li><strong>INSCREVA-SE \/ NEWSLETTER. <\/strong>Gerir o envio de newsletter com novidades, ofertas ou qualquer outra informa\u00e7\u00e3o relacionada com produtos, servi\u00e7os ou eventos relacionados com a atividade da empresa.<\/li>\n<li><strong>PROGRAMA DE COLABORADORES<\/strong>: Gerenciar a participa\u00e7\u00e3o no programa para ajudar a criar novos produtos e servi\u00e7os.<\/li>\n<li><strong>PRODUTO EM DESTAQUE<\/strong>: Responder e gerenciar d\u00favidas sobre a linha de produtos da empresa.<\/li>\n<li><strong>CONSULTA T\u00c9CNICA<\/strong>: Atender, gerenciar e resolver qualquer problema relacionado com a ferramenta.<\/li>\n<li><strong>REDES SOCIAIS<\/strong>: Reportar temas relacionados ao setor e \u00e0s empresas do grupo, e interagir (por meio de v\u00eddeos, fotos, coment\u00e1rios, sorteios) com os usu\u00e1rios das redes sociais.<\/li>\n<\/ul>\n<p>Adicionalmente, ao aceitar esta pol\u00edtica de privacidade consente expressamente que os dados fornecidos sejam utilizados e cedidos \u00e0s empresas do grupo para monitoriza\u00e7\u00e3o dos pedidos efetuados, bem como para envio, por qualquer meio, incluindo meios eletr\u00f3nicos ou similares, de publicidade ou informa\u00e7\u00e3o comercial. sobre os produtos e servi\u00e7os dessas empresas. Podem ser consultados a qualquer momento neste site.<\/p>\n<p>Voc\u00ea tamb\u00e9m est\u00e1 informado e consente expressamente que os dados fornecidos atrav\u00e9s do site sejam transferidos e processados \u200b\u200bpara fins puramente t\u00e9cnicos e operacionais em servidores de empresas terceirizadas localizadas em pa\u00edses estrangeiros, garantindo em todos os casos a confidencialidade e a privacidade dos mesmos.<\/p>\n<p>O PROPRIET\u00c1RIO facilita a todo o momento o exerc\u00edcio dos direitos de acesso, retifica\u00e7\u00e3o, cancelamento e oposi\u00e7\u00e3o atrav\u00e9s de meios f\u00e1ceis e simples. Estes poder\u00e3o ser exercidos em qualquer caso atrav\u00e9s do envio de correio postal ou e-mail para os seguintes endere\u00e7os: comercial@dogher.com ou para Pol. Ind. Arriandi C\/Tabernabarri, N\u00ba 48215 Iurreta (Vizcaya) Espanha, anexando em todos os casos uma c\u00f3pia do seu Documento Nacional de Identidade ou documento equivalente.<\/p>\n<h3>7. Resolu\u00e7\u00e3o de conflitos e legisla\u00e7\u00e3o aplic\u00e1vel<\/h3>\n<p>Os usu\u00e1rios das p\u00e1ginas web obrigam-se a utiliz\u00e1-las em conformidade com as leis e pr\u00e1ticas de tr\u00e1fego, respondendo perante O PROPRIET\u00c1RIO ou perante terceiros por quaisquer danos que possam ser causados em consequ\u00eancia do incumprimento da referida obriga\u00e7\u00e3o.<\/p>\n<p>Este Aviso Legal rege-se em todos e cada um dos seus extremos pela legisla\u00e7\u00e3o espanhola.<\/p>\n<h3>8. Contato<\/h3>\n<p>Para qualquer d\u00favida, sugest\u00e3o, reclama\u00e7\u00e3o ou reclama\u00e7\u00e3o, existem formul\u00e1rios de contacto na \u00e1rea de Atendimento ao Cliente do site.<\/p>\n","protected":false},"excerpt":{"rendered":"<p>Entidade propriet\u00e1ria do site: DOGHER TOOLS, S.A. (doravante O PROPRIET\u00c1RIO), com sede em Pol. Ind. Arriandi C\/Tabernabarri, N\u00ba 48215 Iurreta (Vizcaya) Espanha Dados cadastrais da empresa: Inscrita no Registro Comercial de Biscaia, Volume 5.233, F\u00f3lio 202, Folha N. BI-59108, com C.I.F. A-95652368 1. Condi\u00e7\u00f5es de uso O usu\u00e1rio concorda em utilizar o site e os [&hellip;]<\/p>\n","protected":false},"author":1,"featured_media":0,"parent":0,"menu_order":0,"comment_status":"closed","ping_status":"closed","template":"templates\/page-light-hero-with-container.php","meta":{"_acf_changed":false,"footnotes":""},"class_list":["post-1582","page","type-page","status-publish","hentry"],"acf":[],"yoast_head":"<!-- This site is optimized with the Yoast SEO plugin v27.1.1 - https:\/\/yoast.com\/product\/yoast-seo-wordpress\/ -->\n<title>Aviso legal - Dogher<\/title>\n<meta name=\"robots\" content=\"noindex, follow\" \/>\n<meta property=\"og:locale\" content=\"pt_PT\" \/>\n<meta property=\"og:type\" content=\"article\" \/>\n<meta property=\"og:title\" content=\"Aviso legal - Dogher\" \/>\n<meta property=\"og:description\" content=\"Entidade propriet\u00e1ria do site: DOGHER TOOLS, S.A. (doravante O PROPRIET\u00c1RIO), com sede em Pol. Ind. Arriandi C\/Tabernabarri, N\u00ba 48215 Iurreta (Vizcaya) Espanha Dados cadastrais da empresa: Inscrita no Registro Comercial de Biscaia, Volume 5.233, F\u00f3lio 202, Folha N. BI-59108, com C.I.F. A-95652368 1. Condi\u00e7\u00f5es de uso O usu\u00e1rio concorda em utilizar o site e os [&hellip;]\" \/>\n<meta property=\"og:url\" content=\"https:\/\/www.dogher.com\/pt\/aviso-legal\/\" \/>\n<meta property=\"og:site_name\" content=\"Dogher\" \/>\n<meta property=\"article:modified_time\" content=\"2024-04-02T14:01:48+00:00\" \/>\n<meta name=\"twitter:card\" content=\"summary_large_image\" \/>\n<meta name=\"twitter:label1\" content=\"Est. reading time\" \/>\n\t<meta name=\"twitter:data1\" content=\"5 minutes\" \/>\n<script type=\"application\/ld+json\" class=\"yoast-schema-graph\">{\"@context\":\"https:\/\/schema.org\",\"@graph\":[{\"@type\":\"WebPage\",\"@id\":\"https:\/\/www.dogher.com\/pt\/aviso-legal\/\",\"url\":\"https:\/\/www.dogher.com\/pt\/aviso-legal\/\",\"name\":\"Aviso legal - Dogher\",\"isPartOf\":{\"@id\":\"https:\/\/www.dogher.com\/#website\"},\"datePublished\":\"2024-01-30T08:33:05+00:00\",\"dateModified\":\"2024-04-02T14:01:48+00:00\",\"breadcrumb\":{\"@id\":\"https:\/\/www.dogher.com\/pt\/aviso-legal\/#breadcrumb\"},\"inLanguage\":\"pt\",\"potentialAction\":[{\"@type\":\"ReadAction\",\"target\":[\"https:\/\/www.dogher.com\/pt\/aviso-legal\/\"]}]},{\"@type\":\"BreadcrumbList\",\"@id\":\"https:\/\/www.dogher.com\/pt\/aviso-legal\/#breadcrumb\",\"itemListElement\":[{\"@type\":\"ListItem\",\"position\":1,\"name\":\"Portada\",\"item\":\"https:\/\/www.dogher.com\/\"},{\"@type\":\"ListItem\",\"position\":2,\"name\":\"Aviso legal\"}]},{\"@type\":\"WebSite\",\"@id\":\"https:\/\/www.dogher.com\/#website\",\"url\":\"https:\/\/www.dogher.com\/\",\"name\":\"Dogher\",\"description\":\"Herramientas de mano\",\"potentialAction\":[{\"@type\":\"SearchAction\",\"target\":{\"@type\":\"EntryPoint\",\"urlTemplate\":\"https:\/\/www.dogher.com\/?s={search_term_string}\"},\"query-input\":{\"@type\":\"PropertyValueSpecification\",\"valueRequired\":true,\"valueName\":\"search_term_string\"}}],\"inLanguage\":\"pt\"}]}<\/script>\n<!-- \/ Yoast SEO plugin. -->","yoast_head_json":{"title":"Aviso legal - Dogher","robots":{"index":"noindex","follow":"follow"},"og_locale":"pt_PT","og_type":"article","og_title":"Aviso legal - Dogher","og_description":"Entidade propriet\u00e1ria do site: DOGHER TOOLS, S.A. (doravante O PROPRIET\u00c1RIO), com sede em Pol. Ind. Arriandi C\/Tabernabarri, N\u00ba 48215 Iurreta (Vizcaya) Espanha Dados cadastrais da empresa: Inscrita no Registro Comercial de Biscaia, Volume 5.233, F\u00f3lio 202, Folha N. BI-59108, com C.I.F. A-95652368 1. Condi\u00e7\u00f5es de uso O usu\u00e1rio concorda em utilizar o site e os [&hellip;]","og_url":"https:\/\/www.dogher.com\/pt\/aviso-legal\/","og_site_name":"Dogher","article_modified_time":"2024-04-02T14:01:48+00:00","twitter_card":"summary_large_image","twitter_misc":{"Est. reading time":"5 minutes"},"schema":{"@context":"https:\/\/schema.org","@graph":[{"@type":"WebPage","@id":"https:\/\/www.dogher.com\/pt\/aviso-legal\/","url":"https:\/\/www.dogher.com\/pt\/aviso-legal\/","name":"Aviso legal - Dogher","isPartOf":{"@id":"https:\/\/www.dogher.com\/#website"},"datePublished":"2024-01-30T08:33:05+00:00","dateModified":"2024-04-02T14:01:48+00:00","breadcrumb":{"@id":"https:\/\/www.dogher.com\/pt\/aviso-legal\/#breadcrumb"},"inLanguage":"pt","potentialAction":[{"@type":"ReadAction","target":["https:\/\/www.dogher.com\/pt\/aviso-legal\/"]}]},{"@type":"BreadcrumbList","@id":"https:\/\/www.dogher.com\/pt\/aviso-legal\/#breadcrumb","itemListElement":[{"@type":"ListItem","position":1,"name":"Portada","item":"https:\/\/www.dogher.com\/"},{"@type":"ListItem","position":2,"name":"Aviso legal"}]},{"@type":"WebSite","@id":"https:\/\/www.dogher.com\/#website","url":"https:\/\/www.dogher.com\/","name":"Dogher","description":"Herramientas de mano","potentialAction":[{"@type":"SearchAction","target":{"@type":"EntryPoint","urlTemplate":"https:\/\/www.dogher.com\/?s={search_term_string}"},"query-input":{"@type":"PropertyValueSpecification","valueRequired":true,"valueName":"search_term_string"}}],"inLanguage":"pt"}]}},"_links":{"self":[{"href":"https:\/\/www.dogher.com\/pt\/wp-json\/wp\/v2\/pages\/1582","targetHints":{"allow":["GET"]}}],"collection":[{"href":"https:\/\/www.dogher.com\/pt\/wp-json\/wp\/v2\/pages"}],"about":[{"href":"https:\/\/www.dogher.com\/pt\/wp-json\/wp\/v2\/types\/page"}],"author":[{"embeddable":true,"href":"https:\/\/www.dogher.com\/pt\/wp-json\/wp\/v2\/users\/1"}],"replies":[{"embeddable":true,"href":"https:\/\/www.dogher.com\/pt\/wp-json\/wp\/v2\/comments?post=1582"}],"version-history":[{"count":1,"href":"https:\/\/www.dogher.com\/pt\/wp-json\/wp\/v2\/pages\/1582\/revisions"}],"predecessor-version":[{"id":1872,"href":"https:\/\/www.dogher.com\/pt\/wp-json\/wp\/v2\/pages\/1582\/revisions\/1872"}],"wp:attachment":[{"href":"https:\/\/www.dogher.com\/pt\/wp-json\/wp\/v2\/media?parent=1582"}],"curies":[{"name":"wp","href":"https:\/\/api.w.org\/{rel}","templated":true}]}}