 {"id":487,"date":"2024-01-30T09:33:34","date_gmt":"2024-01-30T08:33:34","guid":{"rendered":"https:\/\/www.dogher.com\/?page_id=487"},"modified":"2024-04-02T16:33:17","modified_gmt":"2024-04-02T14:33:17","slug":"politica-sui-cookies","status":"publish","type":"page","link":"https:\/\/www.dogher.com\/it\/politica-sui-cookies\/","title":{"rendered":"Politica sui Cookies"},"content":{"rendered":"<h4>Cookies<\/h4>\n<p>Ti informiamo che il sito Dogher utilizza i cookie.\u00a0Un cookie \u00e8 una piccola quantit\u00e0 di informazioni memorizzata da un sito web sul computer di un utente. I cookie vengono utilizzati perch\u00e9 le pagine web non hanno memoria. Un utente che passa da una pagina all\u2019altra di una pagina web non viene riconosciuto come lo stesso utente. I cookie consentono al sito web di riconoscere il browser dell\u2019utente. Pertanto, i cookie vengono generalmente utilizzati per ricordare le opzioni che l\u2019utente ha scelto (ad esempio, ricordare la lingua utilizzata) o per riconoscere gli utenti che frequentano il sito.<\/p>\n<p>I cookie possono essere \u201cdi sessione\u201d o permanenti. I cookie di sessione consentono di identificare l\u2019utente durante la sessione in diretta, il che significa che i cookie vengono memorizzati e sono validi solo per la durata di una sessione attiva, ovvero durante la visita al sito web. Questi cookie non registrano in modo permanente alcuna informazione sul disco rigido del tuo computer e scadono al termine della sessione.<\/p>\n<p>Il nostro sito utilizza 3 tipologie di cookie:<\/p>\n<ul>\n<li><strong>Cookies tecnici:<\/strong> utilizziamo cookie tecnici per visualizzare il nostro sito web, farlo funzionare correttamente, creare il tuo account utente, accedere e gestire le tue prenotazioni. Questi cookie tecnici sono necessari per il corretto funzionamento del nostro sito.<\/li>\n<li><strong>Cookie funzionali:\u00a0<\/strong>utilizziamo anche cookie funzionali per ricordare le tue preferenze e per aiutarti a utilizzare il nostro sito web in modo efficiente ed efficace, ad esempio ricordando la tua valuta e lingua preferite, le tue ricerche e i locali che hai visitato. Questi cookie funzionali non sono necessari per il funzionamento del nostro sito Web, ma aggiungono funzionalit\u00e0 per migliorare l\u2019esperienza dell\u2019utente.<\/li>\n<li>Utilizziamo cookie analitici per capire come i nostri utenti utilizzano il sito web, rilevare cosa funziona e cosa no, ottimizzare e migliorare il sito web e garantire che i nostri utenti continuino a trovare il nostro sito interessante e pertinente. Le informazioni che raccogliamo includono pagine web visitate, pagine di riferimento\/uscita, tipo di piattaforma, informazioni su data\/ora e dati come il numero di clic (del mouse) su una determinata pagina, i movimenti del mouse, lo scorrimento e le parole (ricerca) che utilizzi e il testo digitato quando utilizzi il nostro sito web. Queste informazioni sono anonime, poich\u00e9 ne abbiamo bisogno solo a fini statistici.<\/li>\n<\/ul>\n<p>Sul sito web in generale, i cookie raccolgono solo alcune informazioni dell\u2019utente (ovvero, il tipo di browser Internet dell\u2019utente, il sistema operativo dell\u2019utente e l\u2019indirizzo IP da cui si accede al nostro sito web per facilitare la navigazione attraverso il nostro sito web).<\/p>\n<p>In generale, i cookie da noi utilizzati sono associati solo a un utente anonimo e al suo computer e non forniscono riferimenti che consentano di dedurre il nome e cognome dell\u2019utente. Per quanto riguarda in particolare i processi di acquisto on-line, i dati inseriti dall\u2019utente durante il processo di acquisto verranno associati al suo identificativo di sessione per le riconciliazioni bancarie e per comprovare la conclusione del contratto.<\/p>\n<h4>Naviga senza cookie<\/h4>\n<p>L\u2019utente pu\u00f2 sempre personalizzare l\u2019uso dei \u201ccookie\u201d, nonch\u00e9 impedire la raccolta dei \u201ccookie\u201d modificando le opzioni del proprio browser, tra le pi\u00f9 comuni:<\/p>\n<ul>\n<li><strong>Firefox:<\/strong> Opzioni\\Privacy\\Tracciamento\\comunica ai siti web che non voglio essere tracciato<\/li>\n<li><strong>Chrome:<\/strong> Menu Chrome\\Impostazioni\\Mostra opzioni avanzate\\Privacy\\Impostazioni contenuti\\Cookie\\Blocca cookie per impostazione predefinita<\/li>\n<li><strong>Safari:<\/strong> Preferenze\\Privacy\\Blocca Cookie<\/li>\n<li><strong>Esplora risorse: <\/strong>Strumenti\\Opzioni Internet\\Privacy\\Impostazioni\\ spostare il cursore completamente verso l\u2019alto per bloccare tutti i cookie o completamente verso il basso per consentire tutti i cookie, quindi fare clic su OK.<\/li>\n<\/ul>\n<p>Bloccando completamente i cookie, \u00e8 possibile impedire la corretta visualizzazione di alcuni siti Web.<\/p>\n<h4>Cookie utilizzati<\/h4>\n<p>Nello specifico sul nostro sito utilizziamo le seguenti tipologie di cookie:<\/p>\n<section class=\"tabla-cookies__wrapper\">\n<div class=\"tabla-cookies__container\">\n<p>\u00a0<\/p>\n<div class=\"tabla-cookies__row\">\n<div class=\"py-2\">\n<p>Cookie necessari:<\/p>\n<\/div>\n<table class=\"wt-cli-element cookielawinfo-row-cat-table cookielawinfo-classic\">\n<thead>\n<tr>\n<th scope=\"col\" class=\"cookielawinfo-column-1\">Cookie<\/th>\n<th scope=\"col\" class=\"cookielawinfo-column-2\">Tipo<\/th>\n<th scope=\"col\" class=\"cookielawinfo-column-3\">Durata<\/th>\n<th scope=\"col\" class=\"cookielawinfo-column-4\">Descrizione<\/th>\n<\/tr>\n<\/thead>\n<tbody>\n<tr class=\"cookielawinfo-row\">\n<td class=\"cookielawinfo-column-1\">cookielawinfo-checkbox-necessary<\/td>\n<td class=\"cookielawinfo-column-2\">persistent<\/td>\n<td class=\"cookielawinfo-column-3\">11 months<\/td>\n<td class=\"cookielawinfo-column-4\">This cookie is set by the GDPR Cookie Consent plugin. It is used to store user consent for the cookies in the \u201cNecessary\u201d category.<\/td>\n<\/tr>\n<tr class=\"cookielawinfo-row\">\n<td class=\"cookielawinfo-column-1\">cookielawinfo-checkbox-non-necessary<\/td>\n<td class=\"cookielawinfo-column-2\">persistent<\/td>\n<td class=\"cookielawinfo-column-3\">11 months<\/td>\n<td class=\"cookielawinfo-column-4\">This cookie is set by the GDPR Cookie Consent plugin. It is used to store user consent for the cookies in the \u201cNon-Necessary\u201d category.<\/td>\n<\/tr>\n<tr class=\"cookielawinfo-row\">\n<td class=\"cookielawinfo-column-1\">viewed_cookie_policy<\/td>\n<td class=\"cookielawinfo-column-2\">persistent<\/td>\n<td class=\"cookielawinfo-column-3\">11 months<\/td>\n<td class=\"cookielawinfo-column-4\">This cookie is set by the GDPR Cookie Consent plugin and is used to store whether or not the user has consented to the use of cookies. It does not store any personal data.<\/td>\n<\/tr>\n<\/tbody>\n<\/table>\n<\/div>\n<div class=\"tabla-cookies__row\">\n<div class=\"py-2\">\n<p>Statistiche:<\/p>\n<\/div>\n<table class=\"wt-cli-element cookielawinfo-row-cat-table cookielawinfo-classic\">\n<thead>\n<tr>\n<th scope=\"col\" class=\"cookielawinfo-column-1\">Cookie<\/th>\n<th scope=\"col\" class=\"cookielawinfo-column-2\">Tipo<\/th>\n<th scope=\"col\" class=\"cookielawinfo-column-3\">Durata<\/th>\n<th scope=\"col\" class=\"cookielawinfo-column-4\">Descrizione<\/th>\n<\/tr>\n<\/thead>\n<tbody>\n<tr class=\"cookielawinfo-row\">\n<td class=\"cookielawinfo-column-1\">__utma<\/td>\n<td class=\"cookielawinfo-column-2\">persistent<\/td>\n<td class=\"cookielawinfo-column-3\">2 years<\/td>\n<td class=\"cookielawinfo-column-4\">This cookie is set by Google Analytics and is used to distinguish users and sessions. It is created when the JavaScript library executes and there are no existing __utma cookies. It is updated every time data is sent to Google Analytics.<\/td>\n<\/tr>\n<tr class=\"cookielawinfo-row\">\n<td class=\"cookielawinfo-column-1\">__utmb<\/td>\n<td class=\"cookielawinfo-column-2\">persistent<\/td>\n<td class=\"cookielawinfo-column-3\">30 minutes<\/td>\n<td class=\"cookielawinfo-column-4\">This cookie is set by Google Analytics. It is used to determine new sessions\/visits. It is created when the JavaScript library executes and there are no existing __utma cookies. It is updated every time data is sent to Google Analytics.<\/td>\n<\/tr>\n<tr class=\"cookielawinfo-row\">\n<td class=\"cookielawinfo-column-1\">__utmc<\/td>\n<td class=\"cookielawinfo-column-2\">session<\/td>\n<td class=\"cookielawinfo-column-3\">End of browser session<\/td>\n<td class=\"cookielawinfo-column-4\">This cookie is set by Google Analytics and is deleted when the user closes their browser. It is not used by ga.js. It is used to enable interoperability with urchin.js, which is an older version of Google Analytics and used in conjunction with the __utmb cookie to determine new sessions\/visits.<\/td>\n<\/tr>\n<tr class=\"cookielawinfo-row\">\n<td class=\"cookielawinfo-column-1\">__utmt<\/td>\n<td class=\"cookielawinfo-column-2\">persistent<\/td>\n<td class=\"cookielawinfo-column-3\">10 minutes<\/td>\n<td class=\"cookielawinfo-column-4\">This cookie is set by Google Analytics and used to throttle the request rate.<\/td>\n<\/tr>\n<tr class=\"cookielawinfo-row\">\n<td class=\"cookielawinfo-column-1\">__utmz<\/td>\n<td class=\"cookielawinfo-column-2\">persistent<\/td>\n<td class=\"cookielawinfo-column-3\">6 months<\/td>\n<td class=\"cookielawinfo-column-4\">This cookie is set by Google Analytics and used to store the traffic source or campaign through which the visitor reaches the site.<\/td>\n<\/tr>\n<tr class=\"cookielawinfo-row\">\n<td class=\"cookielawinfo-column-1\">_ga<\/td>\n<td class=\"cookielawinfo-column-2\">persistent<\/td>\n<td class=\"cookielawinfo-column-3\">2 years<\/td>\n<td class=\"cookielawinfo-column-4\">This cookie is used to distinguish users and sessions.<\/td>\n<\/tr>\n<tr class=\"cookielawinfo-row\">\n<td class=\"cookielawinfo-column-1\">_gid<\/td>\n<td class=\"cookielawinfo-column-2\">persistent<\/td>\n<td class=\"cookielawinfo-column-3\">1 day<\/td>\n<td class=\"cookielawinfo-column-4\">This cookie is used to distinguish users and sessions.<\/td>\n<\/tr>\n<tr class=\"cookielawinfo-row\">\n<td class=\"cookielawinfo-column-1\">GPS<\/td>\n<td class=\"cookielawinfo-column-2\">persistent<\/td>\n<td class=\"cookielawinfo-column-3\">30 minutes<\/td>\n<td class=\"cookielawinfo-column-4\">This cookie is set by YouTube and registers a unique ID for tracking users based on their geographical location.<\/td>\n<\/tr>\n<tr class=\"cookielawinfo-row\">\n<td class=\"cookielawinfo-column-1\">test_cookie<\/td>\n<td class=\"cookielawinfo-column-2\">persistent<\/td>\n<td class=\"cookielawinfo-column-3\">11 months<\/td>\n<td class=\"cookielawinfo-column-4\">Google DoubleClick can set this cookie on our website to check whether the user\u2019s browser accepts cookies. Google DoubleClick aims to improve the advertising the user sees.<\/td>\n<\/tr>\n<tr class=\"cookielawinfo-row\">\n<td class=\"cookielawinfo-column-1\">YSC<\/td>\n<td class=\"cookielawinfo-column-2\">session<\/td>\n<td class=\"cookielawinfo-column-3\">End of browser session<\/td>\n<td class=\"cookielawinfo-column-4\">This cookie is set by YouTube and is used to track views of embedded videos.<\/td>\n<\/tr>\n<\/tbody>\n<\/table>\n<\/div>\n<div class=\"tabla-cookies__row\">\n<div class=\"py-2\">Marketing:<\/div>\n<table class=\"wt-cli-element cookielawinfo-row-cat-table cookielawinfo-classic\">\n<thead>\n<tr>\n<th scope=\"col\" class=\"cookielawinfo-column-1\">Cookie<\/th>\n<th scope=\"col\" class=\"cookielawinfo-column-2\">Tipo<\/th>\n<th scope=\"col\" class=\"cookielawinfo-column-3\">Durata<\/th>\n<th scope=\"col\" class=\"cookielawinfo-column-4\">Descrizione<\/th>\n<\/tr>\n<\/thead>\n<tbody>\n<tr class=\"cookielawinfo-row\">\n<td class=\"cookielawinfo-column-1\">IDE<\/td>\n<td class=\"cookielawinfo-column-2\">persistent<\/td>\n<td class=\"cookielawinfo-column-3\">2 years<\/td>\n<td class=\"cookielawinfo-column-4\">This cookie is used by Google DoubleClick and stores information about how the user interacts with the website and any other advert before visiting the website. This data is used to present the user with adverts that are relevant to them based on their user profile.<\/td>\n<\/tr>\n<tr class=\"cookielawinfo-row\">\n<td class=\"cookielawinfo-column-1\">uid<\/td>\n<td class=\"cookielawinfo-column-2\">persistent<\/td>\n<td class=\"cookielawinfo-column-3\">1 month<\/td>\n<td class=\"cookielawinfo-column-4\">This cookie is used to anonymously measure the number and behaviour of visitors to the website. This data includes the number of visits, average visit duration, pages visited, etc. to better understand user preferences for targeted adverts.<\/td>\n<\/tr>\n<tr class=\"cookielawinfo-row\">\n<td class=\"cookielawinfo-column-1\">VISITOR_INFO1_LIVE<\/td>\n<td class=\"cookielawinfo-column-2\">persistent<\/td>\n<td class=\"cookielawinfo-column-3\">5 months<\/td>\n<td class=\"cookielawinfo-column-4\">This cookie is set by YouTube. It is used to track information for YouTube videos embedded on a website.<\/td>\n<\/tr>\n<\/tbody>\n<\/table>\n<\/div>\n<div class=\"tabla-cookies__row\">\n<div class=\"py-2\">Preferenze:<\/div>\n<table class=\"wt-cli-element cookielawinfo-row-cat-table cookielawinfo-classic\">\n<thead>\n<tr>\n<th scope=\"col\" class=\"cookielawinfo-column-1\">Cookie<\/th>\n<th scope=\"col\" class=\"cookielawinfo-column-2\">Tipo<\/th>\n<th scope=\"col\" class=\"cookielawinfo-column-3\">Durata<\/th>\n<th scope=\"col\" class=\"cookielawinfo-column-4\">Descrizione<\/th>\n<\/tr>\n<\/thead>\n<tbody>\n<tr class=\"cookielawinfo-row\">\n<td class=\"cookielawinfo-column-1\">lang<\/td>\n<td class=\"cookielawinfo-column-2\">persistent<\/td>\n<td class=\"cookielawinfo-column-3\">1 year<\/td>\n<td class=\"cookielawinfo-column-4\">This cookie is used to store the language preferences of a user to serve up content in that stored language the next time user visit the website.<\/td>\n<\/tr>\n<tr class=\"cookielawinfo-row\">\n<td class=\"cookielawinfo-column-1\">YTC<\/td>\n<td class=\"cookielawinfo-column-2\">persistent<\/td>\n<td class=\"cookielawinfo-column-3\">10 minutes<\/td>\n<td class=\"cookielawinfo-column-4\">This cookie is set by YouTube to manage the embedding and viewing of videos on our website.<\/td>\n<\/tr>\n<\/tbody>\n<\/table>\n<\/div>\n<p>\u00a0<\/p>\n<p>\u00a0<\/p>\n<\/div>\n<\/section>\n","protected":false},"excerpt":{"rendered":"<p>Cookies Ti informiamo che il sito Dogher utilizza i cookie.\u00a0Un cookie \u00e8 una piccola quantit\u00e0 di informazioni memorizzata da un sito web sul computer di un utente. I cookie vengono utilizzati perch\u00e9 le pagine web non hanno memoria. Un utente che passa da una pagina all\u2019altra di una pagina web non viene riconosciuto come lo [&hellip;]<\/p>\n","protected":false},"author":1,"featured_media":0,"parent":0,"menu_order":0,"comment_status":"closed","ping_status":"closed","template":"templates\/page-light-hero-with-container.php","meta":{"_acf_changed":false,"footnotes":""},"class_list":["post-487","page","type-page","status-publish","hentry"],"acf":[],"yoast_head":"<!-- This site is optimized with the Yoast SEO plugin v27.1.1 - https:\/\/yoast.com\/product\/yoast-seo-wordpress\/ -->\n<title>Politica sui Cookies - Dogher<\/title>\n<meta name=\"robots\" content=\"noindex, follow\" \/>\n<meta property=\"og:locale\" content=\"it_IT\" \/>\n<meta property=\"og:type\" content=\"article\" \/>\n<meta property=\"og:title\" content=\"Politica sui Cookies - Dogher\" \/>\n<meta property=\"og:description\" content=\"Cookies Ti informiamo che il sito Dogher utilizza i cookie.\u00a0Un cookie \u00e8 una piccola quantit\u00e0 di informazioni memorizzata da un sito web sul computer di un utente. I cookie vengono utilizzati perch\u00e9 le pagine web non hanno memoria. Un utente che passa da una pagina all\u2019altra di una pagina web non viene riconosciuto come lo [&hellip;]\" \/>\n<meta property=\"og:url\" content=\"https:\/\/www.dogher.com\/it\/politica-sui-cookies\/\" \/>\n<meta property=\"og:site_name\" content=\"Dogher\" \/>\n<meta property=\"article:modified_time\" content=\"2024-04-02T14:33:17+00:00\" \/>\n<meta name=\"twitter:card\" content=\"summary_large_image\" \/>\n<meta name=\"twitter:label1\" content=\"Tempo di lettura stimato\" \/>\n\t<meta name=\"twitter:data1\" content=\"3 minuti\" \/>\n<script type=\"application\/ld+json\" class=\"yoast-schema-graph\">{\"@context\":\"https:\/\/schema.org\",\"@graph\":[{\"@type\":\"WebPage\",\"@id\":\"https:\/\/www.dogher.com\/it\/politica-sui-cookies\/\",\"url\":\"https:\/\/www.dogher.com\/it\/politica-sui-cookies\/\",\"name\":\"Politica sui Cookies - Dogher\",\"isPartOf\":{\"@id\":\"https:\/\/www.dogher.com\/#website\"},\"datePublished\":\"2024-01-30T08:33:34+00:00\",\"dateModified\":\"2024-04-02T14:33:17+00:00\",\"breadcrumb\":{\"@id\":\"https:\/\/www.dogher.com\/it\/politica-sui-cookies\/#breadcrumb\"},\"inLanguage\":\"it-IT\",\"potentialAction\":[{\"@type\":\"ReadAction\",\"target\":[\"https:\/\/www.dogher.com\/it\/politica-sui-cookies\/\"]}]},{\"@type\":\"BreadcrumbList\",\"@id\":\"https:\/\/www.dogher.com\/it\/politica-sui-cookies\/#breadcrumb\",\"itemListElement\":[{\"@type\":\"ListItem\",\"position\":1,\"name\":\"Portada\",\"item\":\"https:\/\/www.dogher.com\/\"},{\"@type\":\"ListItem\",\"position\":2,\"name\":\"Politica sui Cookies\"}]},{\"@type\":\"WebSite\",\"@id\":\"https:\/\/www.dogher.com\/#website\",\"url\":\"https:\/\/www.dogher.com\/\",\"name\":\"Dogher\",\"description\":\"Herramientas de mano\",\"potentialAction\":[{\"@type\":\"SearchAction\",\"target\":{\"@type\":\"EntryPoint\",\"urlTemplate\":\"https:\/\/www.dogher.com\/?s={search_term_string}\"},\"query-input\":{\"@type\":\"PropertyValueSpecification\",\"valueRequired\":true,\"valueName\":\"search_term_string\"}}],\"inLanguage\":\"it-IT\"}]}<\/script>\n<!-- \/ Yoast SEO plugin. -->","yoast_head_json":{"title":"Politica sui Cookies - Dogher","robots":{"index":"noindex","follow":"follow"},"og_locale":"it_IT","og_type":"article","og_title":"Politica sui Cookies - Dogher","og_description":"Cookies Ti informiamo che il sito Dogher utilizza i cookie.\u00a0Un cookie \u00e8 una piccola quantit\u00e0 di informazioni memorizzata da un sito web sul computer di un utente. I cookie vengono utilizzati perch\u00e9 le pagine web non hanno memoria. Un utente che passa da una pagina all\u2019altra di una pagina web non viene riconosciuto come lo [&hellip;]","og_url":"https:\/\/www.dogher.com\/it\/politica-sui-cookies\/","og_site_name":"Dogher","article_modified_time":"2024-04-02T14:33:17+00:00","twitter_card":"summary_large_image","twitter_misc":{"Tempo di lettura stimato":"3 minuti"},"schema":{"@context":"https:\/\/schema.org","@graph":[{"@type":"WebPage","@id":"https:\/\/www.dogher.com\/it\/politica-sui-cookies\/","url":"https:\/\/www.dogher.com\/it\/politica-sui-cookies\/","name":"Politica sui Cookies - Dogher","isPartOf":{"@id":"https:\/\/www.dogher.com\/#website"},"datePublished":"2024-01-30T08:33:34+00:00","dateModified":"2024-04-02T14:33:17+00:00","breadcrumb":{"@id":"https:\/\/www.dogher.com\/it\/politica-sui-cookies\/#breadcrumb"},"inLanguage":"it-IT","potentialAction":[{"@type":"ReadAction","target":["https:\/\/www.dogher.com\/it\/politica-sui-cookies\/"]}]},{"@type":"BreadcrumbList","@id":"https:\/\/www.dogher.com\/it\/politica-sui-cookies\/#breadcrumb","itemListElement":[{"@type":"ListItem","position":1,"name":"Portada","item":"https:\/\/www.dogher.com\/"},{"@type":"ListItem","position":2,"name":"Politica sui Cookies"}]},{"@type":"WebSite","@id":"https:\/\/www.dogher.com\/#website","url":"https:\/\/www.dogher.com\/","name":"Dogher","description":"Herramientas de mano","potentialAction":[{"@type":"SearchAction","target":{"@type":"EntryPoint","urlTemplate":"https:\/\/www.dogher.com\/?s={search_term_string}"},"query-input":{"@type":"PropertyValueSpecification","valueRequired":true,"valueName":"search_term_string"}}],"inLanguage":"it-IT"}]}},"_links":{"self":[{"href":"https:\/\/www.dogher.com\/it\/wp-json\/wp\/v2\/pages\/487","targetHints":{"allow":["GET"]}}],"collection":[{"href":"https:\/\/www.dogher.com\/it\/wp-json\/wp\/v2\/pages"}],"about":[{"href":"https:\/\/www.dogher.com\/it\/wp-json\/wp\/v2\/types\/page"}],"author":[{"embeddable":true,"href":"https:\/\/www.dogher.com\/it\/wp-json\/wp\/v2\/users\/1"}],"replies":[{"embeddable":true,"href":"https:\/\/www.dogher.com\/it\/wp-json\/wp\/v2\/comments?post=487"}],"version-history":[{"count":4,"href":"https:\/\/www.dogher.com\/it\/wp-json\/wp\/v2\/pages\/487\/revisions"}],"predecessor-version":[{"id":1888,"href":"https:\/\/www.dogher.com\/it\/wp-json\/wp\/v2\/pages\/487\/revisions\/1888"}],"wp:attachment":[{"href":"https:\/\/www.dogher.com\/it\/wp-json\/wp\/v2\/media?parent=487"}],"curies":[{"name":"wp","href":"https:\/\/api.w.org\/{rel}","templated":true}]}}