 {"id":1877,"date":"2024-01-30T09:33:05","date_gmt":"2024-01-30T08:33:05","guid":{"rendered":"https:\/\/www.dogher.com\/aviso-legal\/"},"modified":"2024-10-29T18:26:46","modified_gmt":"2024-10-29T17:26:46","slug":"avis-legal","status":"publish","type":"page","link":"https:\/\/www.dogher.com\/fr\/avis-legal\/","title":{"rendered":"Avis l\u00e9gal"},"content":{"rendered":"<p>Entit\u00e9 propri\u00e9taire du site web : DOGHER TOOLS, S.A. (ci-apr\u00e8s d\u00e9nomm\u00e9 le propri\u00e9taire), dont le si\u00e8ge social est situ\u00e9 Pol. Ind. Arriandi C\/Tabernabarri, N\u00ba5 48215 Iurreta (Vizcaya) Espagne.<\/p>\n<p>Donn\u00e9es relatives \u00e0 l\u2019immatriculation de la soci\u00e9t\u00e9 : inscrite au registre du commerce de Biscaye, volume 5.233, folio 202, page N. BI-59108, sous le C.I.F. A-95652368.<\/p>\n<h3>1. Conditions d\u2019utilisation<\/h3>\n<p>L\u2019utilisateur s\u2019engage \u00e0 utiliser le site web et ses services conform\u00e9ment \u00e0 la loi et au pr\u00e9sent avis juridique. L\u2019acc\u00e8s \u00e0 toute adresse du site implique la connaissance et l\u2019acceptation de ces conditions.<\/p>\n<h3>2. Services et contenu<\/h3>\n<p>Les informations contenues dans ces pages web sont \u00e0 jour \u00e0 la date de leur derni\u00e8re mise \u00e0 jour, et peuvent ne pas \u00eatre actualis\u00e9es \u00e0 la date de la consultation par l\u2019utilisateur, information ayant une valeur purement informative.<\/p>\n<p>Le PROPRI\u00c9TAIRE se r\u00e9serve le droit de mettre \u00e0 jour et de modifier \u00e0 tout moment les informations contenues dans ces pages web et d\u2019en limiter ou d\u2019en emp\u00eacher l\u2019acc\u00e8s de mani\u00e8re temporaire ou permanente lorsqu\u2019il le juge opportun.<\/p>\n<p>Le propri\u00e9taire peut retirer ou suspendre sans pr\u00e9avis et \u00e0 tout moment la fourniture des services aux utilisateurs qui ne respectent pas les dispositions du pr\u00e9sent avis juridique.<\/p>\n<p>Les liens vers des sites Internet de tiers figurant sur les pages du Propri\u00e9taire sont fournis \u00e0 titre d\u2019information uniquement et n\u2019impliquent en aucun cas une suggestion, une invitation ou une recommandation de ces sites.<\/p>\n<h3>3. Responsabilit\u00e9<\/h3>\n<p>Le propri\u00e9taire d\u00e9cline toute responsabilit\u00e9 en cas d\u2019erreurs r\u00e9sultant d\u2019une mauvaise utilisation des syst\u00e8mois d\u2019information par l\u2019utilisateur.<\/p>\n<p>Les mentions l\u00e9gales ne s\u2019appliquent qu\u2019aux informations obtenues directement sur le site web du PROPRI\u00c9TAIRE. L\u2019entit\u00e9 d\u00e9cline toute responsabilit\u00e9 pouvant d\u00e9couler des informations ou des t\u00e9l\u00e9chargements accessibles \u00e0 partir des sites web de tiers, personnes physiques ou morales, reli\u00e9s par des liens au site web du PROPRI\u00c9TAIRE.<\/p>\n<p>Le PROPRI\u00c9TAIRE d\u00e9cline toute responsabilit\u00e9 d\u00e9coulant de l\u2019\u00e9change d\u2019informations entre les utilisateurs par l\u2019interm\u00e9jourire de ses sites web. La responsabilit\u00e9 des d\u00e9clarations diffus\u00e9es sur des pages web incombe \u00e0 ceux qui les r\u00e9alisent.<\/p>\n<p>Les mineurs doivent obtenir l\u2019autorisation pr\u00e9alable de leurs parents, tuteurs ou repr\u00e9sentants l\u00e9gaux, qui seront tenus responsables des actes accomplis, pour acc\u00e9der aux services disponibles sur ce site web.<\/p>\n<h3>4. Propri\u00e9t\u00e9 intellectuelle<\/h3>\n<p>Le contenu des pages web (incluant sans \u00eatre limitatif, les images, les textes, les marques, les noms commerciaux, les logos et autres contenus audiovisuels) est, sauf indication contraire, la propri\u00e9t\u00e9 intellectuelle du PROPRI\u00c9TAIRE ou de tiers.<\/p>\n<p>La copie, la reproduction, la redistribution, la commercialisation ou toute autre activit\u00e9 pouvant \u00eatre r\u00e9alis\u00e9e avec le contenu de ces pages web est interdite, m\u00eame si les sources sont cit\u00e9es, sauf avec l\u2019autorisation \u00e9crite expresse du PROPRI\u00c9TAIRE.<\/p>\n<h3>5. Navigation et s\u00e9curit\u00e9<\/h3>\n<p>Afin d\u2019acc\u00e9l\u00e9rer et de personnaliser la navigation de l\u2019utilisateur, ce site web peut utiliser des cookies. En outre, ces cookies permettent au propri\u00e9taire d\u2019\u00e9tablir des statistiques d\u2019utilisation anonymois. Ces fichiers ne stockent aucune donn\u00e9e personnelle et peuvent \u00eatre d\u00e9sactiv\u00e9s \u00e0 tout moment dans les options du navigateur.<\/p>\n<h3>6. Politique de confidentialit\u00e9 et traitement des donn\u00e9es personnelles<\/h3>\n<p>Le propri\u00e9taire est conscient de l\u2019importance absolue de pr\u00e9server votre vie priv\u00e9e.<\/p>\n<p>Les seules donn\u00e9es auxquelles le propri\u00e9taire aura acc\u00e8s seront celles que vous nous fournirez volontairement par le biais des formulaires et des adresses de contact de ce site web. Ces donn\u00e9es doivent \u00eatre v\u00e9ridiques et le PROPRI\u00c9TAIRE assume l\u2019obligation de communiquer tout changement dans les informations fournies.<\/p>\n<p>Si vous ne souhaitez pas nous fournir les donn\u00e9es sp\u00e9cifi\u00e9es comme n\u00e9cessaires, il ne sera pas possible de traiter correctement votre demande.<\/p>\n<p>Les donn\u00e9es personnelles fournies seront incorpor\u00e9es, pour leur traitement, dans des fichiers dont la responsabilit\u00e9 et la propri\u00e9t\u00e9 reviennent au PROPRI\u00c9TAIRE et aux soci\u00e9t\u00e9s du groupe dans le secteur de l\u2019outillage.<\/p>\n<p>Les donn\u00e9es seront collect\u00e9es, stock\u00e9es et transmises en toute s\u00e9curit\u00e9 dans le respect des moisures techniques et organisationnelles requises par la loi organique 15\/999 sur la protection des donn\u00e9es \u00e0 caract\u00e8re personnel (LOPD) et \u00e9tablies dans le r\u00e8glement pour le d\u00e9veloppement de la LOPD approuv\u00e9 par le d\u00e9cret royal 1720\/2007, conform\u00e9ment \u00e0 la directive 95\/46\/CE du Parlement europ\u00e9en et du Conseil relative \u00e0 la protection des personnes physiques \u00e0 l\u2019\u00e9gard du traitement des donn\u00e9es \u00e0 caract\u00e8re personnel et \u00e0 la libre circulation de ces donn\u00e9es.<\/p>\n<p>Les donn\u00e9es collect\u00e9es dans les diff\u00e9rents formulaires fournis sur nos pages web seront utilis\u00e9es aux fins suivantes :<\/p>\n<ul>\n<li><strong>CONTACTEZ-NOUS :<\/strong> r\u00e9pondre et g\u00e9rer les demandes, les pr\u00e9occupations et\/ou les besoins exprim\u00e9s par ce biais concernant les produits, les services ou les produits des entreprises du groupe.<\/li>\n<li><strong>OFFRE D\u2019EMPLOI :<\/strong> G\u00e9rer les candidatures aux processus de s\u00e9lection du personnel annonc\u00e9es dans chacune des entreprises du groupe.<\/li>\n<li><strong>SERVICE CLIENT<\/strong> : r\u00e9pondre et g\u00e9rer tout type de demande formul\u00e9e par des clients ou des clients potentiels par l\u2019interm\u00e9jourire de ce m\u00e9jour.<\/li>\n<li><strong>PARLEZ-NOUS :<\/strong> Traiter et g\u00e9rer toutes les questions ou suggestions formul\u00e9es par l\u2019interm\u00e9jourire de ce m\u00e9jour.<\/li>\n<li><strong>SUBSCRIBE\/NEWSLETTER.<\/strong> G\u00e9rer l\u2019envoi d\u2019une lettre d\u2019information contenant des nouvelles, des offres ou toute autre information relative \u00e0 des produits, des services ou des \u00e9v\u00e9nements li\u00e9s aux activit\u00e9s de l\u2019entreprise.<\/li>\n<li><strong>PROGRAMME DE COLLABORATEURS :<\/strong> Gestion de la participation au programme d\u2019aide \u00e0 la cr\u00e9ation de nouveaux produits et services.<\/li>\n<li><strong>PRODUIT REMARQUABLE :<\/strong> r\u00e9pondre aux demandes de renseignements sur la gamme de produits de l\u2019entreprise et les g\u00e9rer.<\/li>\n<li><strong>CONSULTATION TECHNIQUE :<\/strong> Assister, g\u00e9rer et r\u00e9soudre tout probl\u00e8me li\u00e9 \u00e0 l\u2019outil.<\/li>\n<li><strong>R\u00c9SEAUX SOCIAUX :<\/strong> Informer sur les th\u00e8mois li\u00e9s au secteur et aux entreprises du groupe, et interagir (par le biais de vid\u00e9os, de photos, de commentaires, de tirages au sort) avec les utilisateurs des r\u00e9seaux sociaux.<\/li>\n<\/ul>\n<p>En outre, en acceptant cette politique de confidentialit\u00e9, vous consentez express\u00e9ment \u00e0 ce que les donn\u00e9es fournies soient utilis\u00e9es et transf\u00e9r\u00e9es aux soci\u00e9t\u00e9s du groupe pour le suivi des demandes effectu\u00e9es, ainsi que pour l\u2019envoi, par tout moyen, y compris \u00e9lectronique ou similaire, d\u2019informations publicitaires ou commerciales sur les produits et services de ces soci\u00e9t\u00e9s. Celles-ci peuvent \u00eatre consult\u00e9es \u00e0 tout moment sur ce site web.<\/p>\n<p>Vous \u00eates \u00e9galement inform\u00e9 et vous consentez express\u00e9ment \u00e0 ce que les donn\u00e9es fournies par l\u2019interm\u00e9jourire du site Web soient c\u00e9d\u00e9es et trait\u00e9es, \u00e0 des fins purement techniques et op\u00e9rationnelles, sur des serveurs d\u2019entreprises tierces situ\u00e9es dans des pays \u00e9trangers, en garantissant dans tous les cas la confidentialit\u00e9 et le respect de la vie priv\u00e9e de ces donn\u00e9es.<\/p>\n<p>LE PROPRI\u00c9TAIRE facilite \u00e0 tout moment l\u2019exercice des droits d\u2019acc\u00e8s, de rectification, d\u2019annulation et d\u2019opposition par des moyens simples et faciles. Ceux-ci peuvent \u00eatre exerc\u00e9s dans tous les cas en envoyant une lettre ou un courrier \u00e9lectronique aux adresses suivantes : comercial@dogher.com ou \u00e0 Pol. Ind. Arriandi C\/Tabernabarri, N\u00ba5 48215 Iurreta (Vizcaya) Espagne, en joignant dans tous les cas une copie de votre pi\u00e8ce d\u2019identit\u00e9 nationale ou d\u2019un document \u00e9quivalent.<\/p>\n<ol start=\"7\">\n<li>R\u00e9solution des conflits et l\u00e9gislation applicable<\/li>\n<\/ol>\n<p>Les utilisateurs des pages Web sont tenus de les utiliser dans le respect des lois et des usages du trafic, en r\u00e9pondant au PROPRI\u00c9TAIRE ou \u00e0 des tiers de tout dommage pouvant r\u00e9sulter du non-respect de cette obligation.<\/p>\n<p>Le pr\u00e9sent avis juridique est r\u00e9gi, dans tous ses aspects, par la l\u00e9gislation espagnole.<\/p>\n<h3>8. Contact<\/h3>\n<p>Pour toute question, suggestion, plainte ou r\u00e9clamation, des formulaires de contact sont disponibles dans l\u2019espace Service client\u00e8le du site web.<\/p>\n","protected":false},"excerpt":{"rendered":"<p>Entit\u00e9 propri\u00e9taire du site web : DOGHER TOOLS, S.A. (ci-apr\u00e8s d\u00e9nomm\u00e9 le propri\u00e9taire), dont le si\u00e8ge social est situ\u00e9 Pol. Ind. Arriandi C\/Tabernabarri, N\u00ba5 48215 Iurreta (Vizcaya) Espagne. Donn\u00e9es relatives \u00e0 l\u2019immatriculation de la soci\u00e9t\u00e9 : inscrite au registre du commerce de Biscaye, volume 5.233, folio 202, page N. BI-59108, sous le C.I.F. A-95652368. 1. [&hellip;]<\/p>\n","protected":false},"author":1,"featured_media":0,"parent":0,"menu_order":0,"comment_status":"closed","ping_status":"closed","template":"templates\/page-light-hero-with-container.php","meta":{"_acf_changed":false,"footnotes":""},"class_list":["post-1877","page","type-page","status-publish","hentry"],"acf":[],"yoast_head":"<!-- This site is optimized with the Yoast SEO plugin v27.1.1 - https:\/\/yoast.com\/product\/yoast-seo-wordpress\/ -->\n<title>Avis l\u00e9gal - Dogher<\/title>\n<meta name=\"description\" content=\"Avis l\u00e9gal - Dogher\" \/>\n<meta name=\"robots\" content=\"noindex, follow\" \/>\n<meta property=\"og:locale\" content=\"fr_FR\" \/>\n<meta property=\"og:type\" content=\"article\" \/>\n<meta property=\"og:title\" content=\"Avis l\u00e9gal - Dogher\" \/>\n<meta property=\"og:description\" content=\"Avis l\u00e9gal - Dogher\" \/>\n<meta property=\"og:url\" content=\"https:\/\/www.dogher.com\/fr\/avis-legal\/\" \/>\n<meta property=\"og:site_name\" content=\"Dogher\" \/>\n<meta property=\"article:modified_time\" content=\"2024-10-29T17:26:46+00:00\" \/>\n<meta name=\"twitter:card\" content=\"summary_large_image\" \/>\n<meta name=\"twitter:label1\" content=\"Dur\u00e9e de lecture estim\u00e9e\" \/>\n\t<meta name=\"twitter:data1\" content=\"6 minutes\" \/>\n<script type=\"application\/ld+json\" class=\"yoast-schema-graph\">{\"@context\":\"https:\/\/schema.org\",\"@graph\":[{\"@type\":\"WebPage\",\"@id\":\"https:\/\/www.dogher.com\/fr\/avis-legal\/\",\"url\":\"https:\/\/www.dogher.com\/fr\/avis-legal\/\",\"name\":\"Avis l\u00e9gal - Dogher\",\"isPartOf\":{\"@id\":\"https:\/\/www.dogher.com\/#website\"},\"datePublished\":\"2024-01-30T08:33:05+00:00\",\"dateModified\":\"2024-10-29T17:26:46+00:00\",\"description\":\"Avis l\u00e9gal - Dogher\",\"breadcrumb\":{\"@id\":\"https:\/\/www.dogher.com\/fr\/avis-legal\/#breadcrumb\"},\"inLanguage\":\"fr-FR\",\"potentialAction\":[{\"@type\":\"ReadAction\",\"target\":[\"https:\/\/www.dogher.com\/fr\/avis-legal\/\"]}]},{\"@type\":\"BreadcrumbList\",\"@id\":\"https:\/\/www.dogher.com\/fr\/avis-legal\/#breadcrumb\",\"itemListElement\":[{\"@type\":\"ListItem\",\"position\":1,\"name\":\"Portada\",\"item\":\"https:\/\/www.dogher.com\/fr\/\"},{\"@type\":\"ListItem\",\"position\":2,\"name\":\"Avis l\u00e9gal\"}]},{\"@type\":\"WebSite\",\"@id\":\"https:\/\/www.dogher.com\/#website\",\"url\":\"https:\/\/www.dogher.com\/\",\"name\":\"Dogher\",\"description\":\"Herramientas de mano\",\"potentialAction\":[{\"@type\":\"SearchAction\",\"target\":{\"@type\":\"EntryPoint\",\"urlTemplate\":\"https:\/\/www.dogher.com\/?s={search_term_string}\"},\"query-input\":{\"@type\":\"PropertyValueSpecification\",\"valueRequired\":true,\"valueName\":\"search_term_string\"}}],\"inLanguage\":\"fr-FR\"}]}<\/script>\n<!-- \/ Yoast SEO plugin. -->","yoast_head_json":{"title":"Avis l\u00e9gal - Dogher","description":"Avis l\u00e9gal - Dogher","robots":{"index":"noindex","follow":"follow"},"og_locale":"fr_FR","og_type":"article","og_title":"Avis l\u00e9gal - Dogher","og_description":"Avis l\u00e9gal - Dogher","og_url":"https:\/\/www.dogher.com\/fr\/avis-legal\/","og_site_name":"Dogher","article_modified_time":"2024-10-29T17:26:46+00:00","twitter_card":"summary_large_image","twitter_misc":{"Dur\u00e9e de lecture estim\u00e9e":"6 minutes"},"schema":{"@context":"https:\/\/schema.org","@graph":[{"@type":"WebPage","@id":"https:\/\/www.dogher.com\/fr\/avis-legal\/","url":"https:\/\/www.dogher.com\/fr\/avis-legal\/","name":"Avis l\u00e9gal - Dogher","isPartOf":{"@id":"https:\/\/www.dogher.com\/#website"},"datePublished":"2024-01-30T08:33:05+00:00","dateModified":"2024-10-29T17:26:46+00:00","description":"Avis l\u00e9gal - Dogher","breadcrumb":{"@id":"https:\/\/www.dogher.com\/fr\/avis-legal\/#breadcrumb"},"inLanguage":"fr-FR","potentialAction":[{"@type":"ReadAction","target":["https:\/\/www.dogher.com\/fr\/avis-legal\/"]}]},{"@type":"BreadcrumbList","@id":"https:\/\/www.dogher.com\/fr\/avis-legal\/#breadcrumb","itemListElement":[{"@type":"ListItem","position":1,"name":"Portada","item":"https:\/\/www.dogher.com\/fr\/"},{"@type":"ListItem","position":2,"name":"Avis l\u00e9gal"}]},{"@type":"WebSite","@id":"https:\/\/www.dogher.com\/#website","url":"https:\/\/www.dogher.com\/","name":"Dogher","description":"Herramientas de mano","potentialAction":[{"@type":"SearchAction","target":{"@type":"EntryPoint","urlTemplate":"https:\/\/www.dogher.com\/?s={search_term_string}"},"query-input":{"@type":"PropertyValueSpecification","valueRequired":true,"valueName":"search_term_string"}}],"inLanguage":"fr-FR"}]}},"_links":{"self":[{"href":"https:\/\/www.dogher.com\/fr\/wp-json\/wp\/v2\/pages\/1877","targetHints":{"allow":["GET"]}}],"collection":[{"href":"https:\/\/www.dogher.com\/fr\/wp-json\/wp\/v2\/pages"}],"about":[{"href":"https:\/\/www.dogher.com\/fr\/wp-json\/wp\/v2\/types\/page"}],"author":[{"embeddable":true,"href":"https:\/\/www.dogher.com\/fr\/wp-json\/wp\/v2\/users\/1"}],"replies":[{"embeddable":true,"href":"https:\/\/www.dogher.com\/fr\/wp-json\/wp\/v2\/comments?post=1877"}],"version-history":[{"count":2,"href":"https:\/\/www.dogher.com\/fr\/wp-json\/wp\/v2\/pages\/1877\/revisions"}],"predecessor-version":[{"id":1879,"href":"https:\/\/www.dogher.com\/fr\/wp-json\/wp\/v2\/pages\/1877\/revisions\/1879"}],"wp:attachment":[{"href":"https:\/\/www.dogher.com\/fr\/wp-json\/wp\/v2\/media?parent=1877"}],"curies":[{"name":"wp","href":"https:\/\/api.w.org\/{rel}","templated":true}]}}