 {"id":1861,"date":"2024-02-22T10:54:05","date_gmt":"2024-02-22T09:54:05","guid":{"rendered":"https:\/\/www.dogher.com\/alicates\/"},"modified":"2026-04-29T18:19:17","modified_gmt":"2026-04-29T16:19:17","slug":"pinces","status":"publish","type":"page","link":"https:\/\/www.dogher.com\/fr\/pinces\/","title":{"rendered":"Pinces"},"content":{"rendered":"<section class=\"flexslider altura50 under-header\">\r\n<ul class=\"slides\">\r\n \t<li class=\"bg-dark bg-dark-30\">\r\n<div class=\"slide-background\" data-background=\"https:\/\/www.dogher.com\/assets\/media\/slide-dogher-alicates.jpg\"><\/div>\r\n<div class=\"container\">\r\n<div class=\"row\">\r\n<div class=\"col-md-12 text-end\">\r\n<h2 class=\"h1 wow fadeInUp\" data-wow-delay=\"0.2s\"><strong>Pinces<\/strong><\/h2>\r\n<h2 class=\"h2 m-b-20 wow fadeInUp\" data-wow-delay=\"0.5s\">D\u00e9couvrez notre large gamme\r\nde pinces et de tenailles<\/h2>\r\n<\/div>\r\n<\/div>\r\n<\/div><\/li>\r\n<\/ul>\r\n<\/section><section class=\"module\">\r\n<div class=\"container p-0\">\r\n<div class=\"row\">\r\n<div class=\"col-md-6 producto\">\r\n\r\n<img alt=\"Alicates\" data-src=\"https:\/\/www.dogher.com\/assets\/media\/alicates01.jpg\" class=\" lazyload\">\r\n<h2>S\u00e9rie\r\nProfessionnelle Top Plier<\/h2>\r\nNouvelle gamme de pinces con\u00e7ues par l\u2019\u00e9quipe d\u2019ing\u00e9nieurs de Dogher. Les poign\u00e9es ont un design ergonomique compos\u00e9 de 2 mat\u00e9riaux agr\u00e9ables au toucher. Les lignes ext\u00e9rieures ont \u00e9t\u00e9 con\u00e7ues pour obtenir un effet antid\u00e9rapant. Aux deux extr\u00e9mit\u00e9s du manche, on trouve des trous pratiques pour la fixation d\u2019\u00e9l\u00e9ments anti-chute.\r\n\r\nLes m\u00e2choires sont forg\u00e9es en chrome vanadium et tremp\u00e9es \u00e0 l\u2019huile. Les parties soumises \u00e0 des contraintes comme les ar\u00eates de coupe ont ensuite \u00e9t\u00e9 tremp\u00e9es par induction.\r\n\r\nLa finition des m\u00e2choires passe du traditionnel chromage \u00e0 un nouveau traitement plus esth\u00e9tique et plus r\u00e9sistant \u00e0 l\u2019oxydation.\r\n\r\n<\/div>\r\n<div class=\"col-md-6 producto\">\r\n\r\n<img alt=\"Alicates\" data-src=\"https:\/\/www.dogher.com\/assets\/media\/alicates02.jpg\" class=\" lazyload\">\r\n<h2>Pinces\r\nIsol\u00e9es<\/h2>\r\nPoign\u00e9es ergonomiques bi-mati\u00e8re avec certification VDE. Fabriqu\u00e9es avec des mati\u00e8res premi\u00e8res non recycl\u00e9es qui garantissent un toucher agr\u00e9able et une longue dur\u00e9e de vie.\r\n\r\nLes mors sont forg\u00e9s, en chrome vanadium, tremp\u00e9s \u00e0 l\u2019huile. Toutes les parties coupantes sont tremp\u00e9es une nouvelle fois, leur conf\u00e8rant une grande r\u00e9sistance \u00e0 l\u2019usure et une long\u00e9vit\u00e9 sup\u00e9rieure.\r\n\r\nPinces certifi\u00e9es VDE IEC 60900, test\u00e9es \u00e0 10 000 V, permettant leur utilisation en garantissant une s\u00e9curit\u00e9 totale dans des applications jusqu\u2019\u00e0 1000 V.\r\n\r\n<\/div>\r\n<\/div>\r\n<div class=\"row module-gray\">\r\n<div class=\"col-md-6 m-auto text-center p-t-20\">\r\n\r\n<a class=\"btn btn-circle btn-lg btn-brand\" href=\"https:\/\/www.dogher.com\/assets\/media\/DOGHER_2023_Alicates_FR.pdf\">T\u00c9L\u00c9CHARGER CATALOGUE<\/a>\r\n\r\n<\/div>\r\n<\/div>\r\n<\/div>\r\n<\/section>","protected":false},"excerpt":{"rendered":"<p>Pinces D\u00e9couvrez notre large gamme de pinces et de tenailles S\u00e9rie Professionnelle Top Plier Nouvelle gamme de pinces con\u00e7ues par l\u2019\u00e9quipe d\u2019ing\u00e9nieurs de Dogher. Les poign\u00e9es ont un design ergonomique compos\u00e9 de 2 mat\u00e9riaux agr\u00e9ables au toucher. Les lignes ext\u00e9rieures ont \u00e9t\u00e9 con\u00e7ues pour obtenir un effet antid\u00e9rapant. Aux deux extr\u00e9mit\u00e9s du manche, on trouve [&hellip;]<\/p>\n","protected":false},"author":1,"featured_media":0,"parent":0,"menu_order":0,"comment_status":"closed","ping_status":"closed","template":"templates\/page-no-hero.php","meta":{"_acf_changed":false,"footnotes":""},"class_list":["post-1861","page","type-page","status-publish","hentry"],"acf":[],"yoast_head":"<!-- This site is optimized with the Yoast SEO plugin v27.1.1 - https:\/\/yoast.com\/product\/yoast-seo-wordpress\/ -->\n<title>Pinces - Fabricant outillage \u00e0 main professionnel<\/title>\n<meta name=\"description\" content=\"Pinces et tenailles Dogher pour usage professionnel et industriel. Fournisseur outillage \u00e0 main avec une gamme compl\u00e8te alliant robustesse et ergonomie.\" \/>\n<meta name=\"robots\" content=\"index, follow, max-snippet:-1, max-image-preview:large, max-video-preview:-1\" \/>\n<link rel=\"canonical\" href=\"https:\/\/www.dogher.com\/fr\/pinces\/\" \/>\n<meta property=\"og:locale\" content=\"fr_FR\" \/>\n<meta property=\"og:type\" content=\"article\" \/>\n<meta property=\"og:title\" content=\"Pinces - Fabricant outillage \u00e0 main professionnel\" \/>\n<meta property=\"og:description\" content=\"Pinces et tenailles Dogher pour usage professionnel et industriel. Fournisseur outillage \u00e0 main avec une gamme compl\u00e8te alliant robustesse et ergonomie.\" \/>\n<meta property=\"og:url\" content=\"https:\/\/www.dogher.com\/fr\/pinces\/\" \/>\n<meta property=\"og:site_name\" content=\"Dogher\" \/>\n<meta property=\"article:modified_time\" content=\"2026-04-29T16:19:17+00:00\" \/>\n<meta property=\"og:image\" content=\"https:\/\/www.dogher.com\/assets\/media\/alicates01.jpg\" \/>\n<meta name=\"twitter:card\" content=\"summary_large_image\" \/>\n<meta name=\"twitter:label1\" content=\"Dur\u00e9e de lecture estim\u00e9e\" \/>\n\t<meta name=\"twitter:data1\" content=\"2 minutes\" \/>\n<script type=\"application\/ld+json\" class=\"yoast-schema-graph\">{\"@context\":\"https:\/\/schema.org\",\"@graph\":[{\"@type\":\"WebPage\",\"@id\":\"https:\/\/www.dogher.com\/fr\/pinces\/\",\"url\":\"https:\/\/www.dogher.com\/fr\/pinces\/\",\"name\":\"Pinces - Fabricant outillage \u00e0 main professionnel\",\"isPartOf\":{\"@id\":\"https:\/\/www.dogher.com\/#website\"},\"primaryImageOfPage\":{\"@id\":\"https:\/\/www.dogher.com\/fr\/pinces\/#primaryimage\"},\"image\":{\"@id\":\"https:\/\/www.dogher.com\/fr\/pinces\/#primaryimage\"},\"thumbnailUrl\":\"https:\/\/www.dogher.com\/assets\/media\/alicates01.jpg\",\"datePublished\":\"2024-02-22T09:54:05+00:00\",\"dateModified\":\"2026-04-29T16:19:17+00:00\",\"description\":\"Pinces et tenailles Dogher pour usage professionnel et industriel. Fournisseur outillage \u00e0 main avec une gamme compl\u00e8te alliant robustesse et ergonomie.\",\"breadcrumb\":{\"@id\":\"https:\/\/www.dogher.com\/fr\/pinces\/#breadcrumb\"},\"inLanguage\":\"fr-FR\",\"potentialAction\":[{\"@type\":\"ReadAction\",\"target\":[\"https:\/\/www.dogher.com\/fr\/pinces\/\"]}]},{\"@type\":\"ImageObject\",\"inLanguage\":\"fr-FR\",\"@id\":\"https:\/\/www.dogher.com\/fr\/pinces\/#primaryimage\",\"url\":\"https:\/\/www.dogher.com\/assets\/media\/alicates01.jpg\",\"contentUrl\":\"https:\/\/www.dogher.com\/assets\/media\/alicates01.jpg\"},{\"@type\":\"BreadcrumbList\",\"@id\":\"https:\/\/www.dogher.com\/fr\/pinces\/#breadcrumb\",\"itemListElement\":[{\"@type\":\"ListItem\",\"position\":1,\"name\":\"Portada\",\"item\":\"https:\/\/www.dogher.com\/fr\/\"},{\"@type\":\"ListItem\",\"position\":2,\"name\":\"Pinces\"}]},{\"@type\":\"WebSite\",\"@id\":\"https:\/\/www.dogher.com\/#website\",\"url\":\"https:\/\/www.dogher.com\/\",\"name\":\"Dogher\",\"description\":\"Herramientas de mano\",\"potentialAction\":[{\"@type\":\"SearchAction\",\"target\":{\"@type\":\"EntryPoint\",\"urlTemplate\":\"https:\/\/www.dogher.com\/?s={search_term_string}\"},\"query-input\":{\"@type\":\"PropertyValueSpecification\",\"valueRequired\":true,\"valueName\":\"search_term_string\"}}],\"inLanguage\":\"fr-FR\"}]}<\/script>\n<!-- \/ Yoast SEO plugin. -->","yoast_head_json":{"title":"Pinces - Fabricant outillage \u00e0 main professionnel","description":"Pinces et tenailles Dogher pour usage professionnel et industriel. Fournisseur outillage \u00e0 main avec une gamme compl\u00e8te alliant robustesse et ergonomie.","robots":{"index":"index","follow":"follow","max-snippet":"max-snippet:-1","max-image-preview":"max-image-preview:large","max-video-preview":"max-video-preview:-1"},"canonical":"https:\/\/www.dogher.com\/fr\/pinces\/","og_locale":"fr_FR","og_type":"article","og_title":"Pinces - Fabricant outillage \u00e0 main professionnel","og_description":"Pinces et tenailles Dogher pour usage professionnel et industriel. Fournisseur outillage \u00e0 main avec une gamme compl\u00e8te alliant robustesse et ergonomie.","og_url":"https:\/\/www.dogher.com\/fr\/pinces\/","og_site_name":"Dogher","article_modified_time":"2026-04-29T16:19:17+00:00","og_image":[{"url":"https:\/\/www.dogher.com\/assets\/media\/alicates01.jpg","type":"","width":"","height":""}],"twitter_card":"summary_large_image","twitter_misc":{"Dur\u00e9e de lecture estim\u00e9e":"2 minutes"},"schema":{"@context":"https:\/\/schema.org","@graph":[{"@type":"WebPage","@id":"https:\/\/www.dogher.com\/fr\/pinces\/","url":"https:\/\/www.dogher.com\/fr\/pinces\/","name":"Pinces - Fabricant outillage \u00e0 main professionnel","isPartOf":{"@id":"https:\/\/www.dogher.com\/#website"},"primaryImageOfPage":{"@id":"https:\/\/www.dogher.com\/fr\/pinces\/#primaryimage"},"image":{"@id":"https:\/\/www.dogher.com\/fr\/pinces\/#primaryimage"},"thumbnailUrl":"https:\/\/www.dogher.com\/assets\/media\/alicates01.jpg","datePublished":"2024-02-22T09:54:05+00:00","dateModified":"2026-04-29T16:19:17+00:00","description":"Pinces et tenailles Dogher pour usage professionnel et industriel. Fournisseur outillage \u00e0 main avec une gamme compl\u00e8te alliant robustesse et ergonomie.","breadcrumb":{"@id":"https:\/\/www.dogher.com\/fr\/pinces\/#breadcrumb"},"inLanguage":"fr-FR","potentialAction":[{"@type":"ReadAction","target":["https:\/\/www.dogher.com\/fr\/pinces\/"]}]},{"@type":"ImageObject","inLanguage":"fr-FR","@id":"https:\/\/www.dogher.com\/fr\/pinces\/#primaryimage","url":"https:\/\/www.dogher.com\/assets\/media\/alicates01.jpg","contentUrl":"https:\/\/www.dogher.com\/assets\/media\/alicates01.jpg"},{"@type":"BreadcrumbList","@id":"https:\/\/www.dogher.com\/fr\/pinces\/#breadcrumb","itemListElement":[{"@type":"ListItem","position":1,"name":"Portada","item":"https:\/\/www.dogher.com\/fr\/"},{"@type":"ListItem","position":2,"name":"Pinces"}]},{"@type":"WebSite","@id":"https:\/\/www.dogher.com\/#website","url":"https:\/\/www.dogher.com\/","name":"Dogher","description":"Herramientas de mano","potentialAction":[{"@type":"SearchAction","target":{"@type":"EntryPoint","urlTemplate":"https:\/\/www.dogher.com\/?s={search_term_string}"},"query-input":{"@type":"PropertyValueSpecification","valueRequired":true,"valueName":"search_term_string"}}],"inLanguage":"fr-FR"}]}},"_links":{"self":[{"href":"https:\/\/www.dogher.com\/fr\/wp-json\/wp\/v2\/pages\/1861","targetHints":{"allow":["GET"]}}],"collection":[{"href":"https:\/\/www.dogher.com\/fr\/wp-json\/wp\/v2\/pages"}],"about":[{"href":"https:\/\/www.dogher.com\/fr\/wp-json\/wp\/v2\/types\/page"}],"author":[{"embeddable":true,"href":"https:\/\/www.dogher.com\/fr\/wp-json\/wp\/v2\/users\/1"}],"replies":[{"embeddable":true,"href":"https:\/\/www.dogher.com\/fr\/wp-json\/wp\/v2\/comments?post=1861"}],"version-history":[{"count":6,"href":"https:\/\/www.dogher.com\/fr\/wp-json\/wp\/v2\/pages\/1861\/revisions"}],"predecessor-version":[{"id":2742,"href":"https:\/\/www.dogher.com\/fr\/wp-json\/wp\/v2\/pages\/1861\/revisions\/2742"}],"wp:attachment":[{"href":"https:\/\/www.dogher.com\/fr\/wp-json\/wp\/v2\/media?parent=1861"}],"curies":[{"name":"wp","href":"https:\/\/api.w.org\/{rel}","templated":true}]}}