 {"id":1844,"date":"2024-02-22T11:38:59","date_gmt":"2024-02-22T10:38:59","guid":{"rendered":"https:\/\/www.dogher.com\/almacenaje\/"},"modified":"2026-04-29T18:19:06","modified_gmt":"2026-04-29T16:19:06","slug":"rangement","status":"publish","type":"page","link":"https:\/\/www.dogher.com\/fr\/rangement\/","title":{"rendered":"Rangement"},"content":{"rendered":"<section class=\"flexslider altura50 nder-header\">\r\n<ul class=\"slides\">\r\n \t<li class=\"bg-dark bg-dark-30\">\r\n<div class=\"slide-background\" data-background=\"https:\/\/www.dogher.com\/assets\/media\/slide-dogher-carros.jpg\"><\/div>\r\n<div class=\"container\">\r\n<div class=\"row\">\r\n<div class=\"col-md-12 text-end\">\r\n<h2 class=\"h1 wow fadeInUp\" data-wow-delay=\"0.2s\"><strong>Rangement<\/strong><\/h2>\r\n<h2 class=\"h2 m-b-20 wow fadeInUp\" data-wow-delay=\"0.5s\">Servantes, valises, caisses \u00e0 outils et\r\ntout ce dont vous avez besoin\r\npour ranger vos outils<\/h2>\r\n<\/div>\r\n<\/div>\r\n<\/div><\/li>\r\n<\/ul>\r\n<\/section><section class=\"module\">\r\n<div class=\"container p-0\">\r\n<div class=\"row\">\r\n<div class=\"col-md-6 producto\">\r\n\r\n<img alt=\"Alicates\" data-src=\"https:\/\/www.dogher.com\/assets\/media\/meleta01.jpg\" class=\" lazyload\">\r\n<h2>Rangement\r\nGoBox, caisse \u00e0 outils \u00e9tanchey<\/h2>\r\nValise robuste, herm\u00e9tique et parfaitement \u00e9tanche gr\u00e2ce \u00e0 la bague d\u2019\u00e9tanch\u00e9it\u00e9 en n\u00e9opr\u00e8ne exclusif et \u00e0 la valve de purge (ou soupape de d\u00e9tente manuelle). Ces valises offrent une protection absolue \u00e0 vos outils. Fabriqu\u00e9es avec une r\u00e9sine l\u00e9g\u00e8re et r\u00e9sistante, elles sont dot\u00e9es de fermetures solides et d\u2019une poign\u00e9e ergonomique. Id\u00e9ales pour les environnements difficiles et pour une utilisation dans des conditions d\u00e9favorables, telles que les zones industrielles, a\u00e9ronautiques, militaires et nautiques.\r\n\r\n<\/div>\r\n<div class=\"col-md-6 producto\">\r\n\r\n<img alt=\"Alicates\" data-src=\"https:\/\/www.dogher.com\/assets\/media\/meleta02.jpg\" class=\" lazyload\">\r\n<h2>Rangement\r\nCaisse \u00e0 outils AluBOX<\/h2>\r\nValise en aluminium l\u00e9g\u00e8re et tr\u00e8s r\u00e9sistante avec des protections m\u00e9talliques aux coins. Double fermeture \u00e0 cl\u00e9 et poign\u00e9e bi-mati\u00e8re. Caoutchoucs d\u2019appui sur les deux faces afin de pouvoir placer la valise sur toutes les surfaces sans les ab\u00eemer. L\u2019int\u00e9rieur est compos\u00e9 d\u2019un compartiment mobile et d\u2019un autre fixe dans la partie sup\u00e9rieure apte pour placer des outils. Le compartiment mobile, uni \u00e0 la valise par l\u2019interm\u00e9jourire de trois charni\u00e8res r\u00e9sistantes peut \u00eatre plac\u00e9 sur deux positions gr\u00e2ce \u00e0 une sangle fix\u00e9e \u00e0 la partie sup\u00e9rieure.\r\n\r\n<\/div>\r\n<\/div>\r\n<div class=\"row module-gray\">\r\n<div class=\"col-md-6 m-auto text-center p-t-20\">\r\n\r\n<a class=\"btn btn-circle btn-lg btn-brand\" href=\"https:\/\/www.dogher.com\/assets\/media\/DOGHER_2023_Almacenaje_FR.pdf\"><i class=\"fa fa-download\"><\/i> T\u00c9L\u00c9CHARGER CATALOGUE<\/a>\r\n\r\n<\/div>\r\n<\/div>\r\n<\/div>\r\n<\/section>","protected":false},"excerpt":{"rendered":"<p>Rangement Servantes, valises, caisses \u00e0 outils et tout ce dont vous avez besoin pour ranger vos outils Rangement GoBox, caisse \u00e0 outils \u00e9tanchey Valise robuste, herm\u00e9tique et parfaitement \u00e9tanche gr\u00e2ce \u00e0 la bague d\u2019\u00e9tanch\u00e9it\u00e9 en n\u00e9opr\u00e8ne exclusif et \u00e0 la valve de purge (ou soupape de d\u00e9tente manuelle). Ces valises offrent une protection absolue \u00e0 [&hellip;]<\/p>\n","protected":false},"author":1,"featured_media":0,"parent":0,"menu_order":0,"comment_status":"closed","ping_status":"closed","template":"templates\/page-no-hero.php","meta":{"_acf_changed":false,"footnotes":""},"class_list":["post-1844","page","type-page","status-publish","hentry"],"acf":[],"yoast_head":"<!-- This site is optimized with the Yoast SEO plugin v27.1.1 - https:\/\/yoast.com\/product\/yoast-seo-wordpress\/ -->\n<title>Rangement Dogher - Fabricant outillage \u00e0 main<\/title>\n<meta name=\"description\" content=\"Solutions de rangement Dogher pour outillage \u00e0 main. Servantes, valises et caisses \u00e0 outils pour optimiser l&#039;espace de travail en atelier professionnel.\" \/>\n<meta name=\"robots\" content=\"index, follow, max-snippet:-1, max-image-preview:large, max-video-preview:-1\" \/>\n<link rel=\"canonical\" href=\"https:\/\/www.dogher.com\/fr\/rangement\/\" \/>\n<meta property=\"og:locale\" content=\"fr_FR\" \/>\n<meta property=\"og:type\" content=\"article\" \/>\n<meta property=\"og:title\" content=\"Rangement Dogher - Fabricant outillage \u00e0 main\" \/>\n<meta property=\"og:description\" content=\"Solutions de rangement Dogher pour outillage \u00e0 main. Servantes, valises et caisses \u00e0 outils pour optimiser l&#039;espace de travail en atelier professionnel.\" \/>\n<meta property=\"og:url\" content=\"https:\/\/www.dogher.com\/fr\/rangement\/\" \/>\n<meta property=\"og:site_name\" content=\"Dogher\" \/>\n<meta property=\"article:modified_time\" content=\"2026-04-29T16:19:06+00:00\" \/>\n<meta property=\"og:image\" content=\"https:\/\/www.dogher.com\/assets\/media\/meleta01.jpg\" \/>\n<meta name=\"twitter:card\" content=\"summary_large_image\" \/>\n<meta name=\"twitter:label1\" content=\"Dur\u00e9e de lecture estim\u00e9e\" \/>\n\t<meta name=\"twitter:data1\" content=\"2 minutes\" \/>\n<script type=\"application\/ld+json\" class=\"yoast-schema-graph\">{\"@context\":\"https:\/\/schema.org\",\"@graph\":[{\"@type\":\"WebPage\",\"@id\":\"https:\/\/www.dogher.com\/fr\/rangement\/\",\"url\":\"https:\/\/www.dogher.com\/fr\/rangement\/\",\"name\":\"Rangement Dogher - Fabricant outillage \u00e0 main\",\"isPartOf\":{\"@id\":\"https:\/\/www.dogher.com\/#website\"},\"primaryImageOfPage\":{\"@id\":\"https:\/\/www.dogher.com\/fr\/rangement\/#primaryimage\"},\"image\":{\"@id\":\"https:\/\/www.dogher.com\/fr\/rangement\/#primaryimage\"},\"thumbnailUrl\":\"https:\/\/www.dogher.com\/assets\/media\/meleta01.jpg\",\"datePublished\":\"2024-02-22T10:38:59+00:00\",\"dateModified\":\"2026-04-29T16:19:06+00:00\",\"description\":\"Solutions de rangement Dogher pour outillage \u00e0 main. Servantes, valises et caisses \u00e0 outils pour optimiser l'espace de travail en atelier professionnel.\",\"breadcrumb\":{\"@id\":\"https:\/\/www.dogher.com\/fr\/rangement\/#breadcrumb\"},\"inLanguage\":\"fr-FR\",\"potentialAction\":[{\"@type\":\"ReadAction\",\"target\":[\"https:\/\/www.dogher.com\/fr\/rangement\/\"]}]},{\"@type\":\"ImageObject\",\"inLanguage\":\"fr-FR\",\"@id\":\"https:\/\/www.dogher.com\/fr\/rangement\/#primaryimage\",\"url\":\"https:\/\/www.dogher.com\/assets\/media\/meleta01.jpg\",\"contentUrl\":\"https:\/\/www.dogher.com\/assets\/media\/meleta01.jpg\"},{\"@type\":\"BreadcrumbList\",\"@id\":\"https:\/\/www.dogher.com\/fr\/rangement\/#breadcrumb\",\"itemListElement\":[{\"@type\":\"ListItem\",\"position\":1,\"name\":\"Portada\",\"item\":\"https:\/\/www.dogher.com\/fr\/\"},{\"@type\":\"ListItem\",\"position\":2,\"name\":\"Rangement\"}]},{\"@type\":\"WebSite\",\"@id\":\"https:\/\/www.dogher.com\/#website\",\"url\":\"https:\/\/www.dogher.com\/\",\"name\":\"Dogher\",\"description\":\"Herramientas de mano\",\"potentialAction\":[{\"@type\":\"SearchAction\",\"target\":{\"@type\":\"EntryPoint\",\"urlTemplate\":\"https:\/\/www.dogher.com\/?s={search_term_string}\"},\"query-input\":{\"@type\":\"PropertyValueSpecification\",\"valueRequired\":true,\"valueName\":\"search_term_string\"}}],\"inLanguage\":\"fr-FR\"}]}<\/script>\n<!-- \/ Yoast SEO plugin. -->","yoast_head_json":{"title":"Rangement Dogher - Fabricant outillage \u00e0 main","description":"Solutions de rangement Dogher pour outillage \u00e0 main. Servantes, valises et caisses \u00e0 outils pour optimiser l'espace de travail en atelier professionnel.","robots":{"index":"index","follow":"follow","max-snippet":"max-snippet:-1","max-image-preview":"max-image-preview:large","max-video-preview":"max-video-preview:-1"},"canonical":"https:\/\/www.dogher.com\/fr\/rangement\/","og_locale":"fr_FR","og_type":"article","og_title":"Rangement Dogher - Fabricant outillage \u00e0 main","og_description":"Solutions de rangement Dogher pour outillage \u00e0 main. Servantes, valises et caisses \u00e0 outils pour optimiser l'espace de travail en atelier professionnel.","og_url":"https:\/\/www.dogher.com\/fr\/rangement\/","og_site_name":"Dogher","article_modified_time":"2026-04-29T16:19:06+00:00","og_image":[{"url":"https:\/\/www.dogher.com\/assets\/media\/meleta01.jpg","type":"","width":"","height":""}],"twitter_card":"summary_large_image","twitter_misc":{"Dur\u00e9e de lecture estim\u00e9e":"2 minutes"},"schema":{"@context":"https:\/\/schema.org","@graph":[{"@type":"WebPage","@id":"https:\/\/www.dogher.com\/fr\/rangement\/","url":"https:\/\/www.dogher.com\/fr\/rangement\/","name":"Rangement Dogher - Fabricant outillage \u00e0 main","isPartOf":{"@id":"https:\/\/www.dogher.com\/#website"},"primaryImageOfPage":{"@id":"https:\/\/www.dogher.com\/fr\/rangement\/#primaryimage"},"image":{"@id":"https:\/\/www.dogher.com\/fr\/rangement\/#primaryimage"},"thumbnailUrl":"https:\/\/www.dogher.com\/assets\/media\/meleta01.jpg","datePublished":"2024-02-22T10:38:59+00:00","dateModified":"2026-04-29T16:19:06+00:00","description":"Solutions de rangement Dogher pour outillage \u00e0 main. Servantes, valises et caisses \u00e0 outils pour optimiser l'espace de travail en atelier professionnel.","breadcrumb":{"@id":"https:\/\/www.dogher.com\/fr\/rangement\/#breadcrumb"},"inLanguage":"fr-FR","potentialAction":[{"@type":"ReadAction","target":["https:\/\/www.dogher.com\/fr\/rangement\/"]}]},{"@type":"ImageObject","inLanguage":"fr-FR","@id":"https:\/\/www.dogher.com\/fr\/rangement\/#primaryimage","url":"https:\/\/www.dogher.com\/assets\/media\/meleta01.jpg","contentUrl":"https:\/\/www.dogher.com\/assets\/media\/meleta01.jpg"},{"@type":"BreadcrumbList","@id":"https:\/\/www.dogher.com\/fr\/rangement\/#breadcrumb","itemListElement":[{"@type":"ListItem","position":1,"name":"Portada","item":"https:\/\/www.dogher.com\/fr\/"},{"@type":"ListItem","position":2,"name":"Rangement"}]},{"@type":"WebSite","@id":"https:\/\/www.dogher.com\/#website","url":"https:\/\/www.dogher.com\/","name":"Dogher","description":"Herramientas de mano","potentialAction":[{"@type":"SearchAction","target":{"@type":"EntryPoint","urlTemplate":"https:\/\/www.dogher.com\/?s={search_term_string}"},"query-input":{"@type":"PropertyValueSpecification","valueRequired":true,"valueName":"search_term_string"}}],"inLanguage":"fr-FR"}]}},"_links":{"self":[{"href":"https:\/\/www.dogher.com\/fr\/wp-json\/wp\/v2\/pages\/1844","targetHints":{"allow":["GET"]}}],"collection":[{"href":"https:\/\/www.dogher.com\/fr\/wp-json\/wp\/v2\/pages"}],"about":[{"href":"https:\/\/www.dogher.com\/fr\/wp-json\/wp\/v2\/types\/page"}],"author":[{"embeddable":true,"href":"https:\/\/www.dogher.com\/fr\/wp-json\/wp\/v2\/users\/1"}],"replies":[{"embeddable":true,"href":"https:\/\/www.dogher.com\/fr\/wp-json\/wp\/v2\/comments?post=1844"}],"version-history":[{"count":5,"href":"https:\/\/www.dogher.com\/fr\/wp-json\/wp\/v2\/pages\/1844\/revisions"}],"predecessor-version":[{"id":2913,"href":"https:\/\/www.dogher.com\/fr\/wp-json\/wp\/v2\/pages\/1844\/revisions\/2913"}],"wp:attachment":[{"href":"https:\/\/www.dogher.com\/fr\/wp-json\/wp\/v2\/media?parent=1844"}],"curies":[{"name":"wp","href":"https:\/\/api.w.org\/{rel}","templated":true}]}}