 {"id":1827,"date":"2024-02-22T10:57:52","date_gmt":"2024-02-22T09:57:52","guid":{"rendered":"https:\/\/www.dogher.com\/llaves\/"},"modified":"2026-04-29T18:18:49","modified_gmt":"2026-04-29T16:18:49","slug":"cles","status":"publish","type":"page","link":"https:\/\/www.dogher.com\/fr\/cles\/","title":{"rendered":"Cl\u00e9s"},"content":{"rendered":"<section class=\"flexslider altura50 under-header\">\r\n<ul class=\"slides\">\r\n \t<li class=\"bg-dark bg-dark-30\">\r\n<div class=\"slide-background\" data-background=\"https:\/\/www.dogher.com\/assets\/media\/slide-dogher-llaves.jpg\"><\/div>\r\n<div class=\"container\">\r\n<div class=\"row\">\r\n<div class=\"col-md-12 text-end\">\r\n<h2 class=\"h1 wow fadeInUp\" data-wow-delay=\"0.2s\"><strong>Cl\u00e9s<\/strong><\/h2>\r\n<h2 class=\"h2 m-b-20 wow fadeInUp\" data-wow-delay=\"0.5s\">D\u00e9couvrez notre section d\u00e9di\u00e9e de cl\u00e9s<\/h2>\r\n<\/div>\r\n<\/div>\r\n<\/div><\/li>\r\n<\/ul>\r\n<\/section><section class=\"module\">\r\n<div class=\"container p-0\">\r\n<div class=\"row\">\r\n<div class=\"col-md-6 producto\">\r\n\r\n<img alt=\"Alicates\" data-src=\"https:\/\/www.dogher.com\/assets\/media\/llaves01.jpg\" class=\" lazyload\">\r\n<h2>Cl\u00e9s Fixes\r\nCl\u00e9 \u00e0 Fourches<\/h2>\r\nLes cl\u00e9s DOGHER sont forg\u00e9es en chrome vanadium, tremp\u00e9es par chauffage continu et refroidies en bain d\u2019huile. Ce processus donne \u00e0 l\u2019outil une grande duret\u00e9 et t\u00e9nacit\u00e9. Le corps entier est poli, maximisant la r\u00e9sistance \u00e0 l\u2019oxydation.\r\n\r\n<\/div>\r\n<div class=\"col-md-6 producto\">\r\n\r\n<img alt=\"Alicates\" data-src=\"https:\/\/www.dogher.com\/assets\/media\/llaves02.jpg\" class=\" lazyload\">\r\n<h2>Cl\u00e9s Fixes\r\nCl\u00e9s Mixtes<\/h2>\r\n<ul>\r\n \t<li>R\u00e9partition optimale des efforts<\/li>\r\n \t<li>Serrage rapide<\/li>\r\n \t<li>Rendement maximum sans usure<\/li>\r\n \t<li>R\u00e9duction de l\u2019usure sur les boulons et vis<\/li>\r\n \t<li>Vie utile de la cl\u00e9 plus importante<\/li>\r\n \t<li>Surface de contact maximale<\/li>\r\n \t<li>Distribution homog\u00e8ne de l\u2019effort<\/li>\r\n<\/ul>\r\n<\/div>\r\n<\/div>\r\n<div class=\"row\">\r\n<div class=\"col-md-6 producto\">\r\n\r\n<img alt=\"Alicates\" data-src=\"https:\/\/www.dogher.com\/assets\/media\/llaves03.jpg\" class=\" lazyload\">\r\n<h2>Cl\u00e9s Fixes\r\nIsol\u00e9es<\/h2>\r\nCl\u00e9s isol\u00e9es VDE selon la norme DIN IEC 60900 test\u00e9es \u00e0 10000VCA et certifi\u00e9es pour 1000VCA.\r\n\r\n<\/div>\r\n<\/div>\r\n<div class=\"row module-gray\">\r\n<div class=\"col-md-6 m-auto text-center p-t-20\">\r\n\r\n<a class=\"btn btn-circle btn-lg btn-brand\" href=\"https:\/\/www.dogher.com\/assets\/media\/DOGHER_2023_Llaves_FR.pdf\"><i class=\"fa fa-download\"><\/i> T\u00c9L\u00c9CHARGER CATALOGUE<\/a>\r\n\r\n<\/div>\r\n<\/div>\r\n<\/div>\r\n<\/section>","protected":false},"excerpt":{"rendered":"<p>Cl\u00e9s D\u00e9couvrez notre section d\u00e9di\u00e9e de cl\u00e9s Cl\u00e9s Fixes Cl\u00e9 \u00e0 Fourches Les cl\u00e9s DOGHER sont forg\u00e9es en chrome vanadium, tremp\u00e9es par chauffage continu et refroidies en bain d\u2019huile. Ce processus donne \u00e0 l\u2019outil une grande duret\u00e9 et t\u00e9nacit\u00e9. Le corps entier est poli, maximisant la r\u00e9sistance \u00e0 l\u2019oxydation. Cl\u00e9s Fixes Cl\u00e9s Mixtes R\u00e9partition optimale [&hellip;]<\/p>\n","protected":false},"author":1,"featured_media":0,"parent":0,"menu_order":0,"comment_status":"closed","ping_status":"closed","template":"templates\/page-no-hero.php","meta":{"_acf_changed":false,"footnotes":""},"class_list":["post-1827","page","type-page","status-publish","hentry"],"acf":[],"yoast_head":"<!-- This site is optimized with the Yoast SEO plugin v27.1.1 - https:\/\/yoast.com\/product\/yoast-seo-wordpress\/ -->\n<title>Cl\u00e9s Dogher - Fabricant outillage \u00e0 main professionnel<\/title>\n<meta name=\"description\" content=\"Cl\u00e9s fixes, mixtes et isol\u00e9es de Dogher, fabricant outillage \u00e0 main de qualit\u00e9 industrielle. Catalogue complet pour les professionnels les plus exigeants.\" \/>\n<meta name=\"robots\" content=\"index, follow, max-snippet:-1, max-image-preview:large, max-video-preview:-1\" \/>\n<link rel=\"canonical\" href=\"https:\/\/www.dogher.com\/fr\/cles\/\" \/>\n<meta property=\"og:locale\" content=\"fr_FR\" \/>\n<meta property=\"og:type\" content=\"article\" \/>\n<meta property=\"og:title\" content=\"Cl\u00e9s Dogher - Fabricant outillage \u00e0 main professionnel\" \/>\n<meta property=\"og:description\" content=\"Cl\u00e9s fixes, mixtes et isol\u00e9es de Dogher, fabricant outillage \u00e0 main de qualit\u00e9 industrielle. Catalogue complet pour les professionnels les plus exigeants.\" \/>\n<meta property=\"og:url\" content=\"https:\/\/www.dogher.com\/fr\/cles\/\" \/>\n<meta property=\"og:site_name\" content=\"Dogher\" \/>\n<meta property=\"article:modified_time\" content=\"2026-04-29T16:18:49+00:00\" \/>\n<meta property=\"og:image\" content=\"https:\/\/www.dogher.com\/assets\/media\/llaves01.jpg\" \/>\n<meta name=\"twitter:card\" content=\"summary_large_image\" \/>\n<meta name=\"twitter:label1\" content=\"Dur\u00e9e de lecture estim\u00e9e\" \/>\n\t<meta name=\"twitter:data1\" content=\"2 minutes\" \/>\n<script type=\"application\/ld+json\" class=\"yoast-schema-graph\">{\"@context\":\"https:\/\/schema.org\",\"@graph\":[{\"@type\":\"WebPage\",\"@id\":\"https:\/\/www.dogher.com\/fr\/cles\/\",\"url\":\"https:\/\/www.dogher.com\/fr\/cles\/\",\"name\":\"Cl\u00e9s Dogher - Fabricant outillage \u00e0 main professionnel\",\"isPartOf\":{\"@id\":\"https:\/\/www.dogher.com\/#website\"},\"primaryImageOfPage\":{\"@id\":\"https:\/\/www.dogher.com\/fr\/cles\/#primaryimage\"},\"image\":{\"@id\":\"https:\/\/www.dogher.com\/fr\/cles\/#primaryimage\"},\"thumbnailUrl\":\"https:\/\/www.dogher.com\/assets\/media\/llaves01.jpg\",\"datePublished\":\"2024-02-22T09:57:52+00:00\",\"dateModified\":\"2026-04-29T16:18:49+00:00\",\"description\":\"Cl\u00e9s fixes, mixtes et isol\u00e9es de Dogher, fabricant outillage \u00e0 main de qualit\u00e9 industrielle. Catalogue complet pour les professionnels les plus exigeants.\",\"breadcrumb\":{\"@id\":\"https:\/\/www.dogher.com\/fr\/cles\/#breadcrumb\"},\"inLanguage\":\"fr-FR\",\"potentialAction\":[{\"@type\":\"ReadAction\",\"target\":[\"https:\/\/www.dogher.com\/fr\/cles\/\"]}]},{\"@type\":\"ImageObject\",\"inLanguage\":\"fr-FR\",\"@id\":\"https:\/\/www.dogher.com\/fr\/cles\/#primaryimage\",\"url\":\"https:\/\/www.dogher.com\/assets\/media\/llaves01.jpg\",\"contentUrl\":\"https:\/\/www.dogher.com\/assets\/media\/llaves01.jpg\"},{\"@type\":\"BreadcrumbList\",\"@id\":\"https:\/\/www.dogher.com\/fr\/cles\/#breadcrumb\",\"itemListElement\":[{\"@type\":\"ListItem\",\"position\":1,\"name\":\"Portada\",\"item\":\"https:\/\/www.dogher.com\/fr\/\"},{\"@type\":\"ListItem\",\"position\":2,\"name\":\"Cl\u00e9s\"}]},{\"@type\":\"WebSite\",\"@id\":\"https:\/\/www.dogher.com\/#website\",\"url\":\"https:\/\/www.dogher.com\/\",\"name\":\"Dogher\",\"description\":\"Herramientas de mano\",\"potentialAction\":[{\"@type\":\"SearchAction\",\"target\":{\"@type\":\"EntryPoint\",\"urlTemplate\":\"https:\/\/www.dogher.com\/?s={search_term_string}\"},\"query-input\":{\"@type\":\"PropertyValueSpecification\",\"valueRequired\":true,\"valueName\":\"search_term_string\"}}],\"inLanguage\":\"fr-FR\"}]}<\/script>\n<!-- \/ Yoast SEO plugin. -->","yoast_head_json":{"title":"Cl\u00e9s Dogher - Fabricant outillage \u00e0 main professionnel","description":"Cl\u00e9s fixes, mixtes et isol\u00e9es de Dogher, fabricant outillage \u00e0 main de qualit\u00e9 industrielle. Catalogue complet pour les professionnels les plus exigeants.","robots":{"index":"index","follow":"follow","max-snippet":"max-snippet:-1","max-image-preview":"max-image-preview:large","max-video-preview":"max-video-preview:-1"},"canonical":"https:\/\/www.dogher.com\/fr\/cles\/","og_locale":"fr_FR","og_type":"article","og_title":"Cl\u00e9s Dogher - Fabricant outillage \u00e0 main professionnel","og_description":"Cl\u00e9s fixes, mixtes et isol\u00e9es de Dogher, fabricant outillage \u00e0 main de qualit\u00e9 industrielle. Catalogue complet pour les professionnels les plus exigeants.","og_url":"https:\/\/www.dogher.com\/fr\/cles\/","og_site_name":"Dogher","article_modified_time":"2026-04-29T16:18:49+00:00","og_image":[{"url":"https:\/\/www.dogher.com\/assets\/media\/llaves01.jpg","type":"","width":"","height":""}],"twitter_card":"summary_large_image","twitter_misc":{"Dur\u00e9e de lecture estim\u00e9e":"2 minutes"},"schema":{"@context":"https:\/\/schema.org","@graph":[{"@type":"WebPage","@id":"https:\/\/www.dogher.com\/fr\/cles\/","url":"https:\/\/www.dogher.com\/fr\/cles\/","name":"Cl\u00e9s Dogher - Fabricant outillage \u00e0 main professionnel","isPartOf":{"@id":"https:\/\/www.dogher.com\/#website"},"primaryImageOfPage":{"@id":"https:\/\/www.dogher.com\/fr\/cles\/#primaryimage"},"image":{"@id":"https:\/\/www.dogher.com\/fr\/cles\/#primaryimage"},"thumbnailUrl":"https:\/\/www.dogher.com\/assets\/media\/llaves01.jpg","datePublished":"2024-02-22T09:57:52+00:00","dateModified":"2026-04-29T16:18:49+00:00","description":"Cl\u00e9s fixes, mixtes et isol\u00e9es de Dogher, fabricant outillage \u00e0 main de qualit\u00e9 industrielle. Catalogue complet pour les professionnels les plus exigeants.","breadcrumb":{"@id":"https:\/\/www.dogher.com\/fr\/cles\/#breadcrumb"},"inLanguage":"fr-FR","potentialAction":[{"@type":"ReadAction","target":["https:\/\/www.dogher.com\/fr\/cles\/"]}]},{"@type":"ImageObject","inLanguage":"fr-FR","@id":"https:\/\/www.dogher.com\/fr\/cles\/#primaryimage","url":"https:\/\/www.dogher.com\/assets\/media\/llaves01.jpg","contentUrl":"https:\/\/www.dogher.com\/assets\/media\/llaves01.jpg"},{"@type":"BreadcrumbList","@id":"https:\/\/www.dogher.com\/fr\/cles\/#breadcrumb","itemListElement":[{"@type":"ListItem","position":1,"name":"Portada","item":"https:\/\/www.dogher.com\/fr\/"},{"@type":"ListItem","position":2,"name":"Cl\u00e9s"}]},{"@type":"WebSite","@id":"https:\/\/www.dogher.com\/#website","url":"https:\/\/www.dogher.com\/","name":"Dogher","description":"Herramientas de mano","potentialAction":[{"@type":"SearchAction","target":{"@type":"EntryPoint","urlTemplate":"https:\/\/www.dogher.com\/?s={search_term_string}"},"query-input":{"@type":"PropertyValueSpecification","valueRequired":true,"valueName":"search_term_string"}}],"inLanguage":"fr-FR"}]}},"_links":{"self":[{"href":"https:\/\/www.dogher.com\/fr\/wp-json\/wp\/v2\/pages\/1827","targetHints":{"allow":["GET"]}}],"collection":[{"href":"https:\/\/www.dogher.com\/fr\/wp-json\/wp\/v2\/pages"}],"about":[{"href":"https:\/\/www.dogher.com\/fr\/wp-json\/wp\/v2\/types\/page"}],"author":[{"embeddable":true,"href":"https:\/\/www.dogher.com\/fr\/wp-json\/wp\/v2\/users\/1"}],"replies":[{"embeddable":true,"href":"https:\/\/www.dogher.com\/fr\/wp-json\/wp\/v2\/comments?post=1827"}],"version-history":[{"count":4,"href":"https:\/\/www.dogher.com\/fr\/wp-json\/wp\/v2\/pages\/1827\/revisions"}],"predecessor-version":[{"id":2911,"href":"https:\/\/www.dogher.com\/fr\/wp-json\/wp\/v2\/pages\/1827\/revisions\/2911"}],"wp:attachment":[{"href":"https:\/\/www.dogher.com\/fr\/wp-json\/wp\/v2\/media?parent=1827"}],"curies":[{"name":"wp","href":"https:\/\/api.w.org\/{rel}","templated":true}]}}