 {"id":1811,"date":"2024-02-22T10:30:40","date_gmt":"2024-02-22T09:30:40","guid":{"rendered":"https:\/\/www.dogher.com\/destornilladores\/"},"modified":"2026-04-29T18:18:40","modified_gmt":"2026-04-29T16:18:40","slug":"tournevis","status":"publish","type":"page","link":"https:\/\/www.dogher.com\/fr\/tournevis\/","title":{"rendered":"Tournevis"},"content":{"rendered":"<section class=\"flexslider altura50 under-header\">\r\n<ul class=\"slides\">\r\n \t<li class=\"bg-dark bg-dark-30\">\r\n<div class=\"slide-background\" data-background=\"https:\/\/www.dogher.com\/assets\/media\/slide-dogher-destornilladores.jpg\"><\/div>\r\n<div class=\"container\">\r\n<div class=\"row\">\r\n<div class=\"col-md-12 text-end\">\r\n<h2 class=\"h1 wow fadeInUp\" data-wow-delay=\"0.2s\"><strong>Tournevis<\/strong><\/h2>\r\n<h2 class=\"h2 m-b-20 wow fadeInUp\" data-wow-delay=\"0.5s\">D\u00e9couvrez notre famille de tournevis<\/h2>\r\n<\/div>\r\n<\/div>\r\n<\/div><\/li>\r\n<\/ul>\r\n<\/section><section class=\"module\">\r\n<div class=\"container p-0\">\r\n<div class=\"row\">\r\n<div class=\"col-md-6 producto\">\r\n\r\n<img alt=\"Destornillador\" data-src=\"https:\/\/www.dogher.com\/assets\/media\/destornillador01.jpg\" class=\" lazyload\">\r\n<h2>S\u00e9rie\r\nIndustrielle Plus<\/h2>\r\nLa s\u00e9rie Industrielle Plus est sp\u00e9cialement con\u00e7ue pour les travaux les plus exigeants. La poign\u00e9e compos\u00e9e d\u2019un \u00e9lastom\u00e8re thermo-plastique antid\u00e9rapant permet de transf\u00e9rer le couple de serrage maximum sur la vis. La lame hexagonale, compos\u00e9e de silicium supporte des couples de serrage \u00e9lev\u00e9s.\r\n\r\n<\/div>\r\n<div class=\"col-md-6 producto\">\r\n\r\n<img alt=\"Destornillador\" data-src=\"https:\/\/www.dogher.com\/assets\/media\/destornillador02.jpg\" class=\" lazyload\">\r\n<h2>S\u00e9rie\r\nIndustrielle<\/h2>\r\nLes tournevis S\u00e9rie industrielle Dogher Tools sont compos\u00e9s de:\r\n<ul>\r\n \t<li>Manche Bi-mati\u00e8re: \u00e9lastom\u00e8re anti-d\u00e9rapant dans 70% du corps.<\/li>\r\n \t<li>Lame CrMo: haute r\u00e9sistance \u00e0 un usage professionnel avec des embouts prot\u00e9g\u00e9s contre une \u00e9ventuelle oxydation.<\/li>\r\n \t<li>Prise 6 pans d\u2019entra\u00eenement : permet gr\u00e2ce \u00e0 une cl\u00e9 d\u2019augmenter le couple de rotation.<\/li>\r\n<\/ul>\r\n<\/div>\r\n<\/div>\r\n<div class=\"row\">\r\n<div class=\"col-md-6 producto\">\r\n\r\n<img alt=\"Destornillador\" data-src=\"https:\/\/www.dogher.com\/assets\/media\/destornillador03.jpg\" class=\" lazyload\">\r\n<h2>S\u00e9rie\r\nProfessionnelle<\/h2>\r\nLes tournevis S\u00e9rie Professionnelle Dogher Tools sont compos\u00e9s de:\r\n<ul>\r\n \t<li>Manche Bi-mati\u00e8re: \u00e9lastom\u00e8re anti-d\u00e9rapant dans 70% du corps.<\/li>\r\n \t<li>Lame CrMo: haute r\u00e9sistance \u00e0 un usage professionnel avec des embouts prot\u00e9g\u00e9s contre une \u00e9ventuelle oxydation.<\/li>\r\n<\/ul>\r\n<\/div>\r\n<div class=\"col-md-6 producto\">\r\n\r\n<img alt=\"Destornillador\" data-src=\"https:\/\/www.dogher.com\/assets\/media\/destornillador04.jpg\" class=\" lazyload\">\r\n<h2>S\u00e9rie\r\nProfessionnelle de Pr\u00e9cision<\/h2>\r\nTournevis de pr\u00e9cision compos\u00e9 d\u2019une poign\u00e9e bi-mati\u00e8re agr\u00e9able au toucher et d\u2019une lame haute performance fabriqu\u00e9e en CrMo. Le bouchon rotatif facilite le travail de haute pr\u00e9cision.\r\n\r\n<\/div>\r\n<\/div>\r\n<div class=\"row module-gray\">\r\n<div class=\"col-md-6 m-auto text-center p-t-20\">\r\n\r\n<a class=\"btn btn-circle btn-lg btn-brand\" href=\"https:\/\/www.dogher.com\/assets\/media\/DOGHER_2023_Destornilladores_FR.pdf\"><i class=\"fa fa-download\"><\/i> T\u00c9L\u00c9CHARGER CATALOGUE<\/a>\r\n\r\n<\/div>\r\n<\/div>\r\n<\/div>\r\n<\/section>","protected":false},"excerpt":{"rendered":"<p>Tournevis D\u00e9couvrez notre famille de tournevis S\u00e9rie Industrielle Plus La s\u00e9rie Industrielle Plus est sp\u00e9cialement con\u00e7ue pour les travaux les plus exigeants. La poign\u00e9e compos\u00e9e d\u2019un \u00e9lastom\u00e8re thermo-plastique antid\u00e9rapant permet de transf\u00e9rer le couple de serrage maximum sur la vis. La lame hexagonale, compos\u00e9e de silicium supporte des couples de serrage \u00e9lev\u00e9s. S\u00e9rie Industrielle Les [&hellip;]<\/p>\n","protected":false},"author":1,"featured_media":0,"parent":0,"menu_order":0,"comment_status":"closed","ping_status":"closed","template":"templates\/page-no-hero.php","meta":{"_acf_changed":false,"footnotes":""},"class_list":["post-1811","page","type-page","status-publish","hentry"],"acf":[],"yoast_head":"<!-- This site is optimized with the Yoast SEO plugin v27.1.1 - https:\/\/yoast.com\/product\/yoast-seo-wordpress\/ -->\n<title>Tournevis Dogher - Fabricant outillage \u00e0 main<\/title>\n<meta name=\"description\" content=\"Tournevis Dogher, fournisseur outillage \u00e0 main professionnel. Large gamme pour usage industriel alliant ergonomie, r\u00e9sistance et pr\u00e9cision de travail.\" \/>\n<meta name=\"robots\" content=\"index, follow, max-snippet:-1, max-image-preview:large, max-video-preview:-1\" \/>\n<link rel=\"canonical\" href=\"https:\/\/www.dogher.com\/fr\/tournevis\/\" \/>\n<meta property=\"og:locale\" content=\"fr_FR\" \/>\n<meta property=\"og:type\" content=\"article\" \/>\n<meta property=\"og:title\" content=\"Tournevis Dogher - Fabricant outillage \u00e0 main\" \/>\n<meta property=\"og:description\" content=\"Tournevis Dogher, fournisseur outillage \u00e0 main professionnel. Large gamme pour usage industriel alliant ergonomie, r\u00e9sistance et pr\u00e9cision de travail.\" \/>\n<meta property=\"og:url\" content=\"https:\/\/www.dogher.com\/fr\/tournevis\/\" \/>\n<meta property=\"og:site_name\" content=\"Dogher\" \/>\n<meta property=\"article:modified_time\" content=\"2026-04-29T16:18:40+00:00\" \/>\n<meta property=\"og:image\" content=\"https:\/\/www.dogher.com\/assets\/media\/destornillador01.jpg\" \/>\n<meta name=\"twitter:card\" content=\"summary_large_image\" \/>\n<meta name=\"twitter:label1\" content=\"Dur\u00e9e de lecture estim\u00e9e\" \/>\n\t<meta name=\"twitter:data1\" content=\"2 minutes\" \/>\n<script type=\"application\/ld+json\" class=\"yoast-schema-graph\">{\"@context\":\"https:\/\/schema.org\",\"@graph\":[{\"@type\":\"WebPage\",\"@id\":\"https:\/\/www.dogher.com\/fr\/tournevis\/\",\"url\":\"https:\/\/www.dogher.com\/fr\/tournevis\/\",\"name\":\"Tournevis Dogher - Fabricant outillage \u00e0 main\",\"isPartOf\":{\"@id\":\"https:\/\/www.dogher.com\/#website\"},\"primaryImageOfPage\":{\"@id\":\"https:\/\/www.dogher.com\/fr\/tournevis\/#primaryimage\"},\"image\":{\"@id\":\"https:\/\/www.dogher.com\/fr\/tournevis\/#primaryimage\"},\"thumbnailUrl\":\"https:\/\/www.dogher.com\/assets\/media\/destornillador01.jpg\",\"datePublished\":\"2024-02-22T09:30:40+00:00\",\"dateModified\":\"2026-04-29T16:18:40+00:00\",\"description\":\"Tournevis Dogher, fournisseur outillage \u00e0 main professionnel. Large gamme pour usage industriel alliant ergonomie, r\u00e9sistance et pr\u00e9cision de travail.\",\"breadcrumb\":{\"@id\":\"https:\/\/www.dogher.com\/fr\/tournevis\/#breadcrumb\"},\"inLanguage\":\"fr-FR\",\"potentialAction\":[{\"@type\":\"ReadAction\",\"target\":[\"https:\/\/www.dogher.com\/fr\/tournevis\/\"]}]},{\"@type\":\"ImageObject\",\"inLanguage\":\"fr-FR\",\"@id\":\"https:\/\/www.dogher.com\/fr\/tournevis\/#primaryimage\",\"url\":\"https:\/\/www.dogher.com\/assets\/media\/destornillador01.jpg\",\"contentUrl\":\"https:\/\/www.dogher.com\/assets\/media\/destornillador01.jpg\"},{\"@type\":\"BreadcrumbList\",\"@id\":\"https:\/\/www.dogher.com\/fr\/tournevis\/#breadcrumb\",\"itemListElement\":[{\"@type\":\"ListItem\",\"position\":1,\"name\":\"Portada\",\"item\":\"https:\/\/www.dogher.com\/fr\/\"},{\"@type\":\"ListItem\",\"position\":2,\"name\":\"Tournevis\"}]},{\"@type\":\"WebSite\",\"@id\":\"https:\/\/www.dogher.com\/#website\",\"url\":\"https:\/\/www.dogher.com\/\",\"name\":\"Dogher\",\"description\":\"Herramientas de mano\",\"potentialAction\":[{\"@type\":\"SearchAction\",\"target\":{\"@type\":\"EntryPoint\",\"urlTemplate\":\"https:\/\/www.dogher.com\/?s={search_term_string}\"},\"query-input\":{\"@type\":\"PropertyValueSpecification\",\"valueRequired\":true,\"valueName\":\"search_term_string\"}}],\"inLanguage\":\"fr-FR\"}]}<\/script>\n<!-- \/ Yoast SEO plugin. -->","yoast_head_json":{"title":"Tournevis Dogher - Fabricant outillage \u00e0 main","description":"Tournevis Dogher, fournisseur outillage \u00e0 main professionnel. Large gamme pour usage industriel alliant ergonomie, r\u00e9sistance et pr\u00e9cision de travail.","robots":{"index":"index","follow":"follow","max-snippet":"max-snippet:-1","max-image-preview":"max-image-preview:large","max-video-preview":"max-video-preview:-1"},"canonical":"https:\/\/www.dogher.com\/fr\/tournevis\/","og_locale":"fr_FR","og_type":"article","og_title":"Tournevis Dogher - Fabricant outillage \u00e0 main","og_description":"Tournevis Dogher, fournisseur outillage \u00e0 main professionnel. Large gamme pour usage industriel alliant ergonomie, r\u00e9sistance et pr\u00e9cision de travail.","og_url":"https:\/\/www.dogher.com\/fr\/tournevis\/","og_site_name":"Dogher","article_modified_time":"2026-04-29T16:18:40+00:00","og_image":[{"url":"https:\/\/www.dogher.com\/assets\/media\/destornillador01.jpg","type":"","width":"","height":""}],"twitter_card":"summary_large_image","twitter_misc":{"Dur\u00e9e de lecture estim\u00e9e":"2 minutes"},"schema":{"@context":"https:\/\/schema.org","@graph":[{"@type":"WebPage","@id":"https:\/\/www.dogher.com\/fr\/tournevis\/","url":"https:\/\/www.dogher.com\/fr\/tournevis\/","name":"Tournevis Dogher - Fabricant outillage \u00e0 main","isPartOf":{"@id":"https:\/\/www.dogher.com\/#website"},"primaryImageOfPage":{"@id":"https:\/\/www.dogher.com\/fr\/tournevis\/#primaryimage"},"image":{"@id":"https:\/\/www.dogher.com\/fr\/tournevis\/#primaryimage"},"thumbnailUrl":"https:\/\/www.dogher.com\/assets\/media\/destornillador01.jpg","datePublished":"2024-02-22T09:30:40+00:00","dateModified":"2026-04-29T16:18:40+00:00","description":"Tournevis Dogher, fournisseur outillage \u00e0 main professionnel. Large gamme pour usage industriel alliant ergonomie, r\u00e9sistance et pr\u00e9cision de travail.","breadcrumb":{"@id":"https:\/\/www.dogher.com\/fr\/tournevis\/#breadcrumb"},"inLanguage":"fr-FR","potentialAction":[{"@type":"ReadAction","target":["https:\/\/www.dogher.com\/fr\/tournevis\/"]}]},{"@type":"ImageObject","inLanguage":"fr-FR","@id":"https:\/\/www.dogher.com\/fr\/tournevis\/#primaryimage","url":"https:\/\/www.dogher.com\/assets\/media\/destornillador01.jpg","contentUrl":"https:\/\/www.dogher.com\/assets\/media\/destornillador01.jpg"},{"@type":"BreadcrumbList","@id":"https:\/\/www.dogher.com\/fr\/tournevis\/#breadcrumb","itemListElement":[{"@type":"ListItem","position":1,"name":"Portada","item":"https:\/\/www.dogher.com\/fr\/"},{"@type":"ListItem","position":2,"name":"Tournevis"}]},{"@type":"WebSite","@id":"https:\/\/www.dogher.com\/#website","url":"https:\/\/www.dogher.com\/","name":"Dogher","description":"Herramientas de mano","potentialAction":[{"@type":"SearchAction","target":{"@type":"EntryPoint","urlTemplate":"https:\/\/www.dogher.com\/?s={search_term_string}"},"query-input":{"@type":"PropertyValueSpecification","valueRequired":true,"valueName":"search_term_string"}}],"inLanguage":"fr-FR"}]}},"_links":{"self":[{"href":"https:\/\/www.dogher.com\/fr\/wp-json\/wp\/v2\/pages\/1811","targetHints":{"allow":["GET"]}}],"collection":[{"href":"https:\/\/www.dogher.com\/fr\/wp-json\/wp\/v2\/pages"}],"about":[{"href":"https:\/\/www.dogher.com\/fr\/wp-json\/wp\/v2\/types\/page"}],"author":[{"embeddable":true,"href":"https:\/\/www.dogher.com\/fr\/wp-json\/wp\/v2\/users\/1"}],"replies":[{"embeddable":true,"href":"https:\/\/www.dogher.com\/fr\/wp-json\/wp\/v2\/comments?post=1811"}],"version-history":[{"count":4,"href":"https:\/\/www.dogher.com\/fr\/wp-json\/wp\/v2\/pages\/1811\/revisions"}],"predecessor-version":[{"id":2910,"href":"https:\/\/www.dogher.com\/fr\/wp-json\/wp\/v2\/pages\/1811\/revisions\/2910"}],"wp:attachment":[{"href":"https:\/\/www.dogher.com\/fr\/wp-json\/wp\/v2\/media?parent=1811"}],"curies":[{"name":"wp","href":"https:\/\/api.w.org\/{rel}","templated":true}]}}