 {"id":1793,"date":"2024-01-30T10:01:58","date_gmt":"2024-01-30T09:01:58","guid":{"rendered":"https:\/\/www.dogher.com\/calidad-y-servicio\/"},"modified":"2026-04-29T18:12:06","modified_gmt":"2026-04-29T16:12:06","slug":"qualite-et-service","status":"publish","type":"page","link":"https:\/\/www.dogher.com\/fr\/qualite-et-service\/","title":{"rendered":"Qualit\u00e9 et Service"},"content":{"rendered":"<section class=\"flexslider altura50 under-header\">\r\n<ul class=\"slides\">\r\n \t<li class=\"bg-dark bg-dark-30\">\r\n<div class=\"slide-background\" data-background=\"https:\/\/www.dogher.com\/assets\/media\/slide-calidad-1920.jpg\"><\/div>\r\n<div class=\"container\">\r\n<div class=\"row\">\r\n<div class=\"col-md-12 text-end\">\r\n<h2 class=\"h1 wow fadeInUp\" data-wow-delay=\"0.2s\"><strong>Service Premium<\/strong><\/h2>\r\n<h2 class=\"h2 m-b-20 wow fadeInUp\" data-wow-delay=\"0.5s\">99,9% des lignes de commandes\r\nsont livr\u00e9es dans la journ\u00e9e.<\/h2>\r\n<\/div>\r\n<\/div>\r\n<\/div><\/li>\r\n<\/ul>\r\n<\/section><section class=\"module\">\r\n<div class=\"container\">\r\n<div class=\"row\">\r\n<div class=\"col-md-12\">\r\n<h2>Service Client<\/h2>\r\nLe service client\u00e8le et le service d\u2019assistance technique sont disponibles de 8h00 \u00e0 19h00.\r\n\r\n<\/div>\r\n<div class=\"col-md-6\">\r\n\r\n<img alt=\"Servicio de Atenci\u00f3n al Cliente\" data-src=\"https:\/\/www.dogher.com\/assets\/media\/att-cliente1.jpg\" class=\" lazyload\">\r\n\r\n<\/div>\r\n<div class=\"col-md-6\">\r\n\r\n<img alt=\"Servicio de Atenci\u00f3n al Cliente\" data-src=\"https:\/\/www.dogher.com\/assets\/media\/att-cliente2.jpg\" class=\" lazyload\">\r\n\r\n<\/div>\r\n<\/div>\r\n<div class=\"row\">\r\n<div class=\"col-md-12 p-t-50\">\r\n<h2>D\u00e9partement Technique et de Production<\/h2>\r\nLe contr\u00f4le exhaustif des processus de production et les proc\u00e9dures rigoureuses de contr\u00f4le de qualit\u00e9 nous permettent de produire des outils aux performances optimales pour chaque application.\r\n\r\n<\/div>\r\n<div class=\"col-md-6\">\r\n\r\n<img alt=\"Departamento T\u00e9cnico y de Producci\u00f3n\" data-src=\"https:\/\/www.dogher.com\/assets\/media\/calidad1.jpg\" class=\" lazyload\">\r\n\r\n<\/div>\r\n<div class=\"col-md-6\">\r\n\r\n<img alt=\"Departamento T\u00e9cnico y de Producci\u00f3n\" data-src=\"https:\/\/www.dogher.com\/assets\/media\/calidad2.jpg\" class=\" lazyload\">\r\n\r\n<\/div>\r\n<\/div>\r\n<div class=\"row\">\r\n<div class=\"col-md-12 p-t-50\">\r\n<h2>Qualit\u00e9, Innovation et D\u00e9veloppement<\/h2>\r\nHaute technologie et processus innovants pour produire des outils performants de la plus haute qualit\u00e9.\r\n\r\n<\/div>\r\n<div class=\"col-md-6\">\r\n\r\n<img alt=\"Calidad, Innovaci\u00f3n y Desarrollo\" data-src=\"https:\/\/www.dogher.com\/assets\/media\/calidad3.jpg\" class=\" lazyload\">\r\n\r\n<\/div>\r\n<div class=\"col-md-6\">\r\n\r\n<img alt=\"Calidad, Innovaci\u00f3n y Desarrollo\" data-src=\"https:\/\/www.dogher.com\/assets\/media\/calidad4.jpg\" class=\" lazyload\">\r\n\r\n<\/div>\r\n<\/div>\r\n<\/div>\r\n<\/section>","protected":false},"excerpt":{"rendered":"<p>Service Premium 99,9% des lignes de commandes sont livr\u00e9es dans la journ\u00e9e. Service Client Le service client\u00e8le et le service d\u2019assistance technique sont disponibles de 8h00 \u00e0 19h00. D\u00e9partement Technique et de Production Le contr\u00f4le exhaustif des processus de production et les proc\u00e9dures rigoureuses de contr\u00f4le de qualit\u00e9 nous permettent de produire des outils aux [&hellip;]<\/p>\n","protected":false},"author":1,"featured_media":0,"parent":0,"menu_order":0,"comment_status":"closed","ping_status":"closed","template":"templates\/page-no-hero.php","meta":{"_acf_changed":false,"footnotes":""},"class_list":["post-1793","page","type-page","status-publish","hentry"],"acf":[],"yoast_head":"<!-- This site is optimized with the Yoast SEO plugin v27.1.1 - https:\/\/yoast.com\/product\/yoast-seo-wordpress\/ -->\n<title>Qualite outillage \u00e0 main - Fournisseur outillage professionnel<\/title>\n<meta name=\"description\" content=\"Dogher garantit qualit\u00e9 et service continu pour son outillage \u00e0 main. Technologies avanc\u00e9es pour r\u00e9pondre aux exigences industrielles les plus strictes.\" \/>\n<meta name=\"robots\" content=\"index, follow, max-snippet:-1, max-image-preview:large, max-video-preview:-1\" \/>\n<link rel=\"canonical\" href=\"https:\/\/www.dogher.com\/fr\/qualite-et-service\/\" \/>\n<meta property=\"og:locale\" content=\"fr_FR\" \/>\n<meta property=\"og:type\" content=\"article\" \/>\n<meta property=\"og:title\" content=\"Qualite outillage \u00e0 main - Fournisseur outillage professionnel\" \/>\n<meta property=\"og:description\" content=\"Dogher garantit qualit\u00e9 et service continu pour son outillage \u00e0 main. Technologies avanc\u00e9es pour r\u00e9pondre aux exigences industrielles les plus strictes.\" \/>\n<meta property=\"og:url\" content=\"https:\/\/www.dogher.com\/fr\/qualite-et-service\/\" \/>\n<meta property=\"og:site_name\" content=\"Dogher\" \/>\n<meta property=\"article:modified_time\" content=\"2026-04-29T16:12:06+00:00\" \/>\n<meta property=\"og:image\" content=\"https:\/\/www.dogher.com\/assets\/media\/att-cliente1.jpg\" \/>\n<meta name=\"twitter:card\" content=\"summary_large_image\" \/>\n<meta name=\"twitter:label1\" content=\"Dur\u00e9e de lecture estim\u00e9e\" \/>\n\t<meta name=\"twitter:data1\" content=\"2 minutes\" \/>\n<script type=\"application\/ld+json\" class=\"yoast-schema-graph\">{\"@context\":\"https:\/\/schema.org\",\"@graph\":[{\"@type\":\"WebPage\",\"@id\":\"https:\/\/www.dogher.com\/fr\/qualite-et-service\/\",\"url\":\"https:\/\/www.dogher.com\/fr\/qualite-et-service\/\",\"name\":\"Qualite outillage \u00e0 main - Fournisseur outillage professionnel\",\"isPartOf\":{\"@id\":\"https:\/\/www.dogher.com\/#website\"},\"primaryImageOfPage\":{\"@id\":\"https:\/\/www.dogher.com\/fr\/qualite-et-service\/#primaryimage\"},\"image\":{\"@id\":\"https:\/\/www.dogher.com\/fr\/qualite-et-service\/#primaryimage\"},\"thumbnailUrl\":\"https:\/\/www.dogher.com\/assets\/media\/att-cliente1.jpg\",\"datePublished\":\"2024-01-30T09:01:58+00:00\",\"dateModified\":\"2026-04-29T16:12:06+00:00\",\"description\":\"Dogher garantit qualit\u00e9 et service continu pour son outillage \u00e0 main. Technologies avanc\u00e9es pour r\u00e9pondre aux exigences industrielles les plus strictes.\",\"breadcrumb\":{\"@id\":\"https:\/\/www.dogher.com\/fr\/qualite-et-service\/#breadcrumb\"},\"inLanguage\":\"fr-FR\",\"potentialAction\":[{\"@type\":\"ReadAction\",\"target\":[\"https:\/\/www.dogher.com\/fr\/qualite-et-service\/\"]}]},{\"@type\":\"ImageObject\",\"inLanguage\":\"fr-FR\",\"@id\":\"https:\/\/www.dogher.com\/fr\/qualite-et-service\/#primaryimage\",\"url\":\"https:\/\/www.dogher.com\/assets\/media\/att-cliente1.jpg\",\"contentUrl\":\"https:\/\/www.dogher.com\/assets\/media\/att-cliente1.jpg\"},{\"@type\":\"BreadcrumbList\",\"@id\":\"https:\/\/www.dogher.com\/fr\/qualite-et-service\/#breadcrumb\",\"itemListElement\":[{\"@type\":\"ListItem\",\"position\":1,\"name\":\"Portada\",\"item\":\"https:\/\/www.dogher.com\/fr\/\"},{\"@type\":\"ListItem\",\"position\":2,\"name\":\"Qualit\u00e9 et Service\"}]},{\"@type\":\"WebSite\",\"@id\":\"https:\/\/www.dogher.com\/#website\",\"url\":\"https:\/\/www.dogher.com\/\",\"name\":\"Dogher\",\"description\":\"Herramientas de mano\",\"potentialAction\":[{\"@type\":\"SearchAction\",\"target\":{\"@type\":\"EntryPoint\",\"urlTemplate\":\"https:\/\/www.dogher.com\/?s={search_term_string}\"},\"query-input\":{\"@type\":\"PropertyValueSpecification\",\"valueRequired\":true,\"valueName\":\"search_term_string\"}}],\"inLanguage\":\"fr-FR\"}]}<\/script>\n<!-- \/ Yoast SEO plugin. -->","yoast_head_json":{"title":"Qualite outillage \u00e0 main - Fournisseur outillage professionnel","description":"Dogher garantit qualit\u00e9 et service continu pour son outillage \u00e0 main. Technologies avanc\u00e9es pour r\u00e9pondre aux exigences industrielles les plus strictes.","robots":{"index":"index","follow":"follow","max-snippet":"max-snippet:-1","max-image-preview":"max-image-preview:large","max-video-preview":"max-video-preview:-1"},"canonical":"https:\/\/www.dogher.com\/fr\/qualite-et-service\/","og_locale":"fr_FR","og_type":"article","og_title":"Qualite outillage \u00e0 main - Fournisseur outillage professionnel","og_description":"Dogher garantit qualit\u00e9 et service continu pour son outillage \u00e0 main. Technologies avanc\u00e9es pour r\u00e9pondre aux exigences industrielles les plus strictes.","og_url":"https:\/\/www.dogher.com\/fr\/qualite-et-service\/","og_site_name":"Dogher","article_modified_time":"2026-04-29T16:12:06+00:00","og_image":[{"url":"https:\/\/www.dogher.com\/assets\/media\/att-cliente1.jpg","type":"","width":"","height":""}],"twitter_card":"summary_large_image","twitter_misc":{"Dur\u00e9e de lecture estim\u00e9e":"2 minutes"},"schema":{"@context":"https:\/\/schema.org","@graph":[{"@type":"WebPage","@id":"https:\/\/www.dogher.com\/fr\/qualite-et-service\/","url":"https:\/\/www.dogher.com\/fr\/qualite-et-service\/","name":"Qualite outillage \u00e0 main - Fournisseur outillage professionnel","isPartOf":{"@id":"https:\/\/www.dogher.com\/#website"},"primaryImageOfPage":{"@id":"https:\/\/www.dogher.com\/fr\/qualite-et-service\/#primaryimage"},"image":{"@id":"https:\/\/www.dogher.com\/fr\/qualite-et-service\/#primaryimage"},"thumbnailUrl":"https:\/\/www.dogher.com\/assets\/media\/att-cliente1.jpg","datePublished":"2024-01-30T09:01:58+00:00","dateModified":"2026-04-29T16:12:06+00:00","description":"Dogher garantit qualit\u00e9 et service continu pour son outillage \u00e0 main. Technologies avanc\u00e9es pour r\u00e9pondre aux exigences industrielles les plus strictes.","breadcrumb":{"@id":"https:\/\/www.dogher.com\/fr\/qualite-et-service\/#breadcrumb"},"inLanguage":"fr-FR","potentialAction":[{"@type":"ReadAction","target":["https:\/\/www.dogher.com\/fr\/qualite-et-service\/"]}]},{"@type":"ImageObject","inLanguage":"fr-FR","@id":"https:\/\/www.dogher.com\/fr\/qualite-et-service\/#primaryimage","url":"https:\/\/www.dogher.com\/assets\/media\/att-cliente1.jpg","contentUrl":"https:\/\/www.dogher.com\/assets\/media\/att-cliente1.jpg"},{"@type":"BreadcrumbList","@id":"https:\/\/www.dogher.com\/fr\/qualite-et-service\/#breadcrumb","itemListElement":[{"@type":"ListItem","position":1,"name":"Portada","item":"https:\/\/www.dogher.com\/fr\/"},{"@type":"ListItem","position":2,"name":"Qualit\u00e9 et Service"}]},{"@type":"WebSite","@id":"https:\/\/www.dogher.com\/#website","url":"https:\/\/www.dogher.com\/","name":"Dogher","description":"Herramientas de mano","potentialAction":[{"@type":"SearchAction","target":{"@type":"EntryPoint","urlTemplate":"https:\/\/www.dogher.com\/?s={search_term_string}"},"query-input":{"@type":"PropertyValueSpecification","valueRequired":true,"valueName":"search_term_string"}}],"inLanguage":"fr-FR"}]}},"_links":{"self":[{"href":"https:\/\/www.dogher.com\/fr\/wp-json\/wp\/v2\/pages\/1793","targetHints":{"allow":["GET"]}}],"collection":[{"href":"https:\/\/www.dogher.com\/fr\/wp-json\/wp\/v2\/pages"}],"about":[{"href":"https:\/\/www.dogher.com\/fr\/wp-json\/wp\/v2\/types\/page"}],"author":[{"embeddable":true,"href":"https:\/\/www.dogher.com\/fr\/wp-json\/wp\/v2\/users\/1"}],"replies":[{"embeddable":true,"href":"https:\/\/www.dogher.com\/fr\/wp-json\/wp\/v2\/comments?post=1793"}],"version-history":[{"count":6,"href":"https:\/\/www.dogher.com\/fr\/wp-json\/wp\/v2\/pages\/1793\/revisions"}],"predecessor-version":[{"id":2912,"href":"https:\/\/www.dogher.com\/fr\/wp-json\/wp\/v2\/pages\/1793\/revisions\/2912"}],"wp:attachment":[{"href":"https:\/\/www.dogher.com\/fr\/wp-json\/wp\/v2\/media?parent=1793"}],"curies":[{"name":"wp","href":"https:\/\/api.w.org\/{rel}","templated":true}]}}