 {"id":1776,"date":"2024-01-30T10:01:37","date_gmt":"2024-01-30T09:01:37","guid":{"rendered":"https:\/\/www.dogher.com\/azienda\/"},"modified":"2026-01-21T11:52:02","modified_gmt":"2026-01-21T10:52:02","slug":"entreprise","status":"publish","type":"page","link":"https:\/\/www.dogher.com\/fr\/entreprise\/","title":{"rendered":"Entreprise"},"content":{"rendered":"<section class=\"flexslider altura50 under-header\">\r\n<ul class=\"slides\">\r\n \t<li class=\"bg-dark bg-dark-30\">\r\n<div class=\"slide-background\" data-background=\"https:\/\/www.dogher.com\/assets\/media\/cabecera2_1920.jpg\"><\/div>\r\n<div class=\"container\">\r\n<div class=\"row\">\r\n<div class=\"col-md-12 text-end\">\r\n<h2 class=\"h1 wow fadeInUp\" data-wow-delay=\"0.2s\"><\/h2>\r\n<\/div>\r\n<\/div>\r\n<\/div><\/li>\r\n<\/ul>\r\n<\/section><section class=\"module page-contacto__module\">\r\n<div class=\"container\">\r\n<h1>L\u2019entreprise<\/h1>\r\n<h2>Outillage \u00e0 Main Industriel<\/h2>\r\n<p class=\"text-justify\"><strong>DOGHER TOOLS, S.A.<\/strong> est l\u2019option la plus comp\u00e9titive sur le march\u00e9 de l\u2019Outillage \u00e0 Main Industriel, offrant \u00e0 ses clients des outils de la plus haute qualit\u00e9, dans la vaste gamme de r\u00e9f\u00e9rences qui composent chacune des familles pr\u00e9sent\u00e9es dans le Nouveau Catalogue, toujours avec la garantie fournie par une entreprise proche et orient\u00e9e vers les clients professionnels recherchant des outils de haute qualit\u00e9 et d\u2019un service Premium qui, en d\u00e9finitive, est une garantie de comp\u00e9titivit\u00e9 sur un march\u00e9 en constante \u00e9volution.<\/p>\r\n\r\n<h2>Des Outils de Meilleure Qualit\u00e9<\/h2>\r\n<p class=\"text-justify\">Notre d\u00e9partement d\u2019Innovation et D\u00e9veloppement, en collaboration avec le bureau technique et de production, con\u00e7oit des outils de la plus haute qualit\u00e9 pour chaque type d\u2019industrie, en s\u00e9lectionnant les mat\u00e9riaux optimaux pour chacun des processus de fabrication. Tout ce travail, associ\u00e9 \u00e0 l\u2019utilisation des technologies de production les plus avanc\u00e9es, nous permet d\u2019offrir les outils les plus innovants aux professionnels les plus exigeants.<\/p>\r\n<p class=\"text-justify\">Agilit\u00e9, flexibilit\u00e9 et dynamisme sont les qualit\u00e9s qui caract\u00e9risent DOGHER TOOLS, offrant \u00e0 ses clients les plus hauts niveaux de qualit\u00e9 et de service.<\/p>\r\n\r\n<\/div>\r\n<\/section>","protected":false},"excerpt":{"rendered":"<p>L\u2019entreprise Outillage \u00e0 Main Industriel DOGHER TOOLS, S.A. est l\u2019option la plus comp\u00e9titive sur le march\u00e9 de l\u2019Outillage \u00e0 Main Industriel, offrant \u00e0 ses clients des outils de la plus haute qualit\u00e9, dans la vaste gamme de r\u00e9f\u00e9rences qui composent chacune des familles pr\u00e9sent\u00e9es dans le Nouveau Catalogue, toujours avec la garantie fournie par une [&hellip;]<\/p>\n","protected":false},"author":1,"featured_media":611,"parent":0,"menu_order":0,"comment_status":"closed","ping_status":"closed","template":"templates\/page-no-hero.php","meta":{"_acf_changed":false,"footnotes":""},"class_list":["post-1776","page","type-page","status-publish","has-post-thumbnail","hentry"],"acf":[],"yoast_head":"<!-- This site is optimized with the Yoast SEO plugin v27.1.1 - https:\/\/yoast.com\/product\/yoast-seo-wordpress\/ -->\n<title>Outillage \u00e0 main - Fournisseur outillage<\/title>\n<meta name=\"description\" content=\"Fabricant outillage \u00e0 main Dogher. Fournisseur outillage professionnel. Dogher repr\u00e9sente l&#039;option la plus comp\u00e9titive de l&#039;outillage \u00e0 main.\" \/>\n<meta name=\"robots\" content=\"index, follow, max-snippet:-1, max-image-preview:large, max-video-preview:-1\" \/>\n<link rel=\"canonical\" href=\"https:\/\/www.dogher.com\/fr\/entreprise\/\" \/>\n<meta property=\"og:locale\" content=\"fr_FR\" \/>\n<meta property=\"og:type\" content=\"article\" \/>\n<meta property=\"og:title\" content=\"Outillage \u00e0 main - Fournisseur outillage\" \/>\n<meta property=\"og:description\" content=\"Fabricant outillage \u00e0 main Dogher. Fournisseur outillage professionnel. Dogher repr\u00e9sente l&#039;option la plus comp\u00e9titive de l&#039;outillage \u00e0 main.\" \/>\n<meta property=\"og:url\" content=\"https:\/\/www.dogher.com\/fr\/entreprise\/\" \/>\n<meta property=\"og:site_name\" content=\"Dogher\" \/>\n<meta property=\"article:modified_time\" content=\"2026-01-21T10:52:02+00:00\" \/>\n<meta property=\"og:image\" content=\"https:\/\/www.dogher.com\/assets\/media\/cabecera-01.jpg\" \/>\n\t<meta property=\"og:image:width\" content=\"1800\" \/>\n\t<meta property=\"og:image:height\" content=\"650\" \/>\n\t<meta property=\"og:image:type\" content=\"image\/jpeg\" \/>\n<meta name=\"twitter:card\" content=\"summary_large_image\" \/>\n<meta name=\"twitter:label1\" content=\"Dur\u00e9e de lecture estim\u00e9e\" \/>\n\t<meta name=\"twitter:data1\" content=\"2 minutes\" \/>\n<script type=\"application\/ld+json\" class=\"yoast-schema-graph\">{\"@context\":\"https:\/\/schema.org\",\"@graph\":[{\"@type\":\"WebPage\",\"@id\":\"https:\/\/www.dogher.com\/fr\/entreprise\/\",\"url\":\"https:\/\/www.dogher.com\/fr\/entreprise\/\",\"name\":\"Outillage \u00e0 main - Fournisseur outillage\",\"isPartOf\":{\"@id\":\"https:\/\/www.dogher.com\/#website\"},\"primaryImageOfPage\":{\"@id\":\"https:\/\/www.dogher.com\/fr\/entreprise\/#primaryimage\"},\"image\":{\"@id\":\"https:\/\/www.dogher.com\/fr\/entreprise\/#primaryimage\"},\"thumbnailUrl\":\"https:\/\/www.dogher.com\/assets\/media\/cabecera-01.jpg\",\"datePublished\":\"2024-01-30T09:01:37+00:00\",\"dateModified\":\"2026-01-21T10:52:02+00:00\",\"description\":\"Fabricant outillage \u00e0 main Dogher. Fournisseur outillage professionnel. Dogher repr\u00e9sente l'option la plus comp\u00e9titive de l'outillage \u00e0 main.\",\"breadcrumb\":{\"@id\":\"https:\/\/www.dogher.com\/fr\/entreprise\/#breadcrumb\"},\"inLanguage\":\"fr-FR\",\"potentialAction\":[{\"@type\":\"ReadAction\",\"target\":[\"https:\/\/www.dogher.com\/fr\/entreprise\/\"]}]},{\"@type\":\"ImageObject\",\"inLanguage\":\"fr-FR\",\"@id\":\"https:\/\/www.dogher.com\/fr\/entreprise\/#primaryimage\",\"url\":\"https:\/\/www.dogher.com\/assets\/media\/cabecera-01.jpg\",\"contentUrl\":\"https:\/\/www.dogher.com\/assets\/media\/cabecera-01.jpg\",\"width\":1800,\"height\":650,\"caption\":\"Fabricante Herramientas Manuales\"},{\"@type\":\"BreadcrumbList\",\"@id\":\"https:\/\/www.dogher.com\/fr\/entreprise\/#breadcrumb\",\"itemListElement\":[{\"@type\":\"ListItem\",\"position\":1,\"name\":\"Portada\",\"item\":\"https:\/\/www.dogher.com\/fr\/\"},{\"@type\":\"ListItem\",\"position\":2,\"name\":\"Entreprise\"}]},{\"@type\":\"WebSite\",\"@id\":\"https:\/\/www.dogher.com\/#website\",\"url\":\"https:\/\/www.dogher.com\/\",\"name\":\"Dogher\",\"description\":\"Herramientas de mano\",\"potentialAction\":[{\"@type\":\"SearchAction\",\"target\":{\"@type\":\"EntryPoint\",\"urlTemplate\":\"https:\/\/www.dogher.com\/?s={search_term_string}\"},\"query-input\":{\"@type\":\"PropertyValueSpecification\",\"valueRequired\":true,\"valueName\":\"search_term_string\"}}],\"inLanguage\":\"fr-FR\"}]}<\/script>\n<!-- \/ Yoast SEO plugin. -->","yoast_head_json":{"title":"Outillage \u00e0 main - Fournisseur outillage","description":"Fabricant outillage \u00e0 main Dogher. Fournisseur outillage professionnel. Dogher repr\u00e9sente l'option la plus comp\u00e9titive de l'outillage \u00e0 main.","robots":{"index":"index","follow":"follow","max-snippet":"max-snippet:-1","max-image-preview":"max-image-preview:large","max-video-preview":"max-video-preview:-1"},"canonical":"https:\/\/www.dogher.com\/fr\/entreprise\/","og_locale":"fr_FR","og_type":"article","og_title":"Outillage \u00e0 main - Fournisseur outillage","og_description":"Fabricant outillage \u00e0 main Dogher. Fournisseur outillage professionnel. Dogher repr\u00e9sente l'option la plus comp\u00e9titive de l'outillage \u00e0 main.","og_url":"https:\/\/www.dogher.com\/fr\/entreprise\/","og_site_name":"Dogher","article_modified_time":"2026-01-21T10:52:02+00:00","og_image":[{"width":1800,"height":650,"url":"https:\/\/www.dogher.com\/assets\/media\/cabecera-01.jpg","type":"image\/jpeg"}],"twitter_card":"summary_large_image","twitter_misc":{"Dur\u00e9e de lecture estim\u00e9e":"2 minutes"},"schema":{"@context":"https:\/\/schema.org","@graph":[{"@type":"WebPage","@id":"https:\/\/www.dogher.com\/fr\/entreprise\/","url":"https:\/\/www.dogher.com\/fr\/entreprise\/","name":"Outillage \u00e0 main - Fournisseur outillage","isPartOf":{"@id":"https:\/\/www.dogher.com\/#website"},"primaryImageOfPage":{"@id":"https:\/\/www.dogher.com\/fr\/entreprise\/#primaryimage"},"image":{"@id":"https:\/\/www.dogher.com\/fr\/entreprise\/#primaryimage"},"thumbnailUrl":"https:\/\/www.dogher.com\/assets\/media\/cabecera-01.jpg","datePublished":"2024-01-30T09:01:37+00:00","dateModified":"2026-01-21T10:52:02+00:00","description":"Fabricant outillage \u00e0 main Dogher. Fournisseur outillage professionnel. Dogher repr\u00e9sente l'option la plus comp\u00e9titive de l'outillage \u00e0 main.","breadcrumb":{"@id":"https:\/\/www.dogher.com\/fr\/entreprise\/#breadcrumb"},"inLanguage":"fr-FR","potentialAction":[{"@type":"ReadAction","target":["https:\/\/www.dogher.com\/fr\/entreprise\/"]}]},{"@type":"ImageObject","inLanguage":"fr-FR","@id":"https:\/\/www.dogher.com\/fr\/entreprise\/#primaryimage","url":"https:\/\/www.dogher.com\/assets\/media\/cabecera-01.jpg","contentUrl":"https:\/\/www.dogher.com\/assets\/media\/cabecera-01.jpg","width":1800,"height":650,"caption":"Fabricante Herramientas Manuales"},{"@type":"BreadcrumbList","@id":"https:\/\/www.dogher.com\/fr\/entreprise\/#breadcrumb","itemListElement":[{"@type":"ListItem","position":1,"name":"Portada","item":"https:\/\/www.dogher.com\/fr\/"},{"@type":"ListItem","position":2,"name":"Entreprise"}]},{"@type":"WebSite","@id":"https:\/\/www.dogher.com\/#website","url":"https:\/\/www.dogher.com\/","name":"Dogher","description":"Herramientas de mano","potentialAction":[{"@type":"SearchAction","target":{"@type":"EntryPoint","urlTemplate":"https:\/\/www.dogher.com\/?s={search_term_string}"},"query-input":{"@type":"PropertyValueSpecification","valueRequired":true,"valueName":"search_term_string"}}],"inLanguage":"fr-FR"}]}},"_links":{"self":[{"href":"https:\/\/www.dogher.com\/fr\/wp-json\/wp\/v2\/pages\/1776","targetHints":{"allow":["GET"]}}],"collection":[{"href":"https:\/\/www.dogher.com\/fr\/wp-json\/wp\/v2\/pages"}],"about":[{"href":"https:\/\/www.dogher.com\/fr\/wp-json\/wp\/v2\/types\/page"}],"author":[{"embeddable":true,"href":"https:\/\/www.dogher.com\/fr\/wp-json\/wp\/v2\/users\/1"}],"replies":[{"embeddable":true,"href":"https:\/\/www.dogher.com\/fr\/wp-json\/wp\/v2\/comments?post=1776"}],"version-history":[{"count":6,"href":"https:\/\/www.dogher.com\/fr\/wp-json\/wp\/v2\/pages\/1776\/revisions"}],"predecessor-version":[{"id":4453,"href":"https:\/\/www.dogher.com\/fr\/wp-json\/wp\/v2\/pages\/1776\/revisions\/4453"}],"wp:featuredmedia":[{"embeddable":true,"href":"https:\/\/www.dogher.com\/fr\/wp-json\/wp\/v2\/media\/611"}],"wp:attachment":[{"href":"https:\/\/www.dogher.com\/fr\/wp-json\/wp\/v2\/media?parent=1776"}],"curies":[{"name":"wp","href":"https:\/\/api.w.org\/{rel}","templated":true}]}}